{"id":10138,"date":"2022-08-26T18:18:09","date_gmt":"2022-08-26T16:18:09","guid":{"rendered":"https:\/\/www.msjilove.cz\/?page_id=10138"},"modified":"2022-11-28T20:13:33","modified_gmt":"2022-11-28T19:13:33","slug":"skolni-program","status":"publish","type":"page","link":"https:\/\/msjilove.cz\/?page_id=10138","title":{"rendered":"\u0160koln\u00ed program"},"content":{"rendered":"\t\t<div data-elementor-type=\"wp-page\" data-elementor-id=\"10138\" class=\"elementor elementor-10138\">\n\t\t\t\t\t\t\t        <section class=\"elementor-section elementor-top-section elementor-element elementor-element-703c00d8 elementor-section-stretched elementor-section-boxed elementor-section-height-default elementor-section-height-default\" data-id=\"703c00d8\" data-element_type=\"section\" data-settings=\"{&quot;stretch_section&quot;:&quot;section-stretched&quot;}\">\n            \n                        <div class=\"elementor-container elementor-column-gap-default \">\n                    <div class=\"elementor-column elementor-col-100 elementor-top-column elementor-element elementor-element-53fb597\" data-id=\"53fb597\" data-element_type=\"column\">\n            <div class=\"elementor-widget-wrap elementor-element-populated\">\n                        \t\t<div class=\"elementor-element elementor-element-1157e9a8 primary-color elementor-widget elementor-widget-cms_heading\" data-id=\"1157e9a8\" data-element_type=\"widget\" data-widget_type=\"cms_heading.default\">\n\t\t\t\t<div class=\"elementor-widget-container\">\n\t\t\t<div class=\"cms-heading-wrapper cms-heading-layout1 \">\r\n    \r\n            <h3 class=\"custom-heading\">\r\n            <span                 >\r\n                M\u0160 Pod \u0160kolkou a M\u0160 Tyr\u0161ova<\/span>\r\n        <\/h3>\r\n        \r\n    <\/div>\t\t<\/div>\n\t\t\t\t<\/div>\n\t\t\t\t<div class=\"elementor-element elementor-element-242045d elementor-widget elementor-widget-cms_heading\" data-id=\"242045d\" data-element_type=\"widget\" data-widget_type=\"cms_heading.default\">\n\t\t\t\t<div class=\"elementor-widget-container\">\n\t\t\t<div class=\"cms-heading-wrapper cms-heading-layout1 \">\r\n    \r\n            <h3 class=\"custom-heading\">\r\n            <span                 >\r\n                \u0160koln\u00ed program<\/span>\r\n        <\/h3>\r\n        \r\n            <div class=\"custom-heading-description\">\r\n            Link pro p\u0159ihl\u00e1\u0161en\u00ed , n\u00e1vod k registraci do \u0161koln\u00edho programu        <\/div>\r\n    <\/div>\t\t<\/div>\n\t\t\t\t<\/div>\n\t\t\t\t<div class=\"elementor-element elementor-element-7a0290f0 elementor-widget elementor-widget-cms_image_single\" data-id=\"7a0290f0\" data-element_type=\"widget\" data-widget_type=\"cms_image_single.default\">\n\t\t\t\t<div class=\"elementor-widget-container\">\n\t\t\t<div class=\"cms-image-single animation-none wow flash\">\r\n            <div class=\"cms-img-box\">\r\n                            <img decoding=\"async\" width=\"99\" height=\"23\" src=\"https:\/\/msjilove.cz\/wp-content\/uploads\/2020\/08\/image-bee.png\" class=\"attachment-full size-full wp-image-849\" alt=\"Kindori\" \/>                    <\/div>\r\n    <\/div>\t\t<\/div>\n\t\t\t\t<\/div>\n\t\t\t\t<div class=\"elementor-element elementor-element-11db4ee elementor-widget elementor-widget-heading\" data-id=\"11db4ee\" data-element_type=\"widget\" data-widget_type=\"heading.default\">\n\t\t\t\t<div class=\"elementor-widget-container\">\n\t\t\t<style>\/*! elementor - v3.13.3 - 28-05-2023 *\/\n.elementor-heading-title{padding:0;margin:0;line-height:1}.elementor-widget-heading .elementor-heading-title[class*=elementor-size-]>a{color:inherit;font-size:inherit;line-height:inherit}.elementor-widget-heading .elementor-heading-title.elementor-size-small{font-size:15px}.elementor-widget-heading .elementor-heading-title.elementor-size-medium{font-size:19px}.elementor-widget-heading .elementor-heading-title.elementor-size-large{font-size:29px}.elementor-widget-heading .elementor-heading-title.elementor-size-xl{font-size:39px}.elementor-widget-heading .elementor-heading-title.elementor-size-xxl{font-size:59px}<\/style><h6 class=\"elementor-heading-title elementor-size-default\">\u010c\u00edslo \u00fa\u010dtu \u0161koln\u00ed program: 6256100379\/0800, variabiln\u00ed symbol: telefonn\u00ed \u010d\u00edslo rodi\u010de, specifick\u00fd symbol I\u010c \u0161koly: 70996016<\/h6>\t\t<\/div>\n\t\t\t\t<\/div>\n\t\t\t\t<div class=\"elementor-element elementor-element-60a0872 elementor-widget elementor-widget-spacer\" data-id=\"60a0872\" data-element_type=\"widget\" data-widget_type=\"spacer.default\">\n\t\t\t\t<div class=\"elementor-widget-container\">\n\t\t\t<style>\/*! elementor - v3.13.3 - 28-05-2023 *\/\n.elementor-column .elementor-spacer-inner{height:var(--spacer-size)}.e-con{--container-widget-width:100%}.e-con-inner>.elementor-widget-spacer,.e-con>.elementor-widget-spacer{width:var(--container-widget-width,var(--spacer-size));--align-self:var(--container-widget-align-self,initial);--flex-shrink:0}.e-con-inner>.elementor-widget-spacer>.elementor-widget-container,.e-con-inner>.elementor-widget-spacer>.elementor-widget-container>.elementor-spacer,.e-con>.elementor-widget-spacer>.elementor-widget-container,.e-con>.elementor-widget-spacer>.elementor-widget-container>.elementor-spacer{height:100%}.e-con-inner>.elementor-widget-spacer>.elementor-widget-container>.elementor-spacer>.elementor-spacer-inner,.e-con>.elementor-widget-spacer>.elementor-widget-container>.elementor-spacer>.elementor-spacer-inner{height:var(--container-widget-height,var(--spacer-size))}<\/style>\t\t<div class=\"elementor-spacer\">\n\t\t\t<div class=\"elementor-spacer-inner\"><\/div>\n\t\t<\/div>\n\t\t\t\t<\/div>\n\t\t\t\t<\/div>\n\t\t        <section class=\"elementor-section elementor-inner-section elementor-element elementor-element-459d197 elementor-section-boxed elementor-section-height-default elementor-section-height-default\" data-id=\"459d197\" data-element_type=\"section\">\n            \n                        <div class=\"elementor-container elementor-column-gap-default \">\n                    <div class=\"elementor-column elementor-col-50 elementor-inner-column elementor-element elementor-element-37009d4\" data-id=\"37009d4\" data-element_type=\"column\">\n            <div class=\"elementor-widget-wrap elementor-element-populated\">\n                        \t\t<div class=\"elementor-element elementor-element-730c86c elementor-widget elementor-widget-cms_list\" data-id=\"730c86c\" data-element_type=\"widget\" data-widget_type=\"cms_list.default\">\n\t\t\t\t<div class=\"elementor-widget-container\">\n\t\t\t    <ul class=\"cms-list style7\">\r\n                    <li class=\"\">\r\n\t\t\t\t<a href=\"http:\/\/www.skolniprogram.cz\/login \" target=\"_blank\">\r\n            \t\tLink pro registraci do \u0161koln\u00edho programu            \t<\/a>\r\n           <\/li>\r\n                    <li class=\"\">\r\n\t\t\t\t<a href=\"https:\/\/www.msjilove.cz\/wp-content\/uploads\/files\/skolni_program_navod_2023.pdf\" target=\"_blank\">\r\n            \t\t\u0160koln\u00ed program - n\u00e1vod pro rodi\u010de ( registrace )            \t<\/a>\r\n           <\/li>\r\n            <\/ul>\r\n\t\t<\/div>\n\t\t\t\t<\/div>\n\t\t            <\/div>\n        <\/div>\n                <div class=\"elementor-column elementor-col-50 elementor-inner-column elementor-element elementor-element-5a1bd65\" data-id=\"5a1bd65\" data-element_type=\"column\">\n            <div class=\"elementor-widget-wrap elementor-element-populated\">\n                        \t\t<div class=\"elementor-element elementor-element-8a67006 elementor-widget elementor-widget-image\" data-id=\"8a67006\" data-element_type=\"widget\" data-widget_type=\"image.default\">\n\t\t\t\t<div class=\"elementor-widget-container\">\n\t\t\t<style>\/*! elementor - v3.13.3 - 28-05-2023 *\/\n.elementor-widget-image{text-align:center}.elementor-widget-image a{display:inline-block}.elementor-widget-image a img[src$=\".svg\"]{width:48px}.elementor-widget-image img{vertical-align:middle;display:inline-block}<\/style>\t\t\t\t\t\t\t\t\t\t\t\t<img decoding=\"async\" width=\"54\" height=\"54\" src=\"https:\/\/msjilove.cz\/wp-content\/uploads\/2020\/12\/landing-icon1.png\" class=\"attachment-thumbnail size-thumbnail wp-image-3909\" alt=\"\" \/>\t\t\t\t\t\t\t\t\t\t\t\t\t\t\t<\/div>\n\t\t\t\t<\/div>\n\t\t            <\/div>\n        <\/div>\n                            <\/div>\n        <\/section>\n                    <\/div>\n        <\/div>\n                            <\/div>\n        <\/section>\n        \t\t\t\t\t<\/div>\n\t\t","protected":false},"excerpt":{"rendered":"<p>M\u0160 Pod \u0160kolkou a M\u0160 Tyr\u0161ova \u0160koln\u00ed program Link pro p\u0159ihl\u00e1\u0161en\u00ed , n\u00e1vod k registraci do \u0161koln\u00edho programu \u010c\u00edslo \u00fa\u010dtu \u0161koln\u00ed program: 6256100379\/0800, variabiln\u00ed symbol: telefonn\u00ed \u010d\u00edslo rodi\u010de, specifick\u00fd symbol [&hellip;]<\/p>\n","protected":false},"author":1,"featured_media":0,"parent":0,"menu_order":0,"comment_status":"closed","ping_status":"closed","template":"","meta":{"footnotes":""},"class_list":["post-10138","page","type-page","status-publish","hentry"],"_links":{"self":[{"href":"https:\/\/msjilove.cz\/index.php?rest_route=\/wp\/v2\/pages\/10138","targetHints":{"allow":["GET"]}}],"collection":[{"href":"https:\/\/msjilove.cz\/index.php?rest_route=\/wp\/v2\/pages"}],"about":[{"href":"https:\/\/msjilove.cz\/index.php?rest_route=\/wp\/v2\/types\/page"}],"author":[{"embeddable":true,"href":"https:\/\/msjilove.cz\/index.php?rest_route=\/wp\/v2\/users\/1"}],"replies":[{"embeddable":true,"href":"https:\/\/msjilove.cz\/index.php?rest_route=%2Fwp%2Fv2%2Fcomments&post=10138"}],"version-history":[{"count":18,"href":"https:\/\/msjilove.cz\/index.php?rest_route=\/wp\/v2\/pages\/10138\/revisions"}],"predecessor-version":[{"id":12093,"href":"https:\/\/msjilove.cz\/index.php?rest_route=\/wp\/v2\/pages\/10138\/revisions\/12093"}],"wp:attachment":[{"href":"https:\/\/msjilove.cz\/index.php?rest_route=%2Fwp%2Fv2%2Fmedia&parent=10138"}],"curies":[{"name":"wp","href":"https:\/\/api.w.org\/{rel}","templated":true}]}}