{"id":12001,"date":"2022-11-27T17:59:36","date_gmt":"2022-11-27T16:59:36","guid":{"rendered":"https:\/\/www.msjilove.cz\/?page_id=12001"},"modified":"2022-11-27T18:18:11","modified_gmt":"2022-11-27T17:18:11","slug":"zdrave_recepty","status":"publish","type":"page","link":"https:\/\/msjilove.cz\/?page_id=12001","title":{"rendered":"Zdrav\u00e9 recepty"},"content":{"rendered":"\t\t<div data-elementor-type=\"wp-page\" data-elementor-id=\"12001\" class=\"elementor elementor-12001\">\n\t\t\t\t\t\t\t        <section class=\"elementor-section elementor-top-section elementor-element elementor-element-6b9cfdb elementor-section-boxed elementor-section-height-default elementor-section-height-default\" data-id=\"6b9cfdb\" data-element_type=\"section\">\n            \n                        <div class=\"elementor-container elementor-column-gap-default \">\n                    <div class=\"elementor-column elementor-col-100 elementor-top-column elementor-element elementor-element-755c719\" data-id=\"755c719\" data-element_type=\"column\">\n            <div class=\"elementor-widget-wrap elementor-element-populated\">\n                        \t\t<div class=\"elementor-element elementor-element-50f7505 elementor-widget elementor-widget-cms_post_carousel\" data-id=\"50f7505\" data-element_type=\"widget\" data-widget_type=\"cms_post_carousel.default\">\n\t\t\t\t<div class=\"elementor-widget-container\">\n\t\t\t\r\n<div id=\"cms_post_carousel-50f7505\" class=\"cms-post-carousel-layout1 cms-slick-slider\">\r\n    <div class=\"cms-carousel-inner\">\r\n        <div class=\"wrapper-arrows-custom\">\r\n            <div id=\"append-arrows-cms_post_carousel-50f7505\" class=\"append-arrows-custom\"><\/div>\r\n        <\/div>\r\n        <div class=\"cms-slick-carousel\" data-arrows=\"true\" data-dots=\"true\" data-pauseOnHover=\"true\" data-autoplay=\"false\" data-autoplaySpeed=\"5000\" data-infinite=\"true\" data-speed=\"500\" data-slidesToShow=\"3\" data-slidesToShowTablet=\"2\" data-slidesToShowMobile=\"1\" data-slidesToScroll=\"2\" data-slidesToScrollTablet=\"2\" data-slidesToScrollMobile=\"1\" data-appendArrows=\"#append-arrows-cms_post_carousel-50f7505\">\r\n\r\n                    <div class=\"carousel-item slick-slide \">\r\n                <div class=\"carousel-item-inner\">\r\n                                            <div class=\"entry-featured\">\r\n                            <a href=\"https:\/\/msjilove.cz\/?p=28623\">\r\n                                <img decoding=\"async\" width=\"1200\" height=\"1600\" src=\"https:\/\/msjilove.cz\/wp-content\/uploads\/2024\/04\/PHOTO-2024-04-08-09-11-11.jpg\" class=\"attachment-full\" alt=\"\" \/>                            <\/a>\r\n                                                    <\/div>\r\n                                        <div class=\"entry-holder\">\r\n                                                                        <h5 class=\"entry-title\"><a href=\"https:\/\/msjilove.cz\/?p=28623\">Zdrav\u00fd dort na oslavu narozenin od Maru\u0161ky P. ze Slun\u00ed\u010dek<\/a><\/h5>\r\n                        \r\n                                                    <div class=\"entry-content\">\r\n                                                            <\/div>\r\n                        \r\n                                                    <div class=\"entry-content\">\r\n                                                            <\/div>\r\n                        \r\n                                                    <div class=\"entry-readmore\">\r\n                                <a class=\"btn-more\" href=\"https:\/\/msjilove.cz\/?p=28623\"><i class=\"fas fa-long-arrow-alt-right\"><\/i>Zobrazit aktualitu<\/a>\r\n                            <\/div>\r\n                                            <\/div>\r\n                <\/div>\r\n            <\/div>\r\n                    <div class=\"carousel-item slick-slide \">\r\n                <div class=\"carousel-item-inner\">\r\n                                            <div class=\"entry-featured\">\r\n                            <a href=\"https:\/\/msjilove.cz\/?p=23590\">\r\n                                <img decoding=\"async\" width=\"135\" height=\"240\" src=\"https:\/\/msjilove.cz\/wp-content\/uploads\/2023\/11\/MS-foto3.jpg\" class=\"attachment-full\" alt=\"\" \/>                            <\/a>\r\n                                                    <\/div>\r\n                                        <div class=\"entry-holder\">\r\n                                                                        <h5 class=\"entry-title\"><a href=\"https:\/\/msjilove.cz\/?p=23590\">HALLOWEEN &#8211; fotky dobr\u016ftek<\/a><\/h5>\r\n                        \r\n                                                    <div class=\"entry-content\">\r\n                                                            <\/div>\r\n                        \r\n                                                    <div class=\"entry-content\">\r\n                                D\u011bkujeme v\u0161em, kte\u0159\u00ed poskytli kr\u00e1sn\u011b nazdoben\u00e9, velmi chutn\u00e9 a zdrav\u00e9 ob\u010derstven\u00ed. \u00a0 \u00a0 \u00a0 \u00a0 \u00a0\u00a0 \u00a0 \u00a0 \u00a0 \u00a0 \u00a0 \u00a0 \u00a0 \u00a0 \u00a0 \u00a0                            <\/div>\r\n                        \r\n                                                    <div class=\"entry-readmore\">\r\n                                <a class=\"btn-more\" href=\"https:\/\/msjilove.cz\/?p=23590\"><i class=\"fas fa-long-arrow-alt-right\"><\/i>Zobrazit aktualitu<\/a>\r\n                            <\/div>\r\n                                            <\/div>\r\n                <\/div>\r\n            <\/div>\r\n                    <div class=\"carousel-item slick-slide \">\r\n                <div class=\"carousel-item-inner\">\r\n                                        <div class=\"entry-holder\">\r\n                                                                        <h5 class=\"entry-title\"><a href=\"https:\/\/msjilove.cz\/?p=13173\">POL\u00c9VKA JE \u201eGRUNT\u201c \u2013 aneb podzimn\u00ed v\u00fdzva<\/a><\/h5>\r\n                        \r\n                                                    <div class=\"entry-content\">\r\n                                                            <\/div>\r\n                        \r\n                                                    <div class=\"entry-content\">\r\n                                V\u00e1\u017een\u00ed rodi\u010de, prarodi\u010de a p\u0159\u00e1tel\u00e9 \u0161kolky, V\u00a0tomto chladn\u00e9m ro\u010dn\u00edm obdob\u00ed se t\u011b\u0161\u00edme na va\u0161e recepty \u2013 a to na \u201eproh\u0159\u00edvac\u00ed\u201c pol\u00e9vky. Takov\u00e1 \u201esiln\u00e1\u201c hork\u00e1 pol\u00e9vka je u\u010din\u011bn\u00e9 dobrodin\u00ed&hellip;                            <\/div>\r\n                        \r\n                                                    <div class=\"entry-readmore\">\r\n                                <a class=\"btn-more\" href=\"https:\/\/msjilove.cz\/?p=13173\"><i class=\"fas fa-long-arrow-alt-right\"><\/i>Zobrazit aktualitu<\/a>\r\n                            <\/div>\r\n                                            <\/div>\r\n                <\/div>\r\n            <\/div>\r\n                    <div class=\"carousel-item slick-slide \">\r\n                <div class=\"carousel-item-inner\">\r\n                                        <div class=\"entry-holder\">\r\n                                                                        <h5 class=\"entry-title\"><a href=\"https:\/\/msjilove.cz\/?p=13170\">P\u00d3RKOV\u00c1  POL\u00c9VKA  S  KARI<\/a><\/h5>\r\n                        \r\n                                                    <div class=\"entry-content\">\r\n                                                            <\/div>\r\n                        \r\n                                                    <div class=\"entry-content\">\r\n                                Ingredience (zhruba pro 4 str\u00e1vn\u00edky &#8211; podle hladu :-): 1 v\u011bt\u0161\u00ed p\u00f3rek olej nebo m\u00e1slo v\u00fdvar ku\u0159ec\u00ed nebo zeleninov\u00fd (1 litr nebo buj\u00f3n &#8211; dle preferenc\u00ed) krupi\u010dka (150g&hellip;                            <\/div>\r\n                        \r\n                                                    <div class=\"entry-readmore\">\r\n                                <a class=\"btn-more\" href=\"https:\/\/msjilove.cz\/?p=13170\"><i class=\"fas fa-long-arrow-alt-right\"><\/i>Zobrazit aktualitu<\/a>\r\n                            <\/div>\r\n                                            <\/div>\r\n                <\/div>\r\n            <\/div>\r\n                    <div class=\"carousel-item slick-slide \">\r\n                <div class=\"carousel-item-inner\">\r\n                                            <div class=\"entry-featured\">\r\n                            <a href=\"https:\/\/msjilove.cz\/?p=12260\">\r\n                                <img decoding=\"async\" width=\"705\" height=\"376\" src=\"https:\/\/msjilove.cz\/wp-content\/uploads\/2022\/12\/Strudl_fofo_1.jpg\" class=\"attachment-full\" alt=\"\" \/>                            <\/a>\r\n                                                    <\/div>\r\n                                        <div class=\"entry-holder\">\r\n                                                                        <h5 class=\"entry-title\"><a href=\"https:\/\/msjilove.cz\/?p=12260\">Jable\u010dn\u00fd \u0161tr\u016fdl ze \u0161paldov\u00e9 mouky<\/a><\/h5>\r\n                        \r\n                                                    <div class=\"entry-content\">\r\n                                                            <\/div>\r\n                        \r\n                                                    <div class=\"entry-content\">\r\n                                V\u011bt\u0161ina z\u00a0n\u00e1s m\u00e1 r\u00e1da v\u016fni ned\u011bln\u00edho mou\u010dn\u00edku, kter\u00fd kr\u00e1sn\u011b provon\u00ed cel\u00fd d\u016fm a zp\u0159\u00edjemn\u00ed ned\u011bln\u00ed atmosf\u00e9ru. Aby mohla b\u00fdt i ned\u011ble trochu zdrav\u011bj\u0161\u00edm dnem, m\u016f\u017eeme up\u00e9ct chutn\u00fd \u0161tr\u016fdl&hellip;                            <\/div>\r\n                        \r\n                                                    <div class=\"entry-readmore\">\r\n                                <a class=\"btn-more\" href=\"https:\/\/msjilove.cz\/?p=12260\"><i class=\"fas fa-long-arrow-alt-right\"><\/i>Zobrazit aktualitu<\/a>\r\n                            <\/div>\r\n                                            <\/div>\r\n                <\/div>\r\n            <\/div>\r\n                    <div class=\"carousel-item slick-slide \">\r\n                <div class=\"carousel-item-inner\">\r\n                                            <div class=\"entry-featured\">\r\n                            <a href=\"https:\/\/msjilove.cz\/?p=12223\">\r\n                                <img decoding=\"async\" width=\"1106\" height=\"1102\" src=\"https:\/\/msjilove.cz\/wp-content\/uploads\/2022\/12\/kvaskovy-chleb-1.png\" class=\"attachment-full\" alt=\"\" \/>                            <\/a>\r\n                                                    <\/div>\r\n                                        <div class=\"entry-holder\">\r\n                                                                        <h5 class=\"entry-title\"><a href=\"https:\/\/msjilove.cz\/?p=12223\">Dom\u00e1c\u00ed kv\u00e1skov\u00fd chl\u00e9b<\/a><\/h5>\r\n                        \r\n                                                    <div class=\"entry-content\">\r\n                                                            <\/div>\r\n                        \r\n                                                    <div class=\"entry-content\">\r\n                                Ingredience: Rozkvas: 2 l\u017e\u00edce \u017eitn\u00e9ho kvasu 150g \u017eitn\u00e9 mouky 200ml vla\u017en\u00e9 vody T\u011bsto: cel\u00fd rozkvas bez dvou l\u017eic, kter\u00e9 odlo\u017e\u00edme op\u011bt na p\u0159\u00ed\u0161t\u011b 333g \u017eitn\u00e9 mouky 240ml vla\u017en\u00e9&hellip;                            <\/div>\r\n                        \r\n                                                    <div class=\"entry-readmore\">\r\n                                <a class=\"btn-more\" href=\"https:\/\/msjilove.cz\/?p=12223\"><i class=\"fas fa-long-arrow-alt-right\"><\/i>Zobrazit aktualitu<\/a>\r\n                            <\/div>\r\n                                            <\/div>\r\n                <\/div>\r\n            <\/div>\r\n                    <div class=\"carousel-item slick-slide \">\r\n                <div class=\"carousel-item-inner\">\r\n                                            <div class=\"entry-featured\">\r\n                            <a href=\"https:\/\/msjilove.cz\/?p=12192\">\r\n                                <img decoding=\"async\" width=\"1500\" height=\"2000\" src=\"https:\/\/msjilove.cz\/wp-content\/uploads\/2022\/12\/A831424E-74F0-4FCD-903D-1FC6C75E2F1D.jpeg\" class=\"attachment-full\" alt=\"\" \/>                            <\/a>\r\n                                                    <\/div>\r\n                                        <div class=\"entry-holder\">\r\n                                                                        <h5 class=\"entry-title\"><a href=\"https:\/\/msjilove.cz\/?p=12192\">Bezpe\u010dn\u00e9 cukrov\u00ed<\/a><\/h5>\r\n                        \r\n                                                    <div class=\"entry-content\">\r\n                                                            <\/div>\r\n                        \r\n                                                    <div class=\"entry-content\">\r\n                                Bezpe\u010dn\u00e9 cukrov\u00ed Cukrov\u00ed je ka\u017edoro\u010dn\u00ed tradice, ale tak\u00e9 kalorick\u00e1 bomba. M\u00e1lokdo z n\u00e1s mu odol\u00e1 a \u010dasto to s sebou nese v\u00fd\u010ditky sv\u011bdom\u00ed a kila nav\u00edc. Ale nemus\u00ed.&hellip;                            <\/div>\r\n                        \r\n                                                    <div class=\"entry-readmore\">\r\n                                <a class=\"btn-more\" href=\"https:\/\/msjilove.cz\/?p=12192\"><i class=\"fas fa-long-arrow-alt-right\"><\/i>Zobrazit aktualitu<\/a>\r\n                            <\/div>\r\n                                            <\/div>\r\n                <\/div>\r\n            <\/div>\r\n                    <div class=\"carousel-item slick-slide \">\r\n                <div class=\"carousel-item-inner\">\r\n                                            <div class=\"entry-featured\">\r\n                            <a href=\"https:\/\/msjilove.cz\/?p=12026\">\r\n                                <img decoding=\"async\" width=\"677\" height=\"508\" src=\"https:\/\/msjilove.cz\/wp-content\/uploads\/2022\/11\/rajska-omacka-s-hovezim-a-kuskusem-pro-nejmensi-235944-677-508-nw.webp\" class=\"attachment-full\" alt=\"\" \/>                            <\/a>\r\n                                                    <\/div>\r\n                                        <div class=\"entry-holder\">\r\n                                                                        <h5 class=\"entry-title\"><a href=\"https:\/\/msjilove.cz\/?p=12026\">Rajsk\u00e1 om\u00e1\u010dka s kuskusem a hov\u011bz\u00edm<\/a><\/h5>\r\n                        \r\n                                                    <div class=\"entry-content\">\r\n                                                            <\/div>\r\n                        \r\n                                                    <div class=\"entry-content\">\r\n                                &nbsp; Rajsk\u00e1 om\u00e1\u010dka s kuskusem a hov\u011bz\u00edm pro nejmen\u0161\u00ed Suroviny 1\/2\u00a0cibule loupan\u00e1 raj\u010data 1\u00a0mal\u00fd rajsk\u00fd protlak 1\u00a0bobkov\u00fd list nov\u00e9 ko\u0159en\u00ed tymi\u00e1n r\u00fd\u017eov\u00e1 smetana 30 g\u00a0hov\u011bz\u00edho masa kuskus gh\u00ed&hellip;                            <\/div>\r\n                        \r\n                                                    <div class=\"entry-readmore\">\r\n                                <a class=\"btn-more\" href=\"https:\/\/msjilove.cz\/?p=12026\"><i class=\"fas fa-long-arrow-alt-right\"><\/i>Zobrazit aktualitu<\/a>\r\n                            <\/div>\r\n                                            <\/div>\r\n                <\/div>\r\n            <\/div>\r\n                <\/div>\r\n    <\/div>\r\n<\/div>\r\n\t\t<\/div>\n\t\t\t\t<\/div>\n\t\t\t\t<div class=\"elementor-element elementor-element-b5e2d47 elementor-widget elementor-widget-spacer\" data-id=\"b5e2d47\" data-element_type=\"widget\" data-widget_type=\"spacer.default\">\n\t\t\t\t<div class=\"elementor-widget-container\">\n\t\t\t<style>\/*! elementor - v3.13.3 - 28-05-2023 *\/\n.elementor-column .elementor-spacer-inner{height:var(--spacer-size)}.e-con{--container-widget-width:100%}.e-con-inner>.elementor-widget-spacer,.e-con>.elementor-widget-spacer{width:var(--container-widget-width,var(--spacer-size));--align-self:var(--container-widget-align-self,initial);--flex-shrink:0}.e-con-inner>.elementor-widget-spacer>.elementor-widget-container,.e-con-inner>.elementor-widget-spacer>.elementor-widget-container>.elementor-spacer,.e-con>.elementor-widget-spacer>.elementor-widget-container,.e-con>.elementor-widget-spacer>.elementor-widget-container>.elementor-spacer{height:100%}.e-con-inner>.elementor-widget-spacer>.elementor-widget-container>.elementor-spacer>.elementor-spacer-inner,.e-con>.elementor-widget-spacer>.elementor-widget-container>.elementor-spacer>.elementor-spacer-inner{height:var(--container-widget-height,var(--spacer-size))}<\/style>\t\t<div class=\"elementor-spacer\">\n\t\t\t<div class=\"elementor-spacer-inner\"><\/div>\n\t\t<\/div>\n\t\t\t\t<\/div>\n\t\t\t\t<\/div>\n\t\t            <\/div>\n        <\/div>\n                            <\/div>\n        <\/section>\n        \t\t\t\t\t<\/div>\n\t\t","protected":false},"excerpt":{"rendered":"<p>Test recept Test recept Test recept Zobrazit aktualitu Zobrazit aktualitu<\/p>\n","protected":false},"author":1,"featured_media":0,"parent":0,"menu_order":0,"comment_status":"closed","ping_status":"closed","template":"","meta":{"footnotes":""},"class_list":["post-12001","page","type-page","status-publish","hentry"],"_links":{"self":[{"href":"https:\/\/msjilove.cz\/index.php?rest_route=\/wp\/v2\/pages\/12001","targetHints":{"allow":["GET"]}}],"collection":[{"href":"https:\/\/msjilove.cz\/index.php?rest_route=\/wp\/v2\/pages"}],"about":[{"href":"https:\/\/msjilove.cz\/index.php?rest_route=\/wp\/v2\/types\/page"}],"author":[{"embeddable":true,"href":"https:\/\/msjilove.cz\/index.php?rest_route=\/wp\/v2\/users\/1"}],"replies":[{"embeddable":true,"href":"https:\/\/msjilove.cz\/index.php?rest_route=%2Fwp%2Fv2%2Fcomments&post=12001"}],"version-history":[{"count":4,"href":"https:\/\/msjilove.cz\/index.php?rest_route=\/wp\/v2\/pages\/12001\/revisions"}],"predecessor-version":[{"id":12008,"href":"https:\/\/msjilove.cz\/index.php?rest_route=\/wp\/v2\/pages\/12001\/revisions\/12008"}],"wp:attachment":[{"href":"https:\/\/msjilove.cz\/index.php?rest_route=%2Fwp%2Fv2%2Fmedia&parent=12001"}],"curies":[{"name":"wp","href":"https:\/\/api.w.org\/{rel}","templated":true}]}}