{"id":1480,"date":"2020-08-15T08:12:54","date_gmt":"2020-08-15T08:12:54","guid":{"rendered":"https:\/\/demo.cmssuperheroes.com\/themeforest\/kindori\/?page_id=1480"},"modified":"2025-11-13T09:05:01","modified_gmt":"2025-11-13T08:05:01","slug":"programs","status":"publish","type":"page","link":"https:\/\/msjilove.cz\/?page_id=1480","title":{"rendered":"O n\u00e1s"},"content":{"rendered":"\t\t<div data-elementor-type=\"wp-page\" data-elementor-id=\"1480\" class=\"elementor elementor-1480\">\n\t\t\t\t\t\t\t        <section class=\"elementor-section elementor-top-section elementor-element elementor-element-d9d907e elementor-section-content-middle elementor-section-boxed elementor-section-height-default elementor-section-height-default\" data-id=\"d9d907e\" data-element_type=\"section\">\n            \n                        <div class=\"elementor-container elementor-column-gap-default \">\n                    <div class=\"elementor-column elementor-col-50 elementor-top-column elementor-element elementor-element-68b922d\" data-id=\"68b922d\" data-element_type=\"column\">\n            <div class=\"elementor-widget-wrap elementor-element-populated\">\n                        \t\t<div class=\"elementor-element elementor-element-f38e2f8 elementor-widget elementor-widget-spacer\" data-id=\"f38e2f8\" data-element_type=\"widget\" data-widget_type=\"spacer.default\">\n\t\t\t\t<div class=\"elementor-widget-container\">\n\t\t\t<style>\/*! elementor - v3.13.3 - 28-05-2023 *\/\n.elementor-column .elementor-spacer-inner{height:var(--spacer-size)}.e-con{--container-widget-width:100%}.e-con-inner>.elementor-widget-spacer,.e-con>.elementor-widget-spacer{width:var(--container-widget-width,var(--spacer-size));--align-self:var(--container-widget-align-self,initial);--flex-shrink:0}.e-con-inner>.elementor-widget-spacer>.elementor-widget-container,.e-con-inner>.elementor-widget-spacer>.elementor-widget-container>.elementor-spacer,.e-con>.elementor-widget-spacer>.elementor-widget-container,.e-con>.elementor-widget-spacer>.elementor-widget-container>.elementor-spacer{height:100%}.e-con-inner>.elementor-widget-spacer>.elementor-widget-container>.elementor-spacer>.elementor-spacer-inner,.e-con>.elementor-widget-spacer>.elementor-widget-container>.elementor-spacer>.elementor-spacer-inner{height:var(--container-widget-height,var(--spacer-size))}<\/style>\t\t<div class=\"elementor-spacer\">\n\t\t\t<div class=\"elementor-spacer-inner\"><\/div>\n\t\t<\/div>\n\t\t\t\t<\/div>\n\t\t\t\t<\/div>\n\t\t\t\t<div class=\"elementor-element elementor-element-3f24553 elementor-widget__width-initial elementor-widget elementor-widget-cms_heading\" data-id=\"3f24553\" data-element_type=\"widget\" data-widget_type=\"cms_heading.default\">\n\t\t\t\t<div class=\"elementor-widget-container\">\n\t\t\t<div class=\"cms-heading-wrapper cms-heading-layout1 \">\r\n    \r\n            <h3 class=\"custom-heading\">\r\n            <span                 >\r\n                M\u0160 POD \u0160KOLKOU<\/span>\r\n        <\/h3>\r\n        \r\n            <div class=\"custom-heading-description\">\r\n            Mate\u0159sk\u00e1 \u0161kola Pod \u0160kolkou je tvo\u0159en\u00e1 komplexem \u0161esti bezbari\u00e9rov\u00fdch p\u0159\u00edzemn\u00edch pavil\u00f3n\u016f, propojen\u00fdch atriem. T\u0159\u00eddy mate\u0159sk\u00e9 \u0161koly jsou heterogenn\u00ed a jsou pojmenov\u00e1ny podle zvolen\u00e9ho zv\u00ed\u0159\u00e1tka. T\u0159\u00edda A \u2013 Sl\u016f\u0148ata, B \u2013 Opi\u010dky, C \u2013 \u017dirafky, D \u2013 Tyg\u0159\u00edci, E \u2013 Tu\u010d\u0148\u00e1ci, F \u2013 Sovi\u010dky. Mate\u0159sk\u00e1 \u0161kola se nach\u00e1z\u00ed v klidn\u00e9m bezpra\u0161n\u00e9m prost\u0159ed\u00ed. V okol\u00ed budovy je z\u00e1stavba rodinn\u00fdch dom\u016f, l\u00e9k\u00e1rna a zdravotn\u00ed st\u0159edisko. V\u00fdhodou na\u0161\u00ed mate\u0159sk\u00e9 \u0161koly jsou podm\u00ednky dan\u00e9 lokalitou \u2013 bl\u00edzkost p\u0159\u00edrodn\u00edho prost\u0159ed\u00ed a lesa, a tedy i mo\u017enost vych\u00e1zek sm\u011brovan\u00fdch do v\u0161ech okoln\u00edch \u010d\u00e1st\u00ed J\u00edlov\u00e9ho.        <\/div>\r\n    <\/div>\t\t<\/div>\n\t\t\t\t<\/div>\n\t\t            <\/div>\n        <\/div>\n                <div class=\"elementor-column elementor-col-50 elementor-top-column elementor-element elementor-element-669ed79\" data-id=\"669ed79\" data-element_type=\"column\">\n            <div class=\"elementor-widget-wrap elementor-element-populated\">\n                        \t\t<div class=\"elementor-element elementor-element-8c76d2d elementor-widget elementor-widget-spacer\" data-id=\"8c76d2d\" data-element_type=\"widget\" data-widget_type=\"spacer.default\">\n\t\t\t\t<div class=\"elementor-widget-container\">\n\t\t\t\t\t<div class=\"elementor-spacer\">\n\t\t\t<div class=\"elementor-spacer-inner\"><\/div>\n\t\t<\/div>\n\t\t\t\t<\/div>\n\t\t\t\t<\/div>\n\t\t\t\t<div class=\"elementor-element elementor-element-c28a0ce elementor-widget__width-initial elementor-widget elementor-widget-cms_images_gallery\" data-id=\"c28a0ce\" data-element_type=\"widget\" data-widget_type=\"cms_images_gallery.default\">\n\t\t\t\t<div class=\"elementor-widget-container\">\n\t\t\t    <div id=\"cms_images_gallery-c28a0ce\" class=\"cms-classes-gallery cms-slick-slider \">\r\n        <div class=\"classes-inner\">\r\n            <div class=\"classes-carousel-inner\">\r\n                <div class=\"cms-slick-primary\">\r\n                    <div id=\"append-arrows-cms_images_gallery-c28a0ce\" class=\"append-arrows-custom\"><\/div>\r\n                    <div class=\"cms-slick-carousel\" data-arrows=\"true\" data-dots=\"\" data-pauseOnHover=\"\" data-autoplay=\"true\" data-autoplaySpeed=\"5000\" data-infinite=\"0\" data-speed=\"500\" data-slidesToShow=\"true\" data-slidesToShowTablet=\"true\" data-slidesToShowMobile=\"true\" data-slidesToScroll=\"true\" data-slidesToScrollTablet=\"true\" data-slidesToScrollMobile=\"true\" data-appendArrows=\"#append-arrows-cms_images_gallery-c28a0ce\">\r\n                                                    <div class=\"slick-slide\">\r\n                                                                    <div class=\"classes-image\">\r\n                                        <img decoding=\"async\" class=\"\" src=\"https:\/\/msjilove.cz\/wp-content\/uploads\/2023\/09\/skolka1.jpg\" width=\"608\" height=\"299\" alt=\"skolka1\" title=\"skolka1\" \/>                                    <\/div>\r\n                                                            <\/div>\r\n                                            <\/div>\r\n                <\/div>\r\n                            <\/div>\r\n        <\/div>\r\n    <\/div>\r\n\t\t<\/div>\n\t\t\t\t<\/div>\n\t\t            <\/div>\n        <\/div>\n                            <\/div>\n        <\/section>\n                <section class=\"elementor-section elementor-top-section elementor-element elementor-element-d75d4ef elementor-section-content-middle elementor-section-boxed elementor-section-height-default elementor-section-height-default\" data-id=\"d75d4ef\" data-element_type=\"section\">\n            \n                        <div class=\"elementor-container elementor-column-gap-default \">\n                    <div class=\"elementor-column elementor-col-50 elementor-top-column elementor-element elementor-element-f16add8\" data-id=\"f16add8\" data-element_type=\"column\">\n            <div class=\"elementor-widget-wrap elementor-element-populated\">\n                        \t\t<div class=\"elementor-element elementor-element-7b7b06b elementor-widget elementor-widget-cms_images_gallery\" data-id=\"7b7b06b\" data-element_type=\"widget\" data-widget_type=\"cms_images_gallery.default\">\n\t\t\t\t<div class=\"elementor-widget-container\">\n\t\t\t    <div id=\"cms_images_gallery-7b7b06b\" class=\"cms-classes-gallery cms-slick-slider \">\r\n        <div class=\"classes-inner\">\r\n            <div class=\"classes-carousel-inner\">\r\n                <div class=\"cms-slick-primary\">\r\n                    <div id=\"append-arrows-cms_images_gallery-7b7b06b\" class=\"append-arrows-custom\"><\/div>\r\n                    <div class=\"cms-slick-carousel\" data-arrows=\"true\" data-dots=\"\" data-pauseOnHover=\"\" data-autoplay=\"true\" data-autoplaySpeed=\"5000\" data-infinite=\"0\" data-speed=\"500\" data-slidesToShow=\"true\" data-slidesToShowTablet=\"true\" data-slidesToShowMobile=\"true\" data-slidesToScroll=\"true\" data-slidesToScrollTablet=\"true\" data-slidesToScrollMobile=\"true\" data-appendArrows=\"#append-arrows-cms_images_gallery-7b7b06b\">\r\n                                                    <div class=\"slick-slide\">\r\n                                                                    <div class=\"classes-image\">\r\n                                        <img decoding=\"async\" class=\"\" src=\"https:\/\/msjilove.cz\/wp-content\/uploads\/2023\/09\/skolka2.jpg\" width=\"605\" height=\"344\" alt=\"skolka2\" title=\"skolka2\" \/>                                    <\/div>\r\n                                                            <\/div>\r\n                                            <\/div>\r\n                <\/div>\r\n                            <\/div>\r\n        <\/div>\r\n    <\/div>\r\n\t\t<\/div>\n\t\t\t\t<\/div>\n\t\t            <\/div>\n        <\/div>\n                <div class=\"elementor-column elementor-col-50 elementor-top-column elementor-element elementor-element-680123c\" data-id=\"680123c\" data-element_type=\"column\">\n            <div class=\"elementor-widget-wrap elementor-element-populated\">\n                        \t\t<div class=\"elementor-element elementor-element-f63845c elementor-widget elementor-widget-cms_heading\" data-id=\"f63845c\" data-element_type=\"widget\" data-widget_type=\"cms_heading.default\">\n\t\t\t\t<div class=\"elementor-widget-container\">\n\t\t\t<div class=\"cms-heading-wrapper cms-heading-layout1 \">\r\n    \r\n            <h3 class=\"custom-heading\">\r\n            <span                 >\r\n                M\u0160 TYR\u0160OVA<\/span>\r\n        <\/h3>\r\n        \r\n            <div class=\"custom-heading-description\">\r\n            Mate\u0159sk\u00e1 \u0161kola v Tyr\u0161ov\u011b ulici je \u0161kola s v\u00edce ne\u017e pades\u00e1tiletou tradic\u00ed. V J\u00edlov\u00e9m u Prahy byla prvn\u00edm p\u0159ed\u0161koln\u00edm za\u0159\u00edzen\u00edm, nejprve jako sou\u010d\u00e1st obecn\u00e9 \u0161koly, pozd\u011bji jako jesle a mate\u0159sk\u00e1 \u0161kola.  Od roku 1957 byly v provozu dv\u011b t\u0159\u00eddy. Se zvy\u0161uj\u00edc\u00edm se po\u010dtem obyvatel a hlavn\u011b d\u011bt\u00ed, se v roce 1974 rozrostla o dal\u0161\u00ed dv\u011b t\u0159\u00eddy v sousedn\u00ed vile. Ob\u011b budovy se spojily chodbou, ve kter\u00e9 se z\u0159\u00eddila j\u00eddelna, a tak od roku 1986 mate\u0159sk\u00e1 \u0161kola fungovala jako pln\u011b vyt\u00ed\u017een\u00e1 \u201e\u010dty\u0159t\u0159\u00eddka\u201c. V roce 1974 byla dokon\u010dena a otev\u0159ena druh\u00e1 mate\u0159sk\u00e1 \u0161kola v J\u00edlov\u00e9m u Prahy, kter\u00e1 byla postavena Jednotn\u00fdm zem\u011bd\u011blsk\u00fdm dru\u017estvem a ur\u010dena p\u0159edev\u0161\u00edm pro d\u011bti zam\u011bstnanc\u016f. Od roku 2003 je M\u0160 Tyr\u0161ova vedena jako odlou\u010den\u00e9 pracovi\u0161t\u011b M\u0160 Pod \u0160kolkou. T\u0159\u00eddy v t\u00e9to \u0161kolce jsou homogenn\u00ed a nesou n\u00e1zvy Veverky, Je\u017ee\u010dci, Medv\u00eddci a Li\u0161ti\u010dky. Mate\u0159sk\u00e1 \u0161kola se nach\u00e1z\u00ed v klidn\u00e9m prost\u0159ed\u00ed. V okol\u00ed budovy je z\u00e1stavba rodinn\u00fdch dom\u016f, are\u00e1l Sokola J\u00edlov\u00e9 a v bl\u00edzkosti tak\u00e9 z\u00e1kladn\u00ed \u0161kola.         <\/div>\r\n    <\/div>\t\t<\/div>\n\t\t\t\t<\/div>\n\t\t            <\/div>\n        <\/div>\n                            <\/div>\n        <\/section>\n                <section class=\"elementor-section elementor-top-section elementor-element elementor-element-461877e elementor-section-content-middle elementor-section-boxed elementor-section-height-default elementor-section-height-default\" data-id=\"461877e\" data-element_type=\"section\">\n            \n                        <div class=\"elementor-container elementor-column-gap-default \">\n                    <div class=\"elementor-column elementor-col-100 elementor-top-column elementor-element elementor-element-11245a0\" data-id=\"11245a0\" data-element_type=\"column\">\n            <div class=\"elementor-widget-wrap elementor-element-populated\">\n                        \t\t<div class=\"elementor-element elementor-element-da7e3a2 elementor-widget elementor-widget-text-editor\" data-id=\"da7e3a2\" data-element_type=\"widget\" data-widget_type=\"text-editor.default\">\n\t\t\t\t<div class=\"elementor-widget-container\">\n\t\t\t<style>\/*! elementor - v3.13.3 - 28-05-2023 *\/\n.elementor-widget-text-editor.elementor-drop-cap-view-stacked .elementor-drop-cap{background-color:#69727d;color:#fff}.elementor-widget-text-editor.elementor-drop-cap-view-framed .elementor-drop-cap{color:#69727d;border:3px solid;background-color:transparent}.elementor-widget-text-editor:not(.elementor-drop-cap-view-default) .elementor-drop-cap{margin-top:8px}.elementor-widget-text-editor:not(.elementor-drop-cap-view-default) .elementor-drop-cap-letter{width:1em;height:1em}.elementor-widget-text-editor .elementor-drop-cap{float:left;text-align:center;line-height:1;font-size:50px}.elementor-widget-text-editor .elementor-drop-cap-letter{display:inline-block}<\/style>\t\t\t\t\t\t\t\t\t\t<\/div>\n\t\t\t\t<\/div>\n\t\t        <section class=\"elementor-section elementor-inner-section elementor-element elementor-element-1ea2332 elementor-section-boxed elementor-section-height-default elementor-section-height-default\" data-id=\"1ea2332\" data-element_type=\"section\">\n            \n                        <div class=\"elementor-container elementor-column-gap-default \">\n                    <div class=\"elementor-column elementor-col-33 elementor-inner-column elementor-element elementor-element-7b6a134\" data-id=\"7b6a134\" data-element_type=\"column\">\n            <div class=\"elementor-widget-wrap elementor-element-populated\">\n                        \t\t<div class=\"elementor-element elementor-element-e5b5e3c elementor-widget elementor-widget-cms_contact_info\" data-id=\"e5b5e3c\" data-element_type=\"widget\" data-widget_type=\"cms_contact_info.default\">\n\t\t\t\t<div class=\"elementor-widget-container\">\n\t\t\t    <div class=\"cms-contact-info3 \">\r\n                                    <h3 class=\"entry-title\">\r\n                    Mgr. Simona Tetourov\u00e1    \r\n                <\/h3>\r\n                            <ul class=\"list-li\">\r\n                            <li>\r\n                                                                        <span class=\"item--icon\">\r\n                                <i aria-hidden=\"true\" class=\"material zmdi zmdi-input-composite\"><\/i>                                                            <\/span>\r\n                                                                                    \u0159editelka \u0161koly               <\/li>\r\n                            <li>\r\n                                                                        <span class=\"item--icon\">\r\n                                <i aria-hidden=\"true\" class=\"fas fa-phone-alt\"><\/i>                                                            <\/span>\r\n                                                                                    241 950 547, 733 365 965               <\/li>\r\n                            <li>\r\n                                                                        <span class=\"item--icon\">\r\n                                <i aria-hidden=\"true\" class=\"material zmdi zmdi-email\"><\/i>                                                            <\/span>\r\n                                                                                    reditelka@msjilove.cz               <\/li>\r\n                    <\/ul>\r\n    <\/div>\r\n\t\t<\/div>\n\t\t\t\t<\/div>\n\t\t            <\/div>\n        <\/div>\n                <div class=\"elementor-column elementor-col-33 elementor-inner-column elementor-element elementor-element-03f9b92\" data-id=\"03f9b92\" data-element_type=\"column\">\n            <div class=\"elementor-widget-wrap elementor-element-populated\">\n                        \t\t<div class=\"elementor-element elementor-element-5df45fb elementor-widget elementor-widget-cms_contact_info\" data-id=\"5df45fb\" data-element_type=\"widget\" data-widget_type=\"cms_contact_info.default\">\n\t\t\t\t<div class=\"elementor-widget-container\">\n\t\t\t    <div class=\"cms-contact-info3 \">\r\n                                    <h3 class=\"entry-title\">\r\n                    Bc. Petra Kol\u00e1\u0159ov\u00e1    \r\n                <\/h3>\r\n                            <ul class=\"list-li\">\r\n                            <li>\r\n                                                                        <span class=\"item--icon\">\r\n                                <i aria-hidden=\"true\" class=\"material zmdi zmdi-input-composite\"><\/i>                                                            <\/span>\r\n                                                                                    z\u00e1stupkyn\u011b \u0159editelky               <\/li>\r\n                            <li>\r\n                                                                        <span class=\"item--icon\">\r\n                                <i aria-hidden=\"true\" class=\"fas fa-phone-alt\"><\/i>                                                            <\/span>\r\n                                                                                    241 950 547               <\/li>\r\n                            <li>\r\n                                                                        <span class=\"item--icon\">\r\n                                <i aria-hidden=\"true\" class=\"material zmdi zmdi-email\"><\/i>                                                            <\/span>\r\n                                                                                    zastupkyne2@msjilove.cz               <\/li>\r\n                    <\/ul>\r\n    <\/div>\r\n\t\t<\/div>\n\t\t\t\t<\/div>\n\t\t            <\/div>\n        <\/div>\n                <div class=\"elementor-column elementor-col-33 elementor-inner-column elementor-element elementor-element-e86f5f1\" data-id=\"e86f5f1\" data-element_type=\"column\">\n            <div class=\"elementor-widget-wrap\">\n                                    <\/div>\n        <\/div>\n                            <\/div>\n        <\/section>\n                    <\/div>\n        <\/div>\n                            <\/div>\n        <\/section>\n        \t\t\t\t\t<\/div>\n\t\t","protected":false},"excerpt":{"rendered":"<p>M\u0160 POD \u0160KOLKOU Mate\u0159sk\u00e1 \u0161kola Pod \u0160kolkou je tvo\u0159en\u00e1 komplexem \u0161esti bezbari\u00e9rov\u00fdch p\u0159\u00edzemn\u00edch pavil\u00f3n\u016f, propojen\u00fdch atriem. T\u0159\u00eddy mate\u0159sk\u00e9 \u0161koly jsou heterogenn\u00ed a jsou pojmenov\u00e1ny podle zvolen\u00e9ho zv\u00ed\u0159\u00e1tka. T\u0159\u00edda A \u2013 [&hellip;]<\/p>\n","protected":false},"author":1,"featured_media":0,"parent":0,"menu_order":0,"comment_status":"closed","ping_status":"closed","template":"","meta":{"footnotes":""},"class_list":["post-1480","page","type-page","status-publish","hentry"],"_links":{"self":[{"href":"https:\/\/msjilove.cz\/index.php?rest_route=\/wp\/v2\/pages\/1480","targetHints":{"allow":["GET"]}}],"collection":[{"href":"https:\/\/msjilove.cz\/index.php?rest_route=\/wp\/v2\/pages"}],"about":[{"href":"https:\/\/msjilove.cz\/index.php?rest_route=\/wp\/v2\/types\/page"}],"author":[{"embeddable":true,"href":"https:\/\/msjilove.cz\/index.php?rest_route=\/wp\/v2\/users\/1"}],"replies":[{"embeddable":true,"href":"https:\/\/msjilove.cz\/index.php?rest_route=%2Fwp%2Fv2%2Fcomments&post=1480"}],"version-history":[{"count":43,"href":"https:\/\/msjilove.cz\/index.php?rest_route=\/wp\/v2\/pages\/1480\/revisions"}],"predecessor-version":[{"id":36982,"href":"https:\/\/msjilove.cz\/index.php?rest_route=\/wp\/v2\/pages\/1480\/revisions\/36982"}],"wp:attachment":[{"href":"https:\/\/msjilove.cz\/index.php?rest_route=%2Fwp%2Fv2%2Fmedia&parent=1480"}],"curies":[{"name":"wp","href":"https:\/\/api.w.org\/{rel}","templated":true}]}}