{"id":15570,"date":"2023-02-24T20:39:54","date_gmt":"2023-02-24T19:39:54","guid":{"rendered":"https:\/\/www.msjilove.cz\/?page_id=15570"},"modified":"2026-01-26T14:55:52","modified_gmt":"2026-01-26T13:55:52","slug":"elektronicky-predzapis-na-skolni-rok-2026-2027","status":"publish","type":"page","link":"https:\/\/msjilove.cz\/?page_id=15570","title":{"rendered":"Elektronick\u00fd p\u0159edz\u00e1pis na \u0161koln\u00ed rok 2026 &#8211; 2027"},"content":{"rendered":"\t\t<div data-elementor-type=\"wp-page\" data-elementor-id=\"15570\" class=\"elementor elementor-15570\">\n\t\t\t\t\t\t\t        <section class=\"elementor-section elementor-top-section elementor-element elementor-element-6b9f322 elementor-section-content-middle elementor-section-boxed elementor-section-height-default elementor-section-height-default\" data-id=\"6b9f322\" data-element_type=\"section\">\n            \n                        <div class=\"elementor-container elementor-column-gap-default \">\n                    <div class=\"elementor-column elementor-col-100 elementor-top-column elementor-element elementor-element-a95c111\" data-id=\"a95c111\" data-element_type=\"column\">\n            <div class=\"elementor-widget-wrap elementor-element-populated\">\n                        \t\t<div class=\"elementor-element elementor-element-4bff1a6 elementor-widget elementor-widget-heading\" data-id=\"4bff1a6\" data-element_type=\"widget\" data-widget_type=\"heading.default\">\n\t\t\t\t<div class=\"elementor-widget-container\">\n\t\t\t<style>\/*! elementor - v3.13.3 - 28-05-2023 *\/\n.elementor-heading-title{padding:0;margin:0;line-height:1}.elementor-widget-heading .elementor-heading-title[class*=elementor-size-]>a{color:inherit;font-size:inherit;line-height:inherit}.elementor-widget-heading .elementor-heading-title.elementor-size-small{font-size:15px}.elementor-widget-heading .elementor-heading-title.elementor-size-medium{font-size:19px}.elementor-widget-heading .elementor-heading-title.elementor-size-large{font-size:29px}.elementor-widget-heading .elementor-heading-title.elementor-size-xl{font-size:39px}.elementor-widget-heading .elementor-heading-title.elementor-size-xxl{font-size:59px}<\/style><h2 class=\"elementor-heading-title elementor-size-default\">Elektronick\u00fd p\u0159edz\u00e1pis na \u0161koln\u00ed rok 2026 \u2013 2027<\/h2>\t\t<\/div>\n\t\t\t\t<\/div>\n\t\t\t\t<div class=\"elementor-element elementor-element-fed4776 elementor-widget elementor-widget-spacer\" data-id=\"fed4776\" data-element_type=\"widget\" data-widget_type=\"spacer.default\">\n\t\t\t\t<div class=\"elementor-widget-container\">\n\t\t\t<style>\/*! elementor - v3.13.3 - 28-05-2023 *\/\n.elementor-column .elementor-spacer-inner{height:var(--spacer-size)}.e-con{--container-widget-width:100%}.e-con-inner>.elementor-widget-spacer,.e-con>.elementor-widget-spacer{width:var(--container-widget-width,var(--spacer-size));--align-self:var(--container-widget-align-self,initial);--flex-shrink:0}.e-con-inner>.elementor-widget-spacer>.elementor-widget-container,.e-con-inner>.elementor-widget-spacer>.elementor-widget-container>.elementor-spacer,.e-con>.elementor-widget-spacer>.elementor-widget-container,.e-con>.elementor-widget-spacer>.elementor-widget-container>.elementor-spacer{height:100%}.e-con-inner>.elementor-widget-spacer>.elementor-widget-container>.elementor-spacer>.elementor-spacer-inner,.e-con>.elementor-widget-spacer>.elementor-widget-container>.elementor-spacer>.elementor-spacer-inner{height:var(--container-widget-height,var(--spacer-size))}<\/style>\t\t<div class=\"elementor-spacer\">\n\t\t\t<div class=\"elementor-spacer-inner\"><\/div>\n\t\t<\/div>\n\t\t\t\t<\/div>\n\t\t\t\t<\/div>\n\t\t\t\t<div class=\"elementor-element elementor-element-af302e8 elementor-widget elementor-widget-spacer\" data-id=\"af302e8\" data-element_type=\"widget\" data-widget_type=\"spacer.default\">\n\t\t\t\t<div class=\"elementor-widget-container\">\n\t\t\t\t\t<div class=\"elementor-spacer\">\n\t\t\t<div class=\"elementor-spacer-inner\"><\/div>\n\t\t<\/div>\n\t\t\t\t<\/div>\n\t\t\t\t<\/div>\n\t\t\t\t<div class=\"elementor-element elementor-element-7bd218e elementor-widget elementor-widget-spacer\" data-id=\"7bd218e\" data-element_type=\"widget\" data-widget_type=\"spacer.default\">\n\t\t\t\t<div class=\"elementor-widget-container\">\n\t\t\t\t\t<div class=\"elementor-spacer\">\n\t\t\t<div class=\"elementor-spacer-inner\"><\/div>\n\t\t<\/div>\n\t\t\t\t<\/div>\n\t\t\t\t<\/div>\n\t\t\t\t<div class=\"elementor-element elementor-element-44eb11f elementor-widget elementor-widget-text-editor\" data-id=\"44eb11f\" data-element_type=\"widget\" data-widget_type=\"text-editor.default\">\n\t\t\t\t<div class=\"elementor-widget-container\">\n\t\t\t<style>\/*! elementor - v3.13.3 - 28-05-2023 *\/\n.elementor-widget-text-editor.elementor-drop-cap-view-stacked .elementor-drop-cap{background-color:#69727d;color:#fff}.elementor-widget-text-editor.elementor-drop-cap-view-framed .elementor-drop-cap{color:#69727d;border:3px solid;background-color:transparent}.elementor-widget-text-editor:not(.elementor-drop-cap-view-default) .elementor-drop-cap{margin-top:8px}.elementor-widget-text-editor:not(.elementor-drop-cap-view-default) .elementor-drop-cap-letter{width:1em;height:1em}.elementor-widget-text-editor .elementor-drop-cap{float:left;text-align:center;line-height:1;font-size:50px}.elementor-widget-text-editor .elementor-drop-cap-letter{display:inline-block}<\/style>\t\t\t\t<p>V\u00e1\u017een\u00ed rodi\u010de,<br \/>pro usnadn\u011bn\u00ed a urychlen\u00ed z\u00e1pisu Va\u0161eho d\u00edt\u011bte do na\u0161\u00ed mate\u0159sk\u00e9 \u0161koly m\u016f\u017eete vyu\u017e\u00edt Elektronick\u00e9ho p\u0159edz\u00e1pisu, kter\u00fd bude otev\u0159en ve dnech<\/p><p><strong>17. 2. &#8211; 17. 3. 2026<\/strong><\/p><p>Na webu: <a href=\"http:\/\/www.elektronickypredzapis.cz\" target=\"_blank\" rel=\"noopener\">www.elektronickypredzapis.cz<\/a> sta\u010d\u00ed vyhledat na\u0161\u00ed mate\u0159skou \u0161kolu, zaregistrovat se a p\u0159edzapsat se do n\u00ed. Je tak\u00e9 mo\u017eno vyu\u017e\u00edt p\u0159\u00edm\u00fd odkaz na informa\u010dn\u00ed str\u00e1nku na\u0161\u00ed mate\u0159sk\u00e9 \u0161koly:<a href=\"https:\/\/elektronickypredzapis.cz\/materska-skola\/jilove-u-prahy-pod-skolkou\" target=\"_blank\" rel=\"noopener\"> zde<\/a><\/p><p>D\u00e1le V\u00e1s program navede, jak\u00e9 dal\u0161\u00ed kroky je pot\u0159eba podniknout (tisk vypln\u011bn\u00e9 \u017e\u00e1dosti, n\u00e1v\u0161t\u011bva l\u00e9ka\u0159e) a v\u0161e pot\u0159ebn\u00e9 doru\u010dit do M\u0160 stanoven\u00fdm zp\u016fsobem v term\u00ednu \u0159\u00e1dn\u00e9ho z\u00e1pisu.<\/p><p>Informa\u010dn\u00ed let\u00e1k t\u00fdkaj\u00edc\u00ed se elektronick\u00e9ho p\u0159edz\u00e1pisu : <a href=\"https:\/\/elektronickypredzapis.cz\/public\/ep_letak.pdf\" target=\"_blank\" rel=\"noopener\">zde<\/a><\/p>\t\t\t\t\t\t<\/div>\n\t\t\t\t<\/div>\n\t\t\t\t<div class=\"elementor-element elementor-element-bbf5096 elementor-widget elementor-widget-spacer\" data-id=\"bbf5096\" data-element_type=\"widget\" data-widget_type=\"spacer.default\">\n\t\t\t\t<div class=\"elementor-widget-container\">\n\t\t\t\t\t<div class=\"elementor-spacer\">\n\t\t\t<div class=\"elementor-spacer-inner\"><\/div>\n\t\t<\/div>\n\t\t\t\t<\/div>\n\t\t\t\t<\/div>\n\t\t            <\/div>\n        <\/div>\n                            <\/div>\n        <\/section>\n                <section class=\"elementor-section elementor-top-section elementor-element elementor-element-c57b210 elementor-section-boxed elementor-section-height-default elementor-section-height-default\" data-id=\"c57b210\" data-element_type=\"section\">\n            \n                        <div class=\"elementor-container elementor-column-gap-default \">\n                    <div class=\"elementor-column elementor-col-100 elementor-top-column elementor-element elementor-element-8b8641c\" data-id=\"8b8641c\" data-element_type=\"column\">\n            <div class=\"elementor-widget-wrap\">\n                                    <\/div>\n        <\/div>\n                            <\/div>\n        <\/section>\n        \t\t\t\t\t<\/div>\n\t\t","protected":false},"excerpt":{"rendered":"<p>Elektronick\u00fd p\u0159edz\u00e1pis na \u0161koln\u00ed rok 2026 \u2013 2027 V\u00e1\u017een\u00ed rodi\u010de,pro usnadn\u011bn\u00ed a urychlen\u00ed z\u00e1pisu Va\u0161eho d\u00edt\u011bte do na\u0161\u00ed mate\u0159sk\u00e9 \u0161koly m\u016f\u017eete vyu\u017e\u00edt Elektronick\u00e9ho p\u0159edz\u00e1pisu, kter\u00fd bude otev\u0159en ve dnech 17. [&hellip;]<\/p>\n","protected":false},"author":1,"featured_media":0,"parent":0,"menu_order":0,"comment_status":"closed","ping_status":"closed","template":"","meta":{"footnotes":""},"class_list":["post-15570","page","type-page","status-publish","hentry"],"_links":{"self":[{"href":"https:\/\/msjilove.cz\/index.php?rest_route=\/wp\/v2\/pages\/15570","targetHints":{"allow":["GET"]}}],"collection":[{"href":"https:\/\/msjilove.cz\/index.php?rest_route=\/wp\/v2\/pages"}],"about":[{"href":"https:\/\/msjilove.cz\/index.php?rest_route=\/wp\/v2\/types\/page"}],"author":[{"embeddable":true,"href":"https:\/\/msjilove.cz\/index.php?rest_route=\/wp\/v2\/users\/1"}],"replies":[{"embeddable":true,"href":"https:\/\/msjilove.cz\/index.php?rest_route=%2Fwp%2Fv2%2Fcomments&post=15570"}],"version-history":[{"count":51,"href":"https:\/\/msjilove.cz\/index.php?rest_route=\/wp\/v2\/pages\/15570\/revisions"}],"predecessor-version":[{"id":37483,"href":"https:\/\/msjilove.cz\/index.php?rest_route=\/wp\/v2\/pages\/15570\/revisions\/37483"}],"wp:attachment":[{"href":"https:\/\/msjilove.cz\/index.php?rest_route=%2Fwp%2Fv2%2Fmedia&parent=15570"}],"curies":[{"name":"wp","href":"https:\/\/api.w.org\/{rel}","templated":true}]}}