{"id":20,"date":"2020-07-22T09:51:29","date_gmt":"2020-07-22T09:51:29","guid":{"rendered":"https:\/\/demo.cmssuperheroes.com\/themeforest\/kindori\/?page_id=20"},"modified":"2025-11-11T15:00:09","modified_gmt":"2025-11-11T14:00:09","slug":"contact-us","status":"publish","type":"page","link":"https:\/\/msjilove.cz\/?page_id=20","title":{"rendered":"Kontakty"},"content":{"rendered":"\t\t<div data-elementor-type=\"wp-page\" data-elementor-id=\"20\" class=\"elementor elementor-20\">\n\t\t\t\t\t\t\t        <section class=\"elementor-section elementor-top-section elementor-element elementor-element-c7f4cd8 elementor-section-boxed elementor-section-height-default elementor-section-height-default\" data-id=\"c7f4cd8\" data-element_type=\"section\">\n            \n                        <div class=\"elementor-container elementor-column-gap-default \">\n                    <div class=\"elementor-column elementor-col-33 elementor-top-column elementor-element elementor-element-22c654f\" data-id=\"22c654f\" data-element_type=\"column\">\n            <div class=\"elementor-widget-wrap elementor-element-populated\">\n                        \t\t<div class=\"elementor-element elementor-element-615985d elementor-widget elementor-widget-cms_contact_info\" data-id=\"615985d\" data-element_type=\"widget\" data-widget_type=\"cms_contact_info.default\">\n\t\t\t\t<div class=\"elementor-widget-container\">\n\t\t\t<div class=\"cms-contact-info5 border-none \">\r\n\r\n                <div class=\"item--icon\">\r\n            <img decoding=\"async\" width=\"34\" height=\"34\" src=\"https:\/\/msjilove.cz\/wp-content\/uploads\/2020\/08\/map-icon.png\" class=\"attachment-full\" alt=\"\" \/>        <\/div>\r\n    \r\n                        <h3 class=\"entry-title\">\r\n                Kontaktn\u00ed informace    \r\n            <\/h3>\r\n            \r\n            <ul class=\"list-li\">\r\n                            <li>\r\n                    M\u0160 J\u00edlov\u00e9 u Prahy               <\/li>\r\n                            <li>\r\n                    Pod \u0160kolkou 493               <\/li>\r\n                            <li>\r\n                    254 01, J\u00edlov\u00e9 u Prahy               <\/li>\r\n                    <\/ul>\r\n    <\/div>\r\n\t\t<\/div>\n\t\t\t\t<\/div>\n\t\t            <\/div>\n        <\/div>\n                <div class=\"elementor-column elementor-col-33 elementor-top-column elementor-element elementor-element-cb50e73\" data-id=\"cb50e73\" data-element_type=\"column\">\n            <div class=\"elementor-widget-wrap elementor-element-populated\">\n                        \t\t<div class=\"elementor-element elementor-element-06555f6 contact-info-custom elementor-widget elementor-widget-cms_contact_info\" data-id=\"06555f6\" data-element_type=\"widget\" data-widget_type=\"cms_contact_info.default\">\n\t\t\t\t<div class=\"elementor-widget-container\">\n\t\t\t<div class=\"cms-contact-info5 border-show \">\r\n\r\n                <div class=\"item--icon\">\r\n            <img decoding=\"async\" width=\"36\" height=\"34\" src=\"https:\/\/msjilove.cz\/wp-content\/uploads\/2020\/08\/chat-icon.png\" class=\"attachment-full\" alt=\"\" \/>        <\/div>\r\n    \r\n                        <h3 class=\"entry-title\">\r\n                Telefon    \r\n            <\/h3>\r\n            \r\n            <ul class=\"list-li\">\r\n                            <li>\r\n                    M\u0160 Pod \u0160kolkou 241 950 547, 727 941 585               <\/li>\r\n                            <li>\r\n                    M\u0160 Tyr\u0161ova 241 950 786, 727 917 956               <\/li>\r\n                            <li>\r\n                    \u0158editelka M\u0160 733 365 965               <\/li>\r\n                    <\/ul>\r\n    <\/div>\r\n\t\t<\/div>\n\t\t\t\t<\/div>\n\t\t\t\t<div class=\"elementor-element elementor-element-b5455ed elementor-widget elementor-widget-spacer\" data-id=\"b5455ed\" data-element_type=\"widget\" data-widget_type=\"spacer.default\">\n\t\t\t\t<div class=\"elementor-widget-container\">\n\t\t\t<style>\/*! elementor - v3.13.3 - 28-05-2023 *\/\n.elementor-column .elementor-spacer-inner{height:var(--spacer-size)}.e-con{--container-widget-width:100%}.e-con-inner>.elementor-widget-spacer,.e-con>.elementor-widget-spacer{width:var(--container-widget-width,var(--spacer-size));--align-self:var(--container-widget-align-self,initial);--flex-shrink:0}.e-con-inner>.elementor-widget-spacer>.elementor-widget-container,.e-con-inner>.elementor-widget-spacer>.elementor-widget-container>.elementor-spacer,.e-con>.elementor-widget-spacer>.elementor-widget-container,.e-con>.elementor-widget-spacer>.elementor-widget-container>.elementor-spacer{height:100%}.e-con-inner>.elementor-widget-spacer>.elementor-widget-container>.elementor-spacer>.elementor-spacer-inner,.e-con>.elementor-widget-spacer>.elementor-widget-container>.elementor-spacer>.elementor-spacer-inner{height:var(--container-widget-height,var(--spacer-size))}<\/style>\t\t<div class=\"elementor-spacer\">\n\t\t\t<div class=\"elementor-spacer-inner\"><\/div>\n\t\t<\/div>\n\t\t\t\t<\/div>\n\t\t\t\t<\/div>\n\t\t        <section class=\"elementor-section elementor-inner-section elementor-element elementor-element-36a4fe0 elementor-section-full_width elementor-section-height-default elementor-section-height-default\" data-id=\"36a4fe0\" data-element_type=\"section\">\n            \n                        <div class=\"elementor-container elementor-column-gap-default \">\n                    <div class=\"elementor-column elementor-col-100 elementor-inner-column elementor-element elementor-element-c5db393\" data-id=\"c5db393\" data-element_type=\"column\">\n            <div class=\"elementor-widget-wrap elementor-element-populated\">\n                        \t\t<div class=\"elementor-element elementor-element-bece5ef elementor-widget elementor-widget-cms_contact_info\" data-id=\"bece5ef\" data-element_type=\"widget\" data-widget_type=\"cms_contact_info.default\">\n\t\t\t\t<div class=\"elementor-widget-container\">\n\t\t\t<div class=\"cms-contact-info5 border-none \">\r\n\r\n            <div class=\"item--icon\">\r\n            <i aria-hidden=\"true\" class=\"material zmdi zmdi-account-box-phone\"><\/i>        <\/div>\r\n        \r\n                        <h3 class=\"entry-title\">\r\n                Povinn\u00e9 informace    \r\n            <\/h3>\r\n            \r\n            <ul class=\"list-li\">\r\n                            <li>\r\n                    \u0158editelka : Mgr. Simona Tetourov\u00e1               <\/li>\r\n                            <li>\r\n                    Z\u00e1stupkyn\u011b \u0159editelky : Bc. Petra Kol\u00e1\u0159ov\u00e1               <\/li>\r\n                            <li>\r\n                    Hospod\u00e1\u0159ka: Leona  Ra\u0161ov\u00e1, tel.: 241 950 547               <\/li>\r\n                            <li>\r\n                    hospodarka@msjilove.cz               <\/li>\r\n                            <li>\r\n                    Ds : 4timd5m               <\/li>\r\n                            <li>\r\n                    I\u010c : 70996016               <\/li>\r\n                            <li>\r\n                    \u010c\u00edslo \u00fa\u010dtu stravn\u00e9 a \u0161koln\u00e9 : 0100107251\/0800               <\/li>\r\n                            <li>\r\n                    \u010c\u00edslo \u00fa\u010dtu \u0161koln\u00ed program : 6256100379\/0800               <\/li>\r\n                    <\/ul>\r\n    <\/div>\r\n\t\t<\/div>\n\t\t\t\t<\/div>\n\t\t            <\/div>\n        <\/div>\n                            <\/div>\n        <\/section>\n                    <\/div>\n        <\/div>\n                <div class=\"elementor-column elementor-col-33 elementor-top-column elementor-element elementor-element-92f7c64\" data-id=\"92f7c64\" data-element_type=\"column\">\n            <div class=\"elementor-widget-wrap elementor-element-populated\">\n                        \t\t<div class=\"elementor-element elementor-element-797412a elementor-widget elementor-widget-cms_contact_info\" data-id=\"797412a\" data-element_type=\"widget\" data-widget_type=\"cms_contact_info.default\">\n\t\t\t\t<div class=\"elementor-widget-container\">\n\t\t\t<div class=\"cms-contact-info5 border-none \">\r\n\r\n                <div class=\"item--icon\">\r\n            <img decoding=\"async\" width=\"36\" height=\"34\" src=\"https:\/\/msjilove.cz\/wp-content\/uploads\/2020\/08\/mail-icon.png\" class=\"attachment-full\" alt=\"\" \/>        <\/div>\r\n    \r\n                        <h3 class=\"entry-title\">\r\n                Email    \r\n            <\/h3>\r\n            \r\n            <ul class=\"list-li\">\r\n                            <li>\r\n                    reditelka@msjilove.cz               <\/li>\r\n                            <li>\r\n                    zastupkyne@msjilove.cz               <\/li>\r\n                    <\/ul>\r\n    <\/div>\r\n\t\t<\/div>\n\t\t\t\t<\/div>\n\t\t            <\/div>\n        <\/div>\n                            <\/div>\n        <\/section>\n                <section class=\"elementor-section elementor-top-section elementor-element elementor-element-495f070 elementor-section-boxed elementor-section-height-default elementor-section-height-default\" data-id=\"495f070\" data-element_type=\"section\">\n            \n                        <div class=\"elementor-container elementor-column-gap-default \">\n                    <div class=\"elementor-column elementor-col-50 elementor-top-column elementor-element elementor-element-055c377\" data-id=\"055c377\" data-element_type=\"column\">\n            <div class=\"elementor-widget-wrap elementor-element-populated\">\n                        \t\t<div class=\"elementor-element elementor-element-305d8cd elementor-widget elementor-widget-cms_heading\" data-id=\"305d8cd\" data-element_type=\"widget\" data-widget_type=\"cms_heading.default\">\n\t\t\t\t<div class=\"elementor-widget-container\">\n\t\t\t<div class=\"cms-heading-wrapper cms-heading-layout1 \">\r\n    \r\n            <h3 class=\"custom-heading\">\r\n            <span                 >\r\n                Po\u0161lete n\u00e1m zpr\u00e1vu<\/span>\r\n        <\/h3>\r\n        \r\n    <\/div>\t\t<\/div>\n\t\t\t\t<\/div>\n\t\t\t\t<div class=\"elementor-element elementor-element-cc61d67 elementor-widget elementor-widget-cms_ctf7\" data-id=\"cc61d67\" data-element_type=\"widget\" data-widget_type=\"cms_ctf7.default\">\n\t\t\t\t<div class=\"elementor-widget-container\">\n\t\t\t    <div id=\"cms_ctf7-cc61d67\" class=\"cms-contact-form layout1\">\r\n        <div class=\"cms-contact-form-inner style1 \">\r\n            <div class=\"col-inner-box button-style1\">\r\n                \n<div class=\"wpcf7 no-js\" id=\"wpcf7-f6-o1\" lang=\"en-US\" dir=\"ltr\" data-wpcf7-id=\"6\">\n<div class=\"screen-reader-response\"><p role=\"status\" aria-live=\"polite\" aria-atomic=\"true\"><\/p> <ul><\/ul><\/div>\n<form action=\"\/index.php?rest_route=%2Fwp%2Fv2%2Fpages%2F20#wpcf7-f6-o1\" method=\"post\" class=\"wpcf7-form init\" aria-label=\"Contact form\" novalidate=\"novalidate\" data-status=\"init\">\n<fieldset class=\"hidden-fields-container\"><input type=\"hidden\" name=\"_wpcf7\" value=\"6\" \/><input type=\"hidden\" name=\"_wpcf7_version\" value=\"6.1.5\" \/><input type=\"hidden\" name=\"_wpcf7_locale\" value=\"en_US\" \/><input type=\"hidden\" name=\"_wpcf7_unit_tag\" value=\"wpcf7-f6-o1\" \/><input type=\"hidden\" name=\"_wpcf7_container_post\" value=\"0\" \/><input type=\"hidden\" name=\"_wpcf7_posted_data_hash\" value=\"\" \/>\n<\/fieldset>\n<div class=\"wp-row-ctf7\">\n\t<div class=\"row\">\n\t\t<div class=\"col-12\">\n\t\t\t<div class=\"input-filled\">\n\t\t\t\t<p><span class=\"wpcf7-form-control-wrap\" data-name=\"your-name\"><input size=\"40\" maxlength=\"400\" class=\"wpcf7-form-control wpcf7-text wpcf7-validates-as-required\" aria-required=\"true\" aria-invalid=\"false\" placeholder=\"Va\u0161e jm\u00e9no\" value=\"\" type=\"text\" name=\"your-name\" \/><\/span>\n\t\t\t\t<\/p>\n\t\t\t<\/div>\n\t\t<\/div>\n\t\t<div class=\"col-12\">\n\t\t\t<div class=\"input-filled\">\n\t\t\t\t<p><span class=\"wpcf7-form-control-wrap\" data-name=\"your-email\"><input size=\"40\" maxlength=\"400\" class=\"wpcf7-form-control wpcf7-email wpcf7-validates-as-required wpcf7-text wpcf7-validates-as-email\" aria-required=\"true\" aria-invalid=\"false\" placeholder=\"V\u00e1\u0161 Email\" value=\"\" type=\"email\" name=\"your-email\" \/><\/span>\n\t\t\t\t<\/p>\n\t\t\t<\/div>\n\t\t<\/div>\n\t\t<div class=\"col-12\">\n\t\t\t<div class=\"input-filled\">\n\t\t\t\t<p><span class=\"wpcf7-form-control-wrap\" data-name=\"your-phone\"><input size=\"40\" maxlength=\"400\" class=\"wpcf7-form-control wpcf7-text wpcf7-validates-as-required\" aria-required=\"true\" aria-invalid=\"false\" placeholder=\"V\u00e1\u0161 telefon\" value=\"\" type=\"text\" name=\"your-phone\" \/><\/span>\n\t\t\t\t<\/p>\n\t\t\t<\/div>\n\t\t<\/div>\n\t\t<div class=\"col-12\">\n\t\t\t<div class=\"input-filled\">\n\t\t\t\t<p><span class=\"wpcf7-form-control-wrap\" data-name=\"your-message\"><textarea cols=\"40\" rows=\"10\" maxlength=\"2000\" class=\"wpcf7-form-control wpcf7-textarea\" aria-invalid=\"false\" placeholder=\"Zpr\u00e1va\" name=\"your-message\"><\/textarea><\/span>\n\t\t\t\t<\/p>\n\t\t\t<\/div>\n\t\t<\/div>\n\t<\/div>\n<\/div>\n<div class=\"row\">\n\t<div class=\"col-12\">\n\t\t<p><input class=\"wpcf7-form-control wpcf7-submit has-spinner btn\" type=\"submit\" value=\"Odeslat zpr\u00e1vu\" \/>\n\t\t<\/p>\n\t<\/div>\n<\/div><div class=\"wpcf7-response-output\" aria-hidden=\"true\"><\/div>\n<\/form>\n<\/div>\n            <\/div>\r\n        <\/div>\r\n    <\/div>\r\n\t\t<\/div>\n\t\t\t\t<\/div>\n\t\t            <\/div>\n        <\/div>\n                <div class=\"elementor-column elementor-col-50 elementor-top-column elementor-element elementor-element-efcdc18\" data-id=\"efcdc18\" data-element_type=\"column\">\n            <div class=\"elementor-widget-wrap elementor-element-populated\">\n                        \t\t<div class=\"elementor-element elementor-element-8730f0c elementor-widget elementor-widget-cms_heading\" data-id=\"8730f0c\" data-element_type=\"widget\" data-widget_type=\"cms_heading.default\">\n\t\t\t\t<div class=\"elementor-widget-container\">\n\t\t\t<div class=\"cms-heading-wrapper cms-heading-layout1 \">\r\n    \r\n            <h3 class=\"custom-heading\">\r\n            <span                 >\r\n                Pozice na map\u011b<\/span>\r\n        <\/h3>\r\n        \r\n    <\/div>\t\t<\/div>\n\t\t\t\t<\/div>\n\t\t\t\t<div class=\"elementor-element elementor-element-1d8c968 google-map-custom elementor-widget elementor-widget-google_maps\" data-id=\"1d8c968\" data-element_type=\"widget\" data-widget_type=\"google_maps.default\">\n\t\t\t\t<div class=\"elementor-widget-container\">\n\t\t\t<style>\/*! elementor - v3.13.3 - 28-05-2023 *\/\n.elementor-widget-google_maps .elementor-widget-container{overflow:hidden}.elementor-widget-google_maps .elementor-custom-embed{line-height:0}.elementor-widget-google_maps iframe{height:300px}<\/style>\t\t<div class=\"elementor-custom-embed\">\n\t\t\t<iframe loading=\"lazy\"\n\t\t\t\t\tsrc=\"https:\/\/maps.google.com\/maps?q=Pod%20%C5%A0kolkou%20241&#038;t=m&#038;z=15&#038;output=embed&#038;iwloc=near\"\n\t\t\t\t\ttitle=\"Pod \u0160kolkou 241\"\n\t\t\t\t\taria-label=\"Pod \u0160kolkou 241\"\n\t\t\t><\/iframe>\n\t\t<\/div>\n\t\t\t\t<\/div>\n\t\t\t\t<\/div>\n\t\t            <\/div>\n        <\/div>\n                            <\/div>\n        <\/section>\n        \t\t\t\t\t<\/div>\n\t\t","protected":false},"excerpt":{"rendered":"<p>Kontaktn\u00ed informace M\u0160 J\u00edlov\u00e9 u Prahy Pod \u0160kolkou 493 254 01, J\u00edlov\u00e9 u Prahy Telefon M\u0160 Pod \u0160kolkou 241 950 547, 727 941 585 M\u0160 Tyr\u0161ova 241 950 786, 727 [&hellip;]<\/p>\n","protected":false},"author":1,"featured_media":0,"parent":0,"menu_order":0,"comment_status":"closed","ping_status":"closed","template":"","meta":{"footnotes":""},"class_list":["post-20","page","type-page","status-publish","hentry"],"_links":{"self":[{"href":"https:\/\/msjilove.cz\/index.php?rest_route=\/wp\/v2\/pages\/20","targetHints":{"allow":["GET"]}}],"collection":[{"href":"https:\/\/msjilove.cz\/index.php?rest_route=\/wp\/v2\/pages"}],"about":[{"href":"https:\/\/msjilove.cz\/index.php?rest_route=\/wp\/v2\/types\/page"}],"author":[{"embeddable":true,"href":"https:\/\/msjilove.cz\/index.php?rest_route=\/wp\/v2\/users\/1"}],"replies":[{"embeddable":true,"href":"https:\/\/msjilove.cz\/index.php?rest_route=%2Fwp%2Fv2%2Fcomments&post=20"}],"version-history":[{"count":52,"href":"https:\/\/msjilove.cz\/index.php?rest_route=\/wp\/v2\/pages\/20\/revisions"}],"predecessor-version":[{"id":36957,"href":"https:\/\/msjilove.cz\/index.php?rest_route=\/wp\/v2\/pages\/20\/revisions\/36957"}],"wp:attachment":[{"href":"https:\/\/msjilove.cz\/index.php?rest_route=%2Fwp%2Fv2%2Fmedia&parent=20"}],"curies":[{"name":"wp","href":"https:\/\/api.w.org\/{rel}","templated":true}]}}