{"id":4971,"date":"2022-01-24T19:38:40","date_gmt":"2022-01-24T18:38:40","guid":{"rendered":"http:\/\/novyweb.msjilove.cz\/?page_id=4971"},"modified":"2025-11-11T14:55:01","modified_gmt":"2025-11-11T13:55:01","slug":"tridy-ms-tyrsova","status":"publish","type":"page","link":"https:\/\/msjilove.cz\/?page_id=4971","title":{"rendered":"T\u0159\u00eddy M\u0160 Tyr\u0161ova"},"content":{"rendered":"\t\t<div data-elementor-type=\"wp-page\" data-elementor-id=\"4971\" class=\"elementor elementor-4971\">\n\t\t\t\t\t\t\t        <section class=\"elementor-section elementor-top-section elementor-element elementor-element-b4851b5 elementor-section-boxed elementor-section-height-default elementor-section-height-default\" data-id=\"b4851b5\" data-element_type=\"section\">\n            \n                        <div class=\"elementor-container elementor-column-gap-default \">\n                    <div class=\"elementor-column elementor-col-100 elementor-top-column elementor-element elementor-element-4ef64e6\" data-id=\"4ef64e6\" data-element_type=\"column\">\n            <div class=\"elementor-widget-wrap elementor-element-populated\">\n                        \t\t<div class=\"elementor-element elementor-element-2686a54 elementor-widget elementor-widget-cms_text_editor\" data-id=\"2686a54\" data-element_type=\"widget\" data-widget_type=\"cms_text_editor.default\">\n\t\t\t\t<div class=\"elementor-widget-container\">\n\t\t\t    <div class=\"elementor-text-editor elementor-clearfix \"><p>M\u0160 Tyr\u0161ova nav\u0161t\u011bvuje 72 d\u011bt\u00ed. Jsou rozd\u011bleny do \u010dty\u0159 t\u0159\u00edd \u2013 Veverky, Je\u017ee\u010dci, Medv\u00eddci, Li\u0161ti\u010dky. <span style=\"font-size: 1rem;letter-spacing: 0px\">Od ledna 2015 M\u0160 funguje v rekonstruovan\u00fdch budov\u00e1ch v Tyr\u0161ov\u011b ulici.<\/span><\/p><\/div>\t\t<\/div>\n\t\t\t\t<\/div>\n\t\t        <section class=\"elementor-section elementor-inner-section elementor-element elementor-element-333f8a2 elementor-section-boxed elementor-section-height-default elementor-section-height-default\" data-id=\"333f8a2\" data-element_type=\"section\">\n            \n                        <div class=\"elementor-container elementor-column-gap-default \">\n                    <div class=\"elementor-column elementor-col-33 elementor-inner-column elementor-element elementor-element-6a41eeb\" data-id=\"6a41eeb\" data-element_type=\"column\">\n            <div class=\"elementor-widget-wrap elementor-element-populated\">\n                        \t\t<div class=\"elementor-element elementor-element-74bf19c elementor-widget elementor-widget-cms_contact_info\" data-id=\"74bf19c\" data-element_type=\"widget\" data-widget_type=\"cms_contact_info.default\">\n\t\t\t\t<div class=\"elementor-widget-container\">\n\t\t\t    <div class=\"cms-contact-info3 \">\r\n                                    <ul class=\"list-li\">\r\n                            <li>\r\n                                                                        <span class=\"item--icon\">\r\n                                <i aria-hidden=\"true\" class=\"fas fa-phone-alt\"><\/i>                                                            <\/span>\r\n                                                                                    241 950 786               <\/li>\r\n                            <li>\r\n                                                                        <span class=\"item--icon\">\r\n                                <i aria-hidden=\"true\" class=\"fas fa-mobile-alt\"><\/i>                                                            <\/span>\r\n                                                                                    727 917 956               <\/li>\r\n                            <li>\r\n                                                                        <span class=\"item--icon\">\r\n                                <i aria-hidden=\"true\" class=\"material zmdi zmdi-email\"><\/i>                                                            <\/span>\r\n                                                                                    zastupkyne2@msjilove.cz               <\/li>\r\n                    <\/ul>\r\n    <\/div>\r\n\t\t<\/div>\n\t\t\t\t<\/div>\n\t\t            <\/div>\n        <\/div>\n                <div class=\"elementor-column elementor-col-33 elementor-inner-column elementor-element elementor-element-f9e1ed8\" data-id=\"f9e1ed8\" data-element_type=\"column\">\n            <div class=\"elementor-widget-wrap elementor-element-populated\">\n                        \t\t<div class=\"elementor-element elementor-element-446f77e elementor-widget elementor-widget-cms_contact_info\" data-id=\"446f77e\" data-element_type=\"widget\" data-widget_type=\"cms_contact_info.default\">\n\t\t\t\t<div class=\"elementor-widget-container\">\n\t\t\t    <div class=\"cms-contact-info3 \">\r\n                                    <h3 class=\"entry-title\">\r\n                    Kontakty t\u0159\u00eddy    \r\n                <\/h3>\r\n                            <ul class=\"list-li\">\r\n                            <li>\r\n                                                                        <span class=\"item--icon\">\r\n                                <i aria-hidden=\"true\" class=\"material zmdi zmdi-email\"><\/i>                                                            <\/span>\r\n                                                                                    veverky@msjilove.cz               <\/li>\r\n                            <li>\r\n                                                                        <span class=\"item--icon\">\r\n                                <i aria-hidden=\"true\" class=\"material zmdi zmdi-email\"><\/i>                                                            <\/span>\r\n                                                                                    jezecci@msjilove.cz               <\/li>\r\n                            <li>\r\n                                                                        <span class=\"item--icon\">\r\n                                <i aria-hidden=\"true\" class=\"material zmdi zmdi-email\"><\/i>                                                            <\/span>\r\n                                                                                    medvidci@msjilove.cz               <\/li>\r\n                            <li>\r\n                                                                        <span class=\"item--icon\">\r\n                                <i aria-hidden=\"true\" class=\"material zmdi zmdi-email\"><\/i>                                                            <\/span>\r\n                                                                                    listicky@msjilove.cz               <\/li>\r\n                    <\/ul>\r\n    <\/div>\r\n\t\t<\/div>\n\t\t\t\t<\/div>\n\t\t            <\/div>\n        <\/div>\n                <div class=\"elementor-column elementor-col-33 elementor-inner-column elementor-element elementor-element-bcb9fbc\" data-id=\"bcb9fbc\" data-element_type=\"column\">\n            <div class=\"elementor-widget-wrap\">\n                                    <\/div>\n        <\/div>\n                            <\/div>\n        <\/section>\n        \t\t<div class=\"elementor-element elementor-element-ab9b5bd elementor-widget elementor-widget-spacer\" data-id=\"ab9b5bd\" data-element_type=\"widget\" data-widget_type=\"spacer.default\">\n\t\t\t\t<div class=\"elementor-widget-container\">\n\t\t\t<style>\/*! elementor - v3.13.3 - 28-05-2023 *\/\n.elementor-column .elementor-spacer-inner{height:var(--spacer-size)}.e-con{--container-widget-width:100%}.e-con-inner>.elementor-widget-spacer,.e-con>.elementor-widget-spacer{width:var(--container-widget-width,var(--spacer-size));--align-self:var(--container-widget-align-self,initial);--flex-shrink:0}.e-con-inner>.elementor-widget-spacer>.elementor-widget-container,.e-con-inner>.elementor-widget-spacer>.elementor-widget-container>.elementor-spacer,.e-con>.elementor-widget-spacer>.elementor-widget-container,.e-con>.elementor-widget-spacer>.elementor-widget-container>.elementor-spacer{height:100%}.e-con-inner>.elementor-widget-spacer>.elementor-widget-container>.elementor-spacer>.elementor-spacer-inner,.e-con>.elementor-widget-spacer>.elementor-widget-container>.elementor-spacer>.elementor-spacer-inner{height:var(--container-widget-height,var(--spacer-size))}<\/style>\t\t<div class=\"elementor-spacer\">\n\t\t\t<div class=\"elementor-spacer-inner\"><\/div>\n\t\t<\/div>\n\t\t\t\t<\/div>\n\t\t\t\t<\/div>\n\t\t\t\t<div class=\"elementor-element elementor-element-b6a1149 elementor-widget elementor-widget-cms_classes_grid\" data-id=\"b6a1149\" data-element_type=\"widget\" data-widget_type=\"cms_classes_grid.default\">\n\t\t\t\t<div class=\"elementor-widget-container\">\n\t\t\t\r\n<div id=\"cms_classes_grid-b6a1149\" class=\"cms-grid cms-classes-grid layout1 wow fadeIn\" data-layout=\"masonry\" data-start-page=\"1\" data-max-pages=\"1\" data-total=\"4\" data-perpage=\"12\" data-next-link=\"\">\r\n    <div class=\"cms-grid-overlay\"><\/div>\r\n    \r\n    <div class=\"cms-grid-inner cms-grid-masonry row animation-time\" data-gutter=\"7\">\r\n                    <div class=\"grid-sizer col-xl-3 col-lg-3 col-md-6 col-sm-6 col-12\"><\/div>\r\n                                <div class=\"grid-item col-xl-3 col-lg-3 col-md-6 col-sm-6 col-12 \">\r\n                    <div class=\"grid-item-inner\">\r\n                        <div class=\"classes-item\">\r\n                                                            <div class=\"entry-featured image-light-box\">\r\n                                    <img decoding=\"async\" width=\"702\" height=\"600\" src=\"https:\/\/msjilove.cz\/wp-content\/uploads\/2022\/01\/veverky-702x600.jpeg\" class=\"attachment-woocommerce_single\" alt=\"\" \/>                                    <a class=\"light-box\" href=\"https:\/\/msjilove.cz\/wp-content\/uploads\/2022\/01\/veverky.jpeg\">+<\/a>\r\n                                <\/div>\r\n                                                        <div class=\"entry-body\">\r\n                                                                    <h3 class=\"entry-title\"><a href=\"https:\/\/msjilove.cz\/?classes=veverky\">Veverky<\/a><\/h3>\r\n                                                                                                    <div class=\"entry-content\">\r\n                                        Veverky t\u0159\u00edda d\u011bt\u00ed 3 &#8211; 4 roky Mil\u00ed rodi\u010de, v\u00edt\u00e1me V\u00e1s ve t\u0159\u00edd\u011b VEVEREK Tento rok pracujeme podle pl\u00e1nu \u010ctvero ro\u010dn\u00edch obdob\u00ed. V na\u0161\u00ed t\u0159\u00edd\u011b&hellip;                                    <\/div>\r\n                                                                <!--\n                                <div class=\"entry-meta\">\r                                \n                                                                            <div class=\"item-box\">\r\n                                            <label>PAge<\/label>\r\n                                            <div class=\"box-value\">\r\n                                                <span>1 - 3 Years<\/span>\r\n                                            <\/div>\r\n                                        <\/div>\r\n                                                                                                                <div class=\"item-box\">\r\n                                            <label>Size<\/label>\r\n                                            <div class=\"box-value\">\r\n                                                <span>3 Classes<\/span>\r\n                                            <\/div>\r\n                                        <\/div>\r\n                                                                                                                <div class=\"item-box\">\r\n                                            <label>Price<\/label>\r\n                                            <div class=\"box-value\">\r\n                                                <span>$34.00<\/span>\r\n                                                <span>\/Day<\/span>\r\n                                            <\/div>\r\n                                        <\/div>\r\n                                                                    <\/div>\r\n                                -->\n                            <\/div>\r\n                        <\/div>\r\n                    <\/div>\r\n                <\/div>\r\n                            <div class=\"grid-item col-xl-3 col-lg-3 col-md-6 col-sm-6 col-12 \">\r\n                    <div class=\"grid-item-inner\">\r\n                        <div class=\"classes-item\">\r\n                                                            <div class=\"entry-featured image-light-box\">\r\n                                    <img decoding=\"async\" width=\"702\" height=\"600\" src=\"https:\/\/msjilove.cz\/wp-content\/uploads\/2022\/01\/jezecci-702x600.png\" class=\"attachment-woocommerce_single\" alt=\"\" \/>                                    <a class=\"light-box\" href=\"https:\/\/msjilove.cz\/wp-content\/uploads\/2022\/01\/jezecci.png\">+<\/a>\r\n                                <\/div>\r\n                                                        <div class=\"entry-body\">\r\n                                                                    <h3 class=\"entry-title\"><a href=\"https:\/\/msjilove.cz\/?classes=jezecci\">Je\u017ee\u010dci<\/a><\/h3>\r\n                                                                                                    <div class=\"entry-content\">\r\n                                        Je\u017ee\u010dci t\u0159\u00edda d\u011bt\u00ed 4 &#8211; 5 let Mil\u00ed rodi\u010de, v\u00edt\u00e1me V\u00e1s ve t\u0159\u00edd\u011b Je\u017dE\u010cK\u016f Na\u0161e mate\u0159sk\u00e1 \u0161kola\u00a0pracuje podle \u0161koln\u00edho vzd\u011bl\u00e1vac\u00edho programu \u010ctvero ro\u010dn\u00edch obdob\u00ed. T\u0159\u00edda&hellip;                                    <\/div>\r\n                                                                <!--\n                                <div class=\"entry-meta\">\r                                \n                                                                            <div class=\"item-box\">\r\n                                            <label>PAge<\/label>\r\n                                            <div class=\"box-value\">\r\n                                                <span>1 - 3 Years<\/span>\r\n                                            <\/div>\r\n                                        <\/div>\r\n                                                                                                                <div class=\"item-box\">\r\n                                            <label>Size<\/label>\r\n                                            <div class=\"box-value\">\r\n                                                <span>3 Classes<\/span>\r\n                                            <\/div>\r\n                                        <\/div>\r\n                                                                                                                <div class=\"item-box\">\r\n                                            <label>Price<\/label>\r\n                                            <div class=\"box-value\">\r\n                                                <span>$34.00<\/span>\r\n                                                <span>\/Day<\/span>\r\n                                            <\/div>\r\n                                        <\/div>\r\n                                                                    <\/div>\r\n                                -->\n                            <\/div>\r\n                        <\/div>\r\n                    <\/div>\r\n                <\/div>\r\n                            <div class=\"grid-item col-xl-3 col-lg-3 col-md-6 col-sm-6 col-12 \">\r\n                    <div class=\"grid-item-inner\">\r\n                        <div class=\"classes-item\">\r\n                                                            <div class=\"entry-featured image-light-box\">\r\n                                    <img decoding=\"async\" width=\"702\" height=\"600\" src=\"https:\/\/msjilove.cz\/wp-content\/uploads\/2022\/01\/medved.png-702x600.png\" class=\"attachment-woocommerce_single\" alt=\"\" \/>                                    <a class=\"light-box\" href=\"https:\/\/msjilove.cz\/wp-content\/uploads\/2022\/01\/medved.png.png\">+<\/a>\r\n                                <\/div>\r\n                                                        <div class=\"entry-body\">\r\n                                                                    <h3 class=\"entry-title\"><a href=\"https:\/\/msjilove.cz\/?classes=medvidci\">Medv\u00eddci<\/a><\/h3>\r\n                                                                                                    <div class=\"entry-content\">\r\n                                        Medv\u00eddci v\u011bkov\u011b sm\u00ed\u0161en\u00e1 t\u0159\u00edda Mil\u00ed rodi\u010de, v\u00edt\u00e1me V\u00e1s ve t\u0159\u00edd\u011b MEDV\u00cdDK\u016f Pracujeme podle na\u0161eho \u0161koln\u00edho vzd\u011bl\u00e1vac\u00edho programu \u010ctvero ro\u010dn\u00edch obdob\u00ed. Abychom si ve \u0161kolce u\u017eili&hellip;                                    <\/div>\r\n                                                                <!--\n                                <div class=\"entry-meta\">\r                                \n                                                                            <div class=\"item-box\">\r\n                                            <label>PAge<\/label>\r\n                                            <div class=\"box-value\">\r\n                                                <span>1 - 3 Years<\/span>\r\n                                            <\/div>\r\n                                        <\/div>\r\n                                                                                                                <div class=\"item-box\">\r\n                                            <label>Size<\/label>\r\n                                            <div class=\"box-value\">\r\n                                                <span>3 Classes<\/span>\r\n                                            <\/div>\r\n                                        <\/div>\r\n                                                                                                                <div class=\"item-box\">\r\n                                            <label>Price<\/label>\r\n                                            <div class=\"box-value\">\r\n                                                <span>$34.00<\/span>\r\n                                                <span>\/Day<\/span>\r\n                                            <\/div>\r\n                                        <\/div>\r\n                                                                    <\/div>\r\n                                -->\n                            <\/div>\r\n                        <\/div>\r\n                    <\/div>\r\n                <\/div>\r\n                            <div class=\"grid-item col-xl-3 col-lg-3 col-md-6 col-sm-6 col-12 \">\r\n                    <div class=\"grid-item-inner\">\r\n                        <div class=\"classes-item\">\r\n                                                            <div class=\"entry-featured image-light-box\">\r\n                                    <img decoding=\"async\" width=\"702\" height=\"600\" src=\"https:\/\/msjilove.cz\/wp-content\/uploads\/2022\/01\/listicky-702x600.png\" class=\"attachment-woocommerce_single\" alt=\"\" \/>                                    <a class=\"light-box\" href=\"https:\/\/msjilove.cz\/wp-content\/uploads\/2022\/01\/listicky.png\">+<\/a>\r\n                                <\/div>\r\n                                                        <div class=\"entry-body\">\r\n                                                                    <h3 class=\"entry-title\"><a href=\"https:\/\/msjilove.cz\/?classes=listicky\">Li\u0161ti\u010dky<\/a><\/h3>\r\n                                                                                                    <div class=\"entry-content\">\r\n                                        Li\u0161ti\u010dky p\u0159ed\u0161koln\u00ed t\u0159\u00edda V\u00edt\u00e1me V\u00e1s ve t\u0159\u00edd\u011b LI\u0160TI\u010cEK Na\u0161e t\u0159\u00edda LI\u0160TI\u010cKY je t\u0159\u00edda p\u0159ed\u0161koln\u00edch d\u011bt\u00ed, kter\u00e9 se p\u0159ipravuj\u00ed na vstup do \u0161koly. Vedeme d\u011bti k\u00a0samostatnosti,&hellip;                                    <\/div>\r\n                                                                <!--\n                                <div class=\"entry-meta\">\r                                \n                                                                            <div class=\"item-box\">\r\n                                            <label>PAge<\/label>\r\n                                            <div class=\"box-value\">\r\n                                                <span>1 - 3 Years<\/span>\r\n                                            <\/div>\r\n                                        <\/div>\r\n                                                                                                                <div class=\"item-box\">\r\n                                            <label>Size<\/label>\r\n                                            <div class=\"box-value\">\r\n                                                <span>3 Classes<\/span>\r\n                                            <\/div>\r\n                                        <\/div>\r\n                                                                                                                <div class=\"item-box\">\r\n                                            <label>Price<\/label>\r\n                                            <div class=\"box-value\">\r\n                                                <span>$34.00<\/span>\r\n                                                <span>\/Day<\/span>\r\n                                            <\/div>\r\n                                        <\/div>\r\n                                                                    <\/div>\r\n                                -->\n                            <\/div>\r\n                        <\/div>\r\n                    <\/div>\r\n                <\/div>\r\n                <\/div>\r\n        <\/div>\t\t<\/div>\n\t\t\t\t<\/div>\n\t\t            <\/div>\n        <\/div>\n                            <\/div>\n        <\/section>\n        \t\t\t\t\t<\/div>\n\t\t","protected":false},"excerpt":{"rendered":"<p>M\u0160 Tyr\u0161ova nav\u0161t\u011bvuje 72 d\u011bt\u00ed. Jsou rozd\u011bleny do \u010dty\u0159 t\u0159\u00edd \u2013 Veverky, Je\u017ee\u010dci, Medv\u00eddci, Li\u0161ti\u010dky. Od ledna 2015 M\u0160 funguje v rekonstruovan\u00fdch budov\u00e1ch v Tyr\u0161ov\u011b ulici. 241 950 786 727 [&hellip;]<\/p>\n","protected":false},"author":1,"featured_media":0,"parent":0,"menu_order":0,"comment_status":"closed","ping_status":"closed","template":"","meta":{"footnotes":""},"class_list":["post-4971","page","type-page","status-publish","hentry"],"_links":{"self":[{"href":"https:\/\/msjilove.cz\/index.php?rest_route=\/wp\/v2\/pages\/4971","targetHints":{"allow":["GET"]}}],"collection":[{"href":"https:\/\/msjilove.cz\/index.php?rest_route=\/wp\/v2\/pages"}],"about":[{"href":"https:\/\/msjilove.cz\/index.php?rest_route=\/wp\/v2\/types\/page"}],"author":[{"embeddable":true,"href":"https:\/\/msjilove.cz\/index.php?rest_route=\/wp\/v2\/users\/1"}],"replies":[{"embeddable":true,"href":"https:\/\/msjilove.cz\/index.php?rest_route=%2Fwp%2Fv2%2Fcomments&post=4971"}],"version-history":[{"count":49,"href":"https:\/\/msjilove.cz\/index.php?rest_route=\/wp\/v2\/pages\/4971\/revisions"}],"predecessor-version":[{"id":36954,"href":"https:\/\/msjilove.cz\/index.php?rest_route=\/wp\/v2\/pages\/4971\/revisions\/36954"}],"wp:attachment":[{"href":"https:\/\/msjilove.cz\/index.php?rest_route=%2Fwp%2Fv2%2Fmedia&parent=4971"}],"curies":[{"name":"wp","href":"https:\/\/api.w.org\/{rel}","templated":true}]}}