{"id":5105,"date":"2022-01-25T19:19:14","date_gmt":"2022-01-25T18:19:14","guid":{"rendered":"http:\/\/novyweb.msjilove.cz\/?page_id=5105"},"modified":"2022-02-03T18:24:15","modified_gmt":"2022-02-03T17:24:15","slug":"stravovani","status":"publish","type":"page","link":"https:\/\/msjilove.cz\/?page_id=5105","title":{"rendered":"Stravov\u00e1n\u00ed"},"content":{"rendered":"\t\t<div data-elementor-type=\"wp-page\" data-elementor-id=\"5105\" class=\"elementor elementor-5105\">\n\t\t\t\t\t\t\t        <section class=\"elementor-section elementor-top-section elementor-element elementor-element-6b9f322 elementor-section-content-middle elementor-section-boxed elementor-section-height-default elementor-section-height-default\" data-id=\"6b9f322\" data-element_type=\"section\">\n            \n                        <div class=\"elementor-container elementor-column-gap-default \">\n                    <div class=\"elementor-column elementor-col-50 elementor-top-column elementor-element elementor-element-a95c111\" data-id=\"a95c111\" data-element_type=\"column\">\n            <div class=\"elementor-widget-wrap elementor-element-populated\">\n                        \t\t<div class=\"elementor-element elementor-element-70c858e elementor-widget elementor-widget-cms_heading\" data-id=\"70c858e\" data-element_type=\"widget\" data-widget_type=\"cms_heading.default\">\n\t\t\t\t<div class=\"elementor-widget-container\">\n\t\t\t<div class=\"cms-heading-wrapper cms-heading-layout1 \">\r\n    \r\n            <h3 class=\"custom-heading\">\r\n            <span                 >\r\n                Infomace o stravov\u00e1n\u00ed<\/span>\r\n        <\/h3>\r\n        \r\n            <div class=\"custom-heading-description\">\r\n            Ve\u0161ker\u00e9 informace o stravov\u00e1n\u00ed naleznete na webu \u0160koln\u00ed j\u00eddelny mate\u0159sk\u00fdch \u0161kol J\u00edlov\u00e9 u Prahy\n        <\/div>\r\n    <\/div>\t\t<\/div>\n\t\t\t\t<\/div>\n\t\t\t\t<div class=\"elementor-element elementor-element-718321d elementor-widget elementor-widget-spacer\" data-id=\"718321d\" data-element_type=\"widget\" data-widget_type=\"spacer.default\">\n\t\t\t\t<div class=\"elementor-widget-container\">\n\t\t\t<style>\/*! elementor - v3.13.3 - 28-05-2023 *\/\n.elementor-column .elementor-spacer-inner{height:var(--spacer-size)}.e-con{--container-widget-width:100%}.e-con-inner>.elementor-widget-spacer,.e-con>.elementor-widget-spacer{width:var(--container-widget-width,var(--spacer-size));--align-self:var(--container-widget-align-self,initial);--flex-shrink:0}.e-con-inner>.elementor-widget-spacer>.elementor-widget-container,.e-con-inner>.elementor-widget-spacer>.elementor-widget-container>.elementor-spacer,.e-con>.elementor-widget-spacer>.elementor-widget-container,.e-con>.elementor-widget-spacer>.elementor-widget-container>.elementor-spacer{height:100%}.e-con-inner>.elementor-widget-spacer>.elementor-widget-container>.elementor-spacer>.elementor-spacer-inner,.e-con>.elementor-widget-spacer>.elementor-widget-container>.elementor-spacer>.elementor-spacer-inner{height:var(--container-widget-height,var(--spacer-size))}<\/style>\t\t<div class=\"elementor-spacer\">\n\t\t\t<div class=\"elementor-spacer-inner\"><\/div>\n\t\t<\/div>\n\t\t\t\t<\/div>\n\t\t\t\t<\/div>\n\t\t\t\t<div class=\"elementor-element elementor-element-d2bbfc2 elementor-widget elementor-widget-heading\" data-id=\"d2bbfc2\" data-element_type=\"widget\" data-widget_type=\"heading.default\">\n\t\t\t\t<div class=\"elementor-widget-container\">\n\t\t\t<style>\/*! elementor - v3.13.3 - 28-05-2023 *\/\n.elementor-heading-title{padding:0;margin:0;line-height:1}.elementor-widget-heading .elementor-heading-title[class*=elementor-size-]>a{color:inherit;font-size:inherit;line-height:inherit}.elementor-widget-heading .elementor-heading-title.elementor-size-small{font-size:15px}.elementor-widget-heading .elementor-heading-title.elementor-size-medium{font-size:19px}.elementor-widget-heading .elementor-heading-title.elementor-size-large{font-size:29px}.elementor-widget-heading .elementor-heading-title.elementor-size-xl{font-size:39px}.elementor-widget-heading .elementor-heading-title.elementor-size-xxl{font-size:59px}<\/style><h4 class=\"elementor-heading-title elementor-size-default\"><a href=\"http:\/\/skolnijidelnyjilove.wbs.cz\" target=\"_blank\">web \u0161koln\u00ed j\u00eddelny zde<\/a><\/h4>\t\t<\/div>\n\t\t\t\t<\/div>\n\t\t\t\t<div class=\"elementor-element elementor-element-109b096 elementor-widget elementor-widget-spacer\" data-id=\"109b096\" data-element_type=\"widget\" data-widget_type=\"spacer.default\">\n\t\t\t\t<div class=\"elementor-widget-container\">\n\t\t\t\t\t<div class=\"elementor-spacer\">\n\t\t\t<div class=\"elementor-spacer-inner\"><\/div>\n\t\t<\/div>\n\t\t\t\t<\/div>\n\t\t\t\t<\/div>\n\t\t\t\t<div class=\"elementor-element elementor-element-1720324 elementor-widget elementor-widget-cms_contact_info\" data-id=\"1720324\" data-element_type=\"widget\" data-widget_type=\"cms_contact_info.default\">\n\t\t\t\t<div class=\"elementor-widget-container\">\n\t\t\t    <div class=\"cms-contact-info3 \">\r\n                                    <h3 class=\"entry-title\">\r\n                    Leona Ra\u0161ov\u00e1 - hospod\u00e1\u0159ka    \r\n                <\/h3>\r\n                            <ul class=\"list-li\">\r\n                            <li>\r\n                                                                        <span class=\"item--icon\">\r\n                                <i aria-hidden=\"true\" class=\"fas fa-phone-alt\"><\/i>                                                            <\/span>\r\n                                                                                    241 950 547               <\/li>\r\n                            <li>\r\n                                                                        <span class=\"item--icon\">\r\n                                <i aria-hidden=\"true\" class=\"material zmdi zmdi-email\"><\/i>                                                            <\/span>\r\n                                                                                    hospodarka@msjilove.cz               <\/li>\r\n                    <\/ul>\r\n    <\/div>\r\n\t\t<\/div>\n\t\t\t\t<\/div>\n\t\t\t\t<div class=\"elementor-element elementor-element-e3ad232 elementor-widget elementor-widget-spacer\" data-id=\"e3ad232\" data-element_type=\"widget\" data-widget_type=\"spacer.default\">\n\t\t\t\t<div class=\"elementor-widget-container\">\n\t\t\t\t\t<div class=\"elementor-spacer\">\n\t\t\t<div class=\"elementor-spacer-inner\"><\/div>\n\t\t<\/div>\n\t\t\t\t<\/div>\n\t\t\t\t<\/div>\n\t\t            <\/div>\n        <\/div>\n                <div class=\"elementor-column elementor-col-50 elementor-top-column elementor-element elementor-element-d186322\" data-id=\"d186322\" data-element_type=\"column\">\n            <div class=\"elementor-widget-wrap elementor-element-populated\">\n                        \t\t<div class=\"elementor-element elementor-element-10f0ecd elementor-widget elementor-widget-cms_images_gallery\" data-id=\"10f0ecd\" data-element_type=\"widget\" data-widget_type=\"cms_images_gallery.default\">\n\t\t\t\t<div class=\"elementor-widget-container\">\n\t\t\t    <div id=\"cms_images_gallery-10f0ecd\" class=\"cms-classes-gallery cms-slick-slider \">\r\n        <div class=\"classes-inner\">\r\n            <div class=\"classes-carousel-inner\">\r\n                <div class=\"cms-slick-primary\">\r\n                    <div id=\"append-arrows-cms_images_gallery-10f0ecd\" class=\"append-arrows-custom\"><\/div>\r\n                    <div class=\"cms-slick-carousel\" data-arrows=\"true\" data-dots=\"\" data-pauseOnHover=\"\" data-autoplay=\"true\" data-autoplaySpeed=\"5000\" data-infinite=\"0\" data-speed=\"500\" data-slidesToShow=\"true\" data-slidesToShowTablet=\"true\" data-slidesToShowMobile=\"true\" data-slidesToScroll=\"true\" data-slidesToScrollTablet=\"true\" data-slidesToScrollMobile=\"true\" data-appendArrows=\"#append-arrows-cms_images_gallery-10f0ecd\">\r\n                                                    <div class=\"slick-slide\">\r\n                                                                    <div class=\"classes-image\">\r\n                                        <img decoding=\"async\" width=\"500\" height=\"333\" src=\"https:\/\/msjilove.cz\/wp-content\/uploads\/2020\/08\/glr-1.jpg\" class=\"attachment-author-avatar\" alt=\"\" \/>                                    <\/div>\r\n                                                            <\/div>\r\n                                            <\/div>\r\n                <\/div>\r\n                            <\/div>\r\n        <\/div>\r\n    <\/div>\r\n\t\t<\/div>\n\t\t\t\t<\/div>\n\t\t            <\/div>\n        <\/div>\n                            <\/div>\n        <\/section>\n        \t\t\t\t\t<\/div>\n\t\t","protected":false},"excerpt":{"rendered":"<p>Infomace o stravov\u00e1n\u00ed Ve\u0161ker\u00e9 informace o stravov\u00e1n\u00ed naleznete na webu \u0160koln\u00ed j\u00eddelny mate\u0159sk\u00fdch \u0161kol J\u00edlov\u00e9 u Prahy web \u0161koln\u00ed j\u00eddelny zde Leona Ra\u0161ov\u00e1 &#8211; hospod\u00e1\u0159ka 241 950 547 hospodarka@msjilove.cz<\/p>\n","protected":false},"author":1,"featured_media":0,"parent":0,"menu_order":0,"comment_status":"closed","ping_status":"closed","template":"","meta":{"footnotes":""},"class_list":["post-5105","page","type-page","status-publish","hentry"],"_links":{"self":[{"href":"https:\/\/msjilove.cz\/index.php?rest_route=\/wp\/v2\/pages\/5105","targetHints":{"allow":["GET"]}}],"collection":[{"href":"https:\/\/msjilove.cz\/index.php?rest_route=\/wp\/v2\/pages"}],"about":[{"href":"https:\/\/msjilove.cz\/index.php?rest_route=\/wp\/v2\/types\/page"}],"author":[{"embeddable":true,"href":"https:\/\/msjilove.cz\/index.php?rest_route=\/wp\/v2\/users\/1"}],"replies":[{"embeddable":true,"href":"https:\/\/msjilove.cz\/index.php?rest_route=%2Fwp%2Fv2%2Fcomments&post=5105"}],"version-history":[{"count":19,"href":"https:\/\/msjilove.cz\/index.php?rest_route=\/wp\/v2\/pages\/5105\/revisions"}],"predecessor-version":[{"id":5472,"href":"https:\/\/msjilove.cz\/index.php?rest_route=\/wp\/v2\/pages\/5105\/revisions\/5472"}],"wp:attachment":[{"href":"https:\/\/msjilove.cz\/index.php?rest_route=%2Fwp%2Fv2%2Fmedia&parent=5105"}],"curies":[{"name":"wp","href":"https:\/\/api.w.org\/{rel}","templated":true}]}}