{"id":5125,"date":"2022-01-27T15:34:36","date_gmt":"2022-01-27T14:34:36","guid":{"rendered":"http:\/\/novyweb.msjilove.cz\/?page_id=5125"},"modified":"2026-01-19T15:42:44","modified_gmt":"2026-01-19T14:42:44","slug":"dokumenty","status":"publish","type":"page","link":"https:\/\/msjilove.cz\/?page_id=5125","title":{"rendered":"Dokumenty"},"content":{"rendered":"\t\t<div data-elementor-type=\"wp-page\" data-elementor-id=\"5125\" class=\"elementor elementor-5125\">\n\t\t\t\t\t\t\t        <section class=\"elementor-section elementor-top-section elementor-element elementor-element-6b9f322 elementor-section-content-middle elementor-section-boxed elementor-section-height-default elementor-section-height-default\" data-id=\"6b9f322\" data-element_type=\"section\">\n            \n                        <div class=\"elementor-container elementor-column-gap-default \">\n                    <div class=\"elementor-column elementor-col-50 elementor-top-column elementor-element elementor-element-a95c111\" data-id=\"a95c111\" data-element_type=\"column\">\n            <div class=\"elementor-widget-wrap elementor-element-populated\">\n                        \t\t<div class=\"elementor-element elementor-element-70c858e elementor-widget elementor-widget-cms_heading\" data-id=\"70c858e\" data-element_type=\"widget\" data-widget_type=\"cms_heading.default\">\n\t\t\t\t<div class=\"elementor-widget-container\">\n\t\t\t<div class=\"cms-heading-wrapper cms-heading-layout1 \">\r\n    \r\n            <h3 class=\"custom-heading\">\r\n            <span                 >\r\n                Dokumenty<\/span>\r\n        <\/h3>\r\n        \r\n            <div class=\"custom-heading-description\">\r\n            Dokumenty t\u00fdkaj\u00edc\u00ed se provozu \u0161kolky, organizace atd. zde ke sta\u017een\u00ed\n        <\/div>\r\n    <\/div>\t\t<\/div>\n\t\t\t\t<\/div>\n\t\t\t\t<div class=\"elementor-element elementor-element-718321d elementor-widget elementor-widget-spacer\" data-id=\"718321d\" data-element_type=\"widget\" data-widget_type=\"spacer.default\">\n\t\t\t\t<div class=\"elementor-widget-container\">\n\t\t\t<style>\/*! elementor - v3.13.3 - 28-05-2023 *\/\n.elementor-column .elementor-spacer-inner{height:var(--spacer-size)}.e-con{--container-widget-width:100%}.e-con-inner>.elementor-widget-spacer,.e-con>.elementor-widget-spacer{width:var(--container-widget-width,var(--spacer-size));--align-self:var(--container-widget-align-self,initial);--flex-shrink:0}.e-con-inner>.elementor-widget-spacer>.elementor-widget-container,.e-con-inner>.elementor-widget-spacer>.elementor-widget-container>.elementor-spacer,.e-con>.elementor-widget-spacer>.elementor-widget-container,.e-con>.elementor-widget-spacer>.elementor-widget-container>.elementor-spacer{height:100%}.e-con-inner>.elementor-widget-spacer>.elementor-widget-container>.elementor-spacer>.elementor-spacer-inner,.e-con>.elementor-widget-spacer>.elementor-widget-container>.elementor-spacer>.elementor-spacer-inner{height:var(--container-widget-height,var(--spacer-size))}<\/style>\t\t<div class=\"elementor-spacer\">\n\t\t\t<div class=\"elementor-spacer-inner\"><\/div>\n\t\t<\/div>\n\t\t\t\t<\/div>\n\t\t\t\t<\/div>\n\t\t\t\t<div class=\"elementor-element elementor-element-f31a04c elementor-widget elementor-widget-cms_list\" data-id=\"f31a04c\" data-element_type=\"widget\" data-widget_type=\"cms_list.default\">\n\t\t\t\t<div class=\"elementor-widget-container\">\n\t\t\t    <ul class=\"cms-list style7\">\r\n                    <li class=\"\">\r\n\t\t\t\t<a href=\"https:\/\/www.msjilove.cz\/wp-content\/uploads\/2025\/08\/svp_2025_2026.pdf\" target=\"_blank\">\r\n            \t\t\u0160koln\u00ed vzd\u011bl\u00e1vac\u00ed program M\u0160 J\u00edlov\u00e9 2025 - 2026            \t<\/a>\r\n           <\/li>\r\n                    <li class=\"\">\r\n\t\t\t\t<a href=\"https:\/\/www.msjilove.cz\/wp-content\/uploads\/files\/svp_ms_jilove_2024_2025_dodatek1.pdf\" target=\"_blank\">\r\n            \t\tDodatek \u010d. 1 k \u0160VP 2025 - 2026            \t<\/a>\r\n           <\/li>\r\n                    <li class=\"\">\r\n\t\t\t\t<a href=\"https:\/\/www.msjilove.cz\/wp-content\/uploads\/2025\/08\/skolni_rad_2025.pdf\" target=\"_blank\">\r\n            \t\t\u0160koln\u00ed \u0159\u00e1d 2025            \t<\/a>\r\n           <\/li>\r\n                    <li class=\"\">\r\n\t\t\t\t<a href=\"https:\/\/www.msjilove.cz\/wp-content\/uploads\/files\/dodatek_skolni_rad_2024.pdf\" target=\"_blank\">\r\n            \t\tDodatek ke \u0161koln\u00edmu \u0159\u00e1du 2025            \t<\/a>\r\n           <\/li>\r\n                    <li class=\"\">\r\n\t\t\t\t<a href=\"https:\/\/www.msjilove.cz\/wp-content\/uploads\/2025\/08\/organizace_a_kontakty_2025.pdf\" target=\"_blank\">\r\n            \t\tOrganizace a kontakty 2025            \t<\/a>\r\n           <\/li>\r\n                    <li class=\"\">\r\n\t\t\t\t<a href=\"https:\/\/www.msjilove.cz\/wp-content\/uploads\/2025\/11\/organizace_sr_2025_2026v1.pdf\" target=\"_blank\">\r\n            \t\tOrganizace \u0161koln\u00edho roku 2025 - 2026            \t<\/a>\r\n           <\/li>\r\n                    <li class=\"\">\r\n\t\t\t\t<a href=\"https:\/\/www.msjilove.cz\/wp-content\/uploads\/2025\/08\/organizacni_schema_kompetence_2025.pdf\" target=\"_blank\">\r\n            \t\tOrganiza\u010dn\u00ed sch\u00e9ma \u0159\u00edzen\u00ed \u0161koly, kompetence            \t<\/a>\r\n           <\/li>\r\n                    <li class=\"\">\r\n\t\t\t\t<a href=\"https:\/\/www.msjilove.cz\/wp-content\/uploads\/2025\/08\/provozni_rad_2025.pdf\" target=\"_blank\">\r\n            \t\tProvozn\u00ed \u0159\u00e1d 2025            \t<\/a>\r\n           <\/li>\r\n                    <li class=\"\">\r\n\t\t\t\t<a href=\"https:\/\/www.msjilove.cz\/wp-content\/uploads\/2025\/09\/organizacni_rad_2025.pdf\" target=\"_blank\">\r\n            \t\tOrganiza\u010dn\u00ed \u0159\u00e1d 2025            \t<\/a>\r\n           <\/li>\r\n                    <li class=\"\">\r\n\t\t\t\t<a href=\"https:\/\/www.msjilove.cz\/wp-content\/uploads\/files\/provozni_rad_hp_2024.pdf\" target=\"_blank\">\r\n            \t\tProvozn\u00ed \u0159\u00e1d venkovn\u00ed hrac\u00ed plochy 2025            \t<\/a>\r\n           <\/li>\r\n                    <li class=\"\">\r\n\t\t\t\t<a href=\"https:\/\/www.msjilove.cz\/wp-content\/uploads\/files\/rozpocet_2025_schvaleny.pdf\" target=\"_blank\">\r\n            \t\tRozpo\u010det na rok 2025 schv\u00e1len\u00fd            \t<\/a>\r\n           <\/li>\r\n                    <li class=\"\">\r\n\t\t\t\t<a href=\"https:\/\/www.msjilove.cz\/wp-content\/uploads\/2025\/08\/skolni_preventivni_program_2025.pdf\" target=\"_blank\">\r\n            \t\t\u0160koln\u00ed preventivn\u00ed program M\u0160 J\u00edlov\u00e9 u Prahy            \t<\/a>\r\n           <\/li>\r\n                    <li class=\"\">\r\n\t\t\t\t<a href=\"https:\/\/www.msjilove.cz\/wp-content\/uploads\/2025\/08\/krizovy_plan_2025.pdf\" target=\"_blank\">\r\n            \t\tKrizov\u00fd pl\u00e1n M\u0160 J\u00edlov\u00e9 u Prahy            \t<\/a>\r\n           <\/li>\r\n                    <li class=\"\">\r\n\t\t\t\t<a href=\"https:\/\/www.msjilove.cz\/wp-content\/uploads\/files\/koncepce_ms_2023v1.pdf\" target=\"_blank\">\r\n            \t\tKoncepce dal\u0161\u00edho rozvoje mate\u0159sk\u00e9 \u0161koly            \t<\/a>\r\n           <\/li>\r\n                    <li class=\"\">\r\n\t\t\t\t<a href=\"https:\/\/www.msjilove.cz\/wp-content\/uploads\/2026\/01\/rozpocet_2026_v1_schvaleny.pdf\" target=\"_blank\">\r\n            \t\tRozpo\u010det na rok 2026            \t<\/a>\r\n           <\/li>\r\n                    <li class=\"\">\r\n\t\t\t\t<a href=\"https:\/\/www.msjilove.cz\/wp-content\/uploads\/files\/rozpocet_2025.pdf\" target=\"_blank\">\r\n            \t\tRozpo\u010det na rok 2025            \t<\/a>\r\n           <\/li>\r\n                    <li class=\"\">\r\n\t\t\t\t<a href=\"https:\/\/www.msjilove.cz\/wp-content\/uploads\/files\/rozpocet_2024.pdf\" target=\"_blank\">\r\n            \t\tRozpo\u010det na rok 2024            \t<\/a>\r\n           <\/li>\r\n                    <li class=\"\">\r\n\t\t\t\t<a href=\"https:\/\/www.msjilove.cz\/wp-content\/uploads\/2025\/10\/navrh_rozpoctu_2026.pdf\" target=\"_blank\">\r\n            \t\tN\u00e1vrh rozpo\u010dtu na rok 2026            \t<\/a>\r\n           <\/li>\r\n                    <li class=\"\">\r\n\t\t\t\t<a href=\"https:\/\/www.msjilove.cz\/wp-content\/uploads\/files\/navrh_rozpoctu_2024.pdf\" target=\"_blank\">\r\n            \t\tN\u00e1vrh rozpo\u010dtu na rok 2024            \t<\/a>\r\n           <\/li>\r\n                    <li class=\"\">\r\n\t\t\t\t<a href=\"https:\/\/www.msjilove.cz\/wp-content\/uploads\/2025\/10\/vyhled_2026_2027.pdf\" target=\"_blank\">\r\n            \t\tSt\u0159edn\u011bdob\u00fd v\u00fdhled pro obdob\u00ed 2026 - 2027            \t<\/a>\r\n           <\/li>\r\n                    <li class=\"\">\r\n\t\t\t\t<a href=\"https:\/\/www.msjilove.cz\/wp-content\/uploads\/files\/vyhled_2023_2025v1.pdf\" target=\"_blank\">\r\n            \t\tSt\u0159edn\u011bdob\u00fd v\u00fdhled pro obdob\u00ed 2023 - 2025            \t<\/a>\r\n           <\/li>\r\n                    <li class=\"\">\r\n\t\t\t\t<a href=\"https:\/\/www.msjilove.cz\/wp-content\/uploads\/files\/vyrocni_zprava_2024_2025.pdf\" target=\"_blank\">\r\n            \t\tV\u00fdro\u010dn\u00ed zpr\u00e1va Mate\u0159sk\u00e9 \u0161koly J\u00edlov\u00e9 u Prahy 2024 - 2025            \t<\/a>\r\n           <\/li>\r\n                    <li class=\"\">\r\n\t\t\t\t<a href=\"https:\/\/www.msjilove.cz\/wp-content\/uploads\/files\/vyrocni_zprava_2023_2024.pdf\" target=\"_blank\">\r\n            \t\tV\u00fdro\u010dn\u00ed zpr\u00e1va Mate\u0159sk\u00e9 \u0161koly J\u00edlov\u00e9 u Prahy 2023 - 2024            \t<\/a>\r\n           <\/li>\r\n                    <li class=\"\">\r\n\t\t\t\t<a href=\"https:\/\/www.msjilove.cz\/wp-content\/uploads\/files\/vyrocni_zprava_ms_2022v1.pdf\" target=\"_blank\">\r\n            \t\tV\u00fdro\u010dn\u00ed zpr\u00e1va Mate\u0159sk\u00e9 \u0161koly J\u00edlov\u00e9 u Prahy 2022 - 2023            \t<\/a>\r\n           <\/li>\r\n                    <li class=\"\">\r\n\t\t\t\t<a href=\"https:\/\/www.msjilove.cz\/wp-content\/uploads\/files\/vyrocni_zprava_ms_2021v1.pdf\" target=\"_blank\">\r\n            \t\tV\u00fdro\u010dn\u00ed zpr\u00e1va Mate\u0159sk\u00e9 \u0161koly J\u00edlov\u00e9 u Prahy 2021 - 2022            \t<\/a>\r\n           <\/li>\r\n                    <li class=\"\">\r\n\t\t\t\t<a href=\"https:\/\/www.msjilove.cz\/wp-content\/uploads\/files\/ms_omluvenka_dlouhodoba.pdf\">\r\n            \t\tDlouhodob\u00e1 omluvenka            \t<\/a>\r\n           <\/li>\r\n                    <li class=\"\">\r\n\t\t\t\t<a href=\"https:\/\/www.msjilove.cz\/wp-content\/uploads\/files\/informace_o_povinnem_predskolnim_vzdelavani_rodice.pdf\" target=\"_blank\">\r\n            \t\tInformace o povinn\u00e9m p\u0159ed\u0161koln\u00edm vzd\u011bl\u00e1v\u00e1n\u00ed \u2013 rodi\u010de            \t<\/a>\r\n           <\/li>\r\n                    <li class=\"\">\r\n\t\t\t\t<a href=\"https:\/\/www.msjilove.cz\/wp-content\/uploads\/files\/dotacni_program_sablony_op_jak_I.pdf\" target=\"_blank\">\r\n            \t\tDota\u010dn\u00ed program \u0160ablony OP JAK I            \t<\/a>\r\n           <\/li>\r\n                    <li class=\"\">\r\n\t\t\t\t<a href=\"https:\/\/www.msjilove.cz\/wp-content\/uploads\/files\/co_by_dite_melo_mit_pred_vstupem_do_ms.docx\" target=\"_blank\">\r\n            \t\tCo by d\u00edt\u011b m\u011blo um\u011bt p\u0159i vstupu do M\u0160            \t<\/a>\r\n           <\/li>\r\n                    <li class=\"\">\r\n\t\t\t\t<a href=\"https:\/\/www.msjilove.cz\/wp-content\/uploads\/2025\/08\/prevence_socialne_patologickych_jevu_2025_26.pdf\" target=\"_blank\">\r\n            \t\tPrevence soci\u00e1ln\u011b patologick\u00fdch jev\u016f            \t<\/a>\r\n           <\/li>\r\n                    <li class=\"\">\r\n\t\t\t\t<a href=\"https:\/\/www.msjilove.cz\/wp-content\/uploads\/files\/zadost_o_prijeti_2023.pdf\" target=\"_blank\">\r\n            \t\t\u017d\u00e1dost o p\u0159ijet\u00ed do M\u0160            \t<\/a>\r\n           <\/li>\r\n                    <li class=\"\">\r\n\t\t\t\t<a href=\"https:\/\/www.msjilove.cz\/wp-content\/uploads\/files\/zadost_jazykova_priprava.pdf\" target=\"_blank\">\r\n            \t\t\u017d\u00e1dost k za\u0159azen\u00ed d\u00edt\u011bte do skupiny pro jazykovou p\u0159\u00edpravu            \t<\/a>\r\n           <\/li>\r\n                    <li class=\"\">\r\n\t\t\t\t<a href=\"https:\/\/www.msjilove.cz\/wp-content\/uploads\/files\/zadost_o_ukonceni_predskolniho_vzdelavani1.doc\" target=\"_blank\">\r\n            \t\t\u017d\u00e1dost o ukon\u010den\u00ed p\u0159ed\u0161koln\u00edho vzd\u011bl\u00e1v\u00e1n\u00ed            \t<\/a>\r\n           <\/li>\r\n                    <li class=\"\">\r\n\t\t\t\t<a href=\"https:\/\/www.msjilove.cz\/wp-content\/uploads\/files\/gdpr.pdf\" target=\"_blank\">\r\n            \t\tPov\u011b\u0159enec pro ochranu Osobn\u00edch \u00fadaj\u016f            \t<\/a>\r\n           <\/li>\r\n                    <li class=\"\">\r\n\t\t\t\t<a href=\"https:\/\/www.msjilove.cz\/wp-content\/uploads\/files\/prohlaseni_o_pristupnosti.pdf\" target=\"_blank\">\r\n            \t\tProhl\u00e1\u0161en\u00ed o p\u0159\u00edstupnosti webu            \t<\/a>\r\n           <\/li>\r\n                    <li class=\"\">\r\n\t\t\t\t<a href=\"https:\/\/www.msjilove.cz\/?page_id=26602\">\r\n            \t\tInformace o zpracov\u00e1n\u00ed cookies            \t<\/a>\r\n           <\/li>\r\n                    <li class=\"\">\r\n\t\t\t\t<a href=\"https:\/\/www.msjilove.cz\/wp-content\/uploads\/files\/gdpr.pdf\" target=\"_blank\">\r\n            \t\tInformace o zpracov\u00e1n\u00ed osobn\u00edch \u00fadaj\u016f (GDPR)            \t<\/a>\r\n           <\/li>\r\n            <\/ul>\r\n\t\t<\/div>\n\t\t\t\t<\/div>\n\t\t\t\t<div class=\"elementor-element elementor-element-109b096 elementor-widget elementor-widget-spacer\" data-id=\"109b096\" data-element_type=\"widget\" data-widget_type=\"spacer.default\">\n\t\t\t\t<div class=\"elementor-widget-container\">\n\t\t\t\t\t<div class=\"elementor-spacer\">\n\t\t\t<div class=\"elementor-spacer-inner\"><\/div>\n\t\t<\/div>\n\t\t\t\t<\/div>\n\t\t\t\t<\/div>\n\t\t\t\t<div class=\"elementor-element elementor-element-e2ccfd9 elementor-widget elementor-widget-cms_heading\" data-id=\"e2ccfd9\" data-element_type=\"widget\" data-widget_type=\"cms_heading.default\">\n\t\t\t\t<div class=\"elementor-widget-container\">\n\t\t\t<div class=\"cms-heading-wrapper cms-heading-layout1 \">\r\n    \r\n        \r\n            <div class=\"custom-heading-description\">\r\n            Nada\u010dn\u00ed fond radostn\u00e9 d\u011bti        <\/div>\r\n    <\/div>\t\t<\/div>\n\t\t\t\t<\/div>\n\t\t\t\t<div class=\"elementor-element elementor-element-bbf5096 elementor-widget elementor-widget-spacer\" data-id=\"bbf5096\" data-element_type=\"widget\" data-widget_type=\"spacer.default\">\n\t\t\t\t<div class=\"elementor-widget-container\">\n\t\t\t\t\t<div class=\"elementor-spacer\">\n\t\t\t<div class=\"elementor-spacer-inner\"><\/div>\n\t\t<\/div>\n\t\t\t\t<\/div>\n\t\t\t\t<\/div>\n\t\t\t\t<div class=\"elementor-element elementor-element-00b3f9c elementor-widget elementor-widget-cms_list\" data-id=\"00b3f9c\" data-element_type=\"widget\" data-widget_type=\"cms_list.default\">\n\t\t\t\t<div class=\"elementor-widget-container\">\n\t\t\t    <ul class=\"cms-list style7\">\r\n                    <li class=\"\">\r\n\t\t\t\t<a href=\"https:\/\/www.msjilove.cz\/wp-content\/uploads\/files\/nfrd_informace_pro_rodice.pdf\">\r\n            \t\tInformace pro rodi\u010de            \t<\/a>\r\n           <\/li>\r\n                    <li class=\"\">\r\n\t\t\t\t<a href=\"https:\/\/www.msjilove.cz\/wp-content\/uploads\/files\/nfrd_zadost_o_prispevek.pdf\">\r\n            \t\t\u017d\u00e1dost o p\u0159\u00edsp\u011bvek            \t<\/a>\r\n           <\/li>\r\n                    <li class=\"\">\r\n\t\t\t\t<a href=\"http:\/\/radostnedeti.cz\/wp-content\/uploads\/2021\/02\/PRAVIDLA-PRO-UDE%CC%8CLENI%CC%81-PR%CC%8CI%CC%81SPE%CC%8CVKU_v1a.pdf\">\r\n            \t\tPravidla pro ud\u011blen\u00ed p\u0159\u00edsp\u011bvku            \t<\/a>\r\n           <\/li>\r\n                    <li class=\"\">\r\n\t\t\t\t<a href=\"http:\/\/www.radostnedeti.cz \">\r\n            \t\tNada\u010dn\u00ed fond radostn\u00e9 d\u011bti            \t<\/a>\r\n           <\/li>\r\n            <\/ul>\r\n\t\t<\/div>\n\t\t\t\t<\/div>\n\t\t            <\/div>\n        <\/div>\n                <div class=\"elementor-column elementor-col-50 elementor-top-column elementor-element elementor-element-d186322\" data-id=\"d186322\" data-element_type=\"column\">\n            <div class=\"elementor-widget-wrap elementor-element-populated\">\n                        \t\t<div class=\"elementor-element elementor-element-10f0ecd elementor-widget elementor-widget-cms_images_gallery\" data-id=\"10f0ecd\" data-element_type=\"widget\" data-widget_type=\"cms_images_gallery.default\">\n\t\t\t\t<div class=\"elementor-widget-container\">\n\t\t\t    <div id=\"cms_images_gallery-10f0ecd\" class=\"cms-classes-gallery cms-slick-slider \">\r\n        <div class=\"classes-inner\">\r\n            <div class=\"classes-carousel-inner\">\r\n                <div class=\"cms-slick-primary\">\r\n                    <div id=\"append-arrows-cms_images_gallery-10f0ecd\" class=\"append-arrows-custom\"><\/div>\r\n                    <div class=\"cms-slick-carousel\" data-arrows=\"true\" data-dots=\"\" data-pauseOnHover=\"\" data-autoplay=\"true\" data-autoplaySpeed=\"5000\" data-infinite=\"0\" data-speed=\"500\" data-slidesToShow=\"true\" data-slidesToShowTablet=\"true\" data-slidesToShowMobile=\"true\" data-slidesToScroll=\"true\" data-slidesToScrollTablet=\"true\" data-slidesToScrollMobile=\"true\" data-appendArrows=\"#append-arrows-cms_images_gallery-10f0ecd\">\r\n                                                    <div class=\"slick-slide\">\r\n                                                                    <div class=\"classes-image\">\r\n                                        <img decoding=\"async\" width=\"500\" height=\"500\" src=\"https:\/\/msjilove.cz\/wp-content\/uploads\/2020\/11\/shop-gallery-7-img-1.jpg\" class=\"attachment-author-avatar\" alt=\"\" \/>                                    <\/div>\r\n                                                            <\/div>\r\n                                            <\/div>\r\n                <\/div>\r\n                            <\/div>\r\n        <\/div>\r\n    <\/div>\r\n\t\t<\/div>\n\t\t\t\t<\/div>\n\t\t            <\/div>\n        <\/div>\n                            <\/div>\n        <\/section>\n        \t\t\t\t\t<\/div>\n\t\t","protected":false},"excerpt":{"rendered":"<p>Dokumenty Dokumenty t\u00fdkaj\u00edc\u00ed se provozu \u0161kolky, organizace atd. zde ke sta\u017een\u00ed \u0160koln\u00ed vzd\u011bl\u00e1vac\u00ed program M\u0160 J\u00edlov\u00e9 2025 &#8211; 2026 Dodatek \u010d. 1 k \u0160VP 2025 &#8211; 2026 \u0160koln\u00ed \u0159\u00e1d 2025 [&hellip;]<\/p>\n","protected":false},"author":1,"featured_media":0,"parent":0,"menu_order":0,"comment_status":"closed","ping_status":"closed","template":"","meta":{"footnotes":""},"class_list":["post-5125","page","type-page","status-publish","hentry"],"_links":{"self":[{"href":"https:\/\/msjilove.cz\/index.php?rest_route=\/wp\/v2\/pages\/5125","targetHints":{"allow":["GET"]}}],"collection":[{"href":"https:\/\/msjilove.cz\/index.php?rest_route=\/wp\/v2\/pages"}],"about":[{"href":"https:\/\/msjilove.cz\/index.php?rest_route=\/wp\/v2\/types\/page"}],"author":[{"embeddable":true,"href":"https:\/\/msjilove.cz\/index.php?rest_route=\/wp\/v2\/users\/1"}],"replies":[{"embeddable":true,"href":"https:\/\/msjilove.cz\/index.php?rest_route=%2Fwp%2Fv2%2Fcomments&post=5125"}],"version-history":[{"count":322,"href":"https:\/\/msjilove.cz\/index.php?rest_route=\/wp\/v2\/pages\/5125\/revisions"}],"predecessor-version":[{"id":37455,"href":"https:\/\/msjilove.cz\/index.php?rest_route=\/wp\/v2\/pages\/5125\/revisions\/37455"}],"wp:attachment":[{"href":"https:\/\/msjilove.cz\/index.php?rest_route=%2Fwp%2Fv2%2Fmedia&parent=5125"}],"curies":[{"name":"wp","href":"https:\/\/api.w.org\/{rel}","templated":true}]}}