{"id":6133,"date":"2022-02-25T09:29:10","date_gmt":"2022-02-25T08:29:10","guid":{"rendered":"https:\/\/www.msjilove.cz\/?page_id=6133"},"modified":"2022-02-25T09:31:20","modified_gmt":"2022-02-25T08:31:20","slug":"nadacni-fond-radostne-deti","status":"publish","type":"page","link":"https:\/\/msjilove.cz\/?page_id=6133","title":{"rendered":"Nada\u010dn\u00ed fond Radostn\u00e9 d\u011bti"},"content":{"rendered":"\t\t<div data-elementor-type=\"wp-page\" data-elementor-id=\"6133\" class=\"elementor elementor-6133\">\n\t\t\t\t\t\t\t        <section class=\"elementor-section elementor-top-section elementor-element elementor-element-6b9f322 elementor-section-content-middle elementor-section-boxed elementor-section-height-default elementor-section-height-default\" data-id=\"6b9f322\" data-element_type=\"section\">\n            \n                        <div class=\"elementor-container elementor-column-gap-default \">\n                    <div class=\"elementor-column elementor-col-50 elementor-top-column elementor-element elementor-element-a95c111\" data-id=\"a95c111\" data-element_type=\"column\">\n            <div class=\"elementor-widget-wrap elementor-element-populated\">\n                        \t\t<div class=\"elementor-element elementor-element-e2ccfd9 elementor-widget elementor-widget-cms_heading\" data-id=\"e2ccfd9\" data-element_type=\"widget\" data-widget_type=\"cms_heading.default\">\n\t\t\t\t<div class=\"elementor-widget-container\">\n\t\t\t<div class=\"cms-heading-wrapper cms-heading-layout1 \">\r\n    \r\n            <h3 class=\"custom-heading\">\r\n            <span                 >\r\n                Nada\u010dn\u00ed fond radostn\u00e9 d\u011bti<\/span>\r\n        <\/h3>\r\n        \r\n    <\/div>\t\t<\/div>\n\t\t\t\t<\/div>\n\t\t\t\t<div class=\"elementor-element elementor-element-bbf5096 elementor-widget elementor-widget-spacer\" data-id=\"bbf5096\" data-element_type=\"widget\" data-widget_type=\"spacer.default\">\n\t\t\t\t<div class=\"elementor-widget-container\">\n\t\t\t<style>\/*! elementor - v3.13.3 - 28-05-2023 *\/\n.elementor-column .elementor-spacer-inner{height:var(--spacer-size)}.e-con{--container-widget-width:100%}.e-con-inner>.elementor-widget-spacer,.e-con>.elementor-widget-spacer{width:var(--container-widget-width,var(--spacer-size));--align-self:var(--container-widget-align-self,initial);--flex-shrink:0}.e-con-inner>.elementor-widget-spacer>.elementor-widget-container,.e-con-inner>.elementor-widget-spacer>.elementor-widget-container>.elementor-spacer,.e-con>.elementor-widget-spacer>.elementor-widget-container,.e-con>.elementor-widget-spacer>.elementor-widget-container>.elementor-spacer{height:100%}.e-con-inner>.elementor-widget-spacer>.elementor-widget-container>.elementor-spacer>.elementor-spacer-inner,.e-con>.elementor-widget-spacer>.elementor-widget-container>.elementor-spacer>.elementor-spacer-inner{height:var(--container-widget-height,var(--spacer-size))}<\/style>\t\t<div class=\"elementor-spacer\">\n\t\t\t<div class=\"elementor-spacer-inner\"><\/div>\n\t\t<\/div>\n\t\t\t\t<\/div>\n\t\t\t\t<\/div>\n\t\t\t\t<div class=\"elementor-element elementor-element-00b3f9c elementor-widget elementor-widget-cms_list\" data-id=\"00b3f9c\" data-element_type=\"widget\" data-widget_type=\"cms_list.default\">\n\t\t\t\t<div class=\"elementor-widget-container\">\n\t\t\t    <ul class=\"cms-list style7\">\r\n                    <li class=\"\">\r\n\t\t\t\t<a href=\"https:\/\/www.msjilove.cz\/wp-content\/uploads\/files\/nfrd_informace_pro_rodice.pdf\">\r\n            \t\tInformace pro rodi\u010de            \t<\/a>\r\n           <\/li>\r\n                    <li class=\"\">\r\n\t\t\t\t<a href=\"https:\/\/www.msjilove.cz\/wp-content\/uploads\/files\/nfrd_zadost_o_prispevek.pdf\">\r\n            \t\t\u017d\u00e1dost o p\u0159\u00edsp\u011bvek            \t<\/a>\r\n           <\/li>\r\n                    <li class=\"\">\r\n\t\t\t\t<a href=\"http:\/\/radostnedeti.cz\/wp-content\/uploads\/2021\/02\/PRAVIDLA-PRO-UDE%CC%8CLENI%CC%81-PR%CC%8CI%CC%81SPE%CC%8CVKU_v1a.pdf\">\r\n            \t\tPravidla pro ud\u011blen\u00ed p\u0159\u00edsp\u011bvku            \t<\/a>\r\n           <\/li>\r\n                    <li class=\"\">\r\n\t\t\t\t<a href=\"http:\/\/www.radostnedeti.cz \">\r\n            \t\tNada\u010dn\u00ed fond radostn\u00e9 d\u011bti            \t<\/a>\r\n           <\/li>\r\n            <\/ul>\r\n\t\t<\/div>\n\t\t\t\t<\/div>\n\t\t            <\/div>\n        <\/div>\n                <div class=\"elementor-column elementor-col-50 elementor-top-column elementor-element elementor-element-d186322\" data-id=\"d186322\" data-element_type=\"column\">\n            <div class=\"elementor-widget-wrap elementor-element-populated\">\n                        \t\t<div class=\"elementor-element elementor-element-10f0ecd elementor-widget elementor-widget-cms_images_gallery\" data-id=\"10f0ecd\" data-element_type=\"widget\" data-widget_type=\"cms_images_gallery.default\">\n\t\t\t\t<div class=\"elementor-widget-container\">\n\t\t\t    <div id=\"cms_images_gallery-10f0ecd\" class=\"cms-classes-gallery cms-slick-slider \">\r\n        <div class=\"classes-inner\">\r\n            <div class=\"classes-carousel-inner\">\r\n                <div class=\"cms-slick-primary\">\r\n                    <div id=\"append-arrows-cms_images_gallery-10f0ecd\" class=\"append-arrows-custom\"><\/div>\r\n                    <div class=\"cms-slick-carousel\" data-arrows=\"true\" data-dots=\"\" data-pauseOnHover=\"\" data-autoplay=\"true\" data-autoplaySpeed=\"5000\" data-infinite=\"0\" data-speed=\"500\" data-slidesToShow=\"true\" data-slidesToShowTablet=\"true\" data-slidesToShowMobile=\"true\" data-slidesToScroll=\"true\" data-slidesToScrollTablet=\"true\" data-slidesToScrollMobile=\"true\" data-appendArrows=\"#append-arrows-cms_images_gallery-10f0ecd\">\r\n                                                    <div class=\"slick-slide\">\r\n                                                                    <div class=\"classes-image\">\r\n                                        <img decoding=\"async\" width=\"980\" height=\"510\" src=\"https:\/\/msjilove.cz\/wp-content\/uploads\/2022\/02\/IMG_20220201_093027-980x510.jpg\" class=\"attachment-post-single\" alt=\"\" \/>                                    <\/div>\r\n                                                            <\/div>\r\n                                            <\/div>\r\n                <\/div>\r\n                            <\/div>\r\n        <\/div>\r\n    <\/div>\r\n\t\t<\/div>\n\t\t\t\t<\/div>\n\t\t            <\/div>\n        <\/div>\n                            <\/div>\n        <\/section>\n        \t\t\t\t\t<\/div>\n\t\t","protected":false},"excerpt":{"rendered":"<p>Nada\u010dn\u00ed fond radostn\u00e9 d\u011bti Informace pro rodi\u010de \u017d\u00e1dost o p\u0159\u00edsp\u011bvek Pravidla pro ud\u011blen\u00ed p\u0159\u00edsp\u011bvku Nada\u010dn\u00ed fond radostn\u00e9 d\u011bti<\/p>\n","protected":false},"author":1,"featured_media":0,"parent":0,"menu_order":0,"comment_status":"closed","ping_status":"closed","template":"","meta":{"footnotes":""},"class_list":["post-6133","page","type-page","status-publish","hentry"],"_links":{"self":[{"href":"https:\/\/msjilove.cz\/index.php?rest_route=\/wp\/v2\/pages\/6133","targetHints":{"allow":["GET"]}}],"collection":[{"href":"https:\/\/msjilove.cz\/index.php?rest_route=\/wp\/v2\/pages"}],"about":[{"href":"https:\/\/msjilove.cz\/index.php?rest_route=\/wp\/v2\/types\/page"}],"author":[{"embeddable":true,"href":"https:\/\/msjilove.cz\/index.php?rest_route=\/wp\/v2\/users\/1"}],"replies":[{"embeddable":true,"href":"https:\/\/msjilove.cz\/index.php?rest_route=%2Fwp%2Fv2%2Fcomments&post=6133"}],"version-history":[{"count":3,"href":"https:\/\/msjilove.cz\/index.php?rest_route=\/wp\/v2\/pages\/6133\/revisions"}],"predecessor-version":[{"id":6136,"href":"https:\/\/msjilove.cz\/index.php?rest_route=\/wp\/v2\/pages\/6133\/revisions\/6136"}],"wp:attachment":[{"href":"https:\/\/msjilove.cz\/index.php?rest_route=%2Fwp%2Fv2%2Fmedia&parent=6133"}],"curies":[{"name":"wp","href":"https:\/\/api.w.org\/{rel}","templated":true}]}}