{"id":6397,"date":"2022-03-22T17:46:15","date_gmt":"2022-03-22T16:46:15","guid":{"rendered":"https:\/\/www.msjilove.cz\/?page_id=6397"},"modified":"2024-08-31T11:44:18","modified_gmt":"2024-08-31T09:44:18","slug":"mimoskolni-aktivity","status":"publish","type":"page","link":"https:\/\/msjilove.cz\/?page_id=6397","title":{"rendered":"Mimo\u0161koln\u00ed aktivity"},"content":{"rendered":"\t\t<div data-elementor-type=\"wp-page\" data-elementor-id=\"6397\" class=\"elementor elementor-6397\">\n\t\t\t\t\t\t\t        <section class=\"elementor-section elementor-top-section elementor-element elementor-element-6b9f322 elementor-section-content-middle elementor-section-boxed elementor-section-height-default elementor-section-height-default\" data-id=\"6b9f322\" data-element_type=\"section\">\n            \n                        <div class=\"elementor-container elementor-column-gap-default \">\n                    <div class=\"elementor-column elementor-col-100 elementor-top-column elementor-element elementor-element-a95c111\" data-id=\"a95c111\" data-element_type=\"column\">\n            <div class=\"elementor-widget-wrap elementor-element-populated\">\n                        \t\t<div class=\"elementor-element elementor-element-4bff1a6 elementor-widget elementor-widget-heading\" data-id=\"4bff1a6\" data-element_type=\"widget\" data-widget_type=\"heading.default\">\n\t\t\t\t<div class=\"elementor-widget-container\">\n\t\t\t<style>\/*! elementor - v3.13.3 - 28-05-2023 *\/\n.elementor-heading-title{padding:0;margin:0;line-height:1}.elementor-widget-heading .elementor-heading-title[class*=elementor-size-]>a{color:inherit;font-size:inherit;line-height:inherit}.elementor-widget-heading .elementor-heading-title.elementor-size-small{font-size:15px}.elementor-widget-heading .elementor-heading-title.elementor-size-medium{font-size:19px}.elementor-widget-heading .elementor-heading-title.elementor-size-large{font-size:29px}.elementor-widget-heading .elementor-heading-title.elementor-size-xl{font-size:39px}.elementor-widget-heading .elementor-heading-title.elementor-size-xxl{font-size:59px}<\/style><h2 class=\"elementor-heading-title elementor-size-default\">Mimo\u0161koln\u00ed aktivity<\/h2>\t\t<\/div>\n\t\t\t\t<\/div>\n\t\t\t\t<div class=\"elementor-element elementor-element-fed4776 elementor-widget elementor-widget-spacer\" data-id=\"fed4776\" data-element_type=\"widget\" data-widget_type=\"spacer.default\">\n\t\t\t\t<div class=\"elementor-widget-container\">\n\t\t\t<style>\/*! elementor - v3.13.3 - 28-05-2023 *\/\n.elementor-column .elementor-spacer-inner{height:var(--spacer-size)}.e-con{--container-widget-width:100%}.e-con-inner>.elementor-widget-spacer,.e-con>.elementor-widget-spacer{width:var(--container-widget-width,var(--spacer-size));--align-self:var(--container-widget-align-self,initial);--flex-shrink:0}.e-con-inner>.elementor-widget-spacer>.elementor-widget-container,.e-con-inner>.elementor-widget-spacer>.elementor-widget-container>.elementor-spacer,.e-con>.elementor-widget-spacer>.elementor-widget-container,.e-con>.elementor-widget-spacer>.elementor-widget-container>.elementor-spacer{height:100%}.e-con-inner>.elementor-widget-spacer>.elementor-widget-container>.elementor-spacer>.elementor-spacer-inner,.e-con>.elementor-widget-spacer>.elementor-widget-container>.elementor-spacer>.elementor-spacer-inner{height:var(--container-widget-height,var(--spacer-size))}<\/style>\t\t<div class=\"elementor-spacer\">\n\t\t\t<div class=\"elementor-spacer-inner\"><\/div>\n\t\t<\/div>\n\t\t\t\t<\/div>\n\t\t\t\t<\/div>\n\t\t\t\t<div class=\"elementor-element elementor-element-0320b11 elementor-widget elementor-widget-cms_text_box\" data-id=\"0320b11\" data-element_type=\"widget\" data-widget_type=\"cms_text_box.default\">\n\t\t\t\t<div class=\"elementor-widget-container\">\n\t\t\t<div class=\"cms-textbox \">\r\n    \r\n            <div class=\"box-excerpt\">\r\n            Na\u0161e \u0161kolka d\u011btem nab\u00edz\u00ed rozmanit\u00fd v\u00fdb\u011br mimo\u0161koln\u00edch aktivit v odpoledn\u00edm \u010dase:        <\/div>\r\n    <\/div>\r\n\t\t<\/div>\n\t\t\t\t<\/div>\n\t\t\t\t<div class=\"elementor-element elementor-element-7bd218e elementor-widget elementor-widget-spacer\" data-id=\"7bd218e\" data-element_type=\"widget\" data-widget_type=\"spacer.default\">\n\t\t\t\t<div class=\"elementor-widget-container\">\n\t\t\t\t\t<div class=\"elementor-spacer\">\n\t\t\t<div class=\"elementor-spacer-inner\"><\/div>\n\t\t<\/div>\n\t\t\t\t<\/div>\n\t\t\t\t<\/div>\n\t\t\t\t<div class=\"elementor-element elementor-element-dd06192 elementor-widget elementor-widget-cms_heading\" data-id=\"dd06192\" data-element_type=\"widget\" data-widget_type=\"cms_heading.default\">\n\t\t\t\t<div class=\"elementor-widget-container\">\n\t\t\t<div class=\"cms-heading-wrapper cms-heading-layout1 \">\r\n    \r\n            <h3 class=\"custom-heading\">\r\n            <span                 >\r\n                \u0160ikulkov\u00e9 aneb jak se to d\u011bl\u00e1<\/span>\r\n        <\/h3>\r\n        \r\n            <div class=\"custom-heading-description\">\r\n            Rukod\u011bln\u00fd krou\u017eek, ve kter\u00e9m se d\u011bti p\u0159irozenou a hravou formou nau\u010d\u00ed zpracov\u00e1vat ovoce, vyr\u00e1b\u011bt kosmetiku, p\u00e9ct tradi\u010dn\u00ed pe\u010divo a spoustu dal\u0161\u00edch v\u011bc\u00ed. \u010cek\u00e1 n\u00e1s nap\u0159\u00edklad v\u00fdroba bylinn\u00fdch mast\u00ed a balz\u00e1m\u016f, ovocn\u00fdch a bylinn\u00fdch sirup\u016f, sv\u00ed\u010dek a sv\u00edcn\u016f, \u0161perk\u016f a dekorac\u00ed, pe\u010den\u00ed tradi\u010dn\u00edho pe\u010diva \u010di osvojen\u00ed si p\u011bstitelsk\u00fdch dovednost\u00ed. Krou\u017ekem d\u011bti provedou pan\u00ed u\u010ditelky Petra a M\u00ed\u0161a.         <\/div>\r\n    <\/div>\t\t<\/div>\n\t\t\t\t<\/div>\n\t\t\t\t<div class=\"elementor-element elementor-element-5a60247 elementor-widget elementor-widget-spacer\" data-id=\"5a60247\" data-element_type=\"widget\" data-widget_type=\"spacer.default\">\n\t\t\t\t<div class=\"elementor-widget-container\">\n\t\t\t\t\t<div class=\"elementor-spacer\">\n\t\t\t<div class=\"elementor-spacer-inner\"><\/div>\n\t\t<\/div>\n\t\t\t\t<\/div>\n\t\t\t\t<\/div>\n\t\t\t\t<div class=\"elementor-element elementor-element-b213f9c elementor-widget elementor-widget-cms_heading\" data-id=\"b213f9c\" data-element_type=\"widget\" data-widget_type=\"cms_heading.default\">\n\t\t\t\t<div class=\"elementor-widget-container\">\n\t\t\t<div class=\"cms-heading-wrapper cms-heading-layout1 \">\r\n    \r\n            <h3 class=\"custom-heading\">\r\n            <span                 >\r\n                Pup\u00e1skovy krou\u017eky <\/span>\r\n        <\/h3>\r\n        \r\n            <div class=\"custom-heading-description\">\r\n            rozv\u00edj\u00ed osvojen\u00ed z\u00e1kladn\u00edch pohybov\u00fdch dovednost\u00ed, vytv\u00e1\u0159\u00ed kladn\u00fd vztah k pohybu a l\u00e1sku ke sportu. Formou hry se d\u011bti u\u010d\u00ed spr\u00e1vn\u011b b\u011bhat, h\u00e1zet a chytat a pozn\u00e1vaj\u00ed mo\u017enosti sv\u00e9ho t\u011bla. Poskytuj\u00ed d\u011btem v\u0161estrann\u00fd pohybov\u00fd rozvoj, u\u010d\u00ed je lep\u0161\u00ed orientaci v prostoru a zdrav\u00e9 sout\u011b\u017eivosti. Spolu s tren\u00e9rem Jirkou se d\u011bti u\u010d\u00ed rozv\u00edjet spr\u00e1vn\u00e9 dr\u017een\u00ed t\u011bla a koordinaci pohybu.         <\/div>\r\n    <\/div>\t\t<\/div>\n\t\t\t\t<\/div>\n\t\t\t\t<div class=\"elementor-element elementor-element-605d9d4 elementor-widget elementor-widget-spacer\" data-id=\"605d9d4\" data-element_type=\"widget\" data-widget_type=\"spacer.default\">\n\t\t\t\t<div class=\"elementor-widget-container\">\n\t\t\t\t\t<div class=\"elementor-spacer\">\n\t\t\t<div class=\"elementor-spacer-inner\"><\/div>\n\t\t<\/div>\n\t\t\t\t<\/div>\n\t\t\t\t<\/div>\n\t\t\t\t<div class=\"elementor-element elementor-element-ba16e18 elementor-widget elementor-widget-cms_heading\" data-id=\"ba16e18\" data-element_type=\"widget\" data-widget_type=\"cms_heading.default\">\n\t\t\t\t<div class=\"elementor-widget-container\">\n\t\t\t<div class=\"cms-heading-wrapper cms-heading-layout1 \">\r\n    \r\n            <h3 class=\"custom-heading\">\r\n            <span                 >\r\n                Hrav\u00e1 angli\u010dtina <\/span>\r\n        <\/h3>\r\n        \r\n            <div class=\"custom-heading-description\">\r\n            s pan\u00ed \u0159editelkou Simonou p\u0159ipravuje d\u011bti na pozd\u011bj\u0161\u00ed setk\u00e1n\u00ed s t\u00edmto jazykem na z\u00e1kladn\u00ed \u0161kole. Seznamuje je se slovn\u00ed z\u00e1sobou, v\u00fdslovnost\u00ed a tvorbou jednoduch\u00fdch v\u011bt. D\u011bti si v\u00fdukou angli\u010dtiny tr\u00e9nuj\u00ed pam\u011b\u0165, p\u0159edstavivost, my\u0161len\u00ed a pozornost a hravou formou si osvojuj\u00ed z\u00e1kladn\u00ed pojmy, rozv\u00edj\u00ed komunika\u010dn\u00ed dovednosti a formuj\u00ed vyjad\u0159ovac\u00ed schopnosti.         <\/div>\r\n    <\/div>\t\t<\/div>\n\t\t\t\t<\/div>\n\t\t\t\t<div class=\"elementor-element elementor-element-61bf065 elementor-widget elementor-widget-spacer\" data-id=\"61bf065\" data-element_type=\"widget\" data-widget_type=\"spacer.default\">\n\t\t\t\t<div class=\"elementor-widget-container\">\n\t\t\t\t\t<div class=\"elementor-spacer\">\n\t\t\t<div class=\"elementor-spacer-inner\"><\/div>\n\t\t<\/div>\n\t\t\t\t<\/div>\n\t\t\t\t<\/div>\n\t\t\t\t<div class=\"elementor-element elementor-element-787825f elementor-widget elementor-widget-cms_heading\" data-id=\"787825f\" data-element_type=\"widget\" data-widget_type=\"cms_heading.default\">\n\t\t\t\t<div class=\"elementor-widget-container\">\n\t\t\t<div class=\"cms-heading-wrapper cms-heading-layout1 \">\r\n    \r\n            <h3 class=\"custom-heading\">\r\n            <span                 >\r\n                Zumba<\/span>\r\n        <\/h3>\r\n        \r\n            <div class=\"custom-heading-description\">\r\n            s pan\u00ed u\u010ditelkou Luckou je ide\u00e1ln\u00ed pro d\u011bti se vztahem k tanci a hudb\u011b. Jedn\u00e1 se o tane\u010dn\u00ed cvi\u010den\u00ed v latinsko \u2013 americk\u00e9m rytmu v kombinaci s prvky aerobiku. Rozv\u00edj\u00ed u d\u011bt\u00ed koordinaci, rovnov\u00e1hu, t\u00fdmovou spolupr\u00e1ci i smysl pro discipl\u00ednu. D\u011bti se u\u010d\u00ed vn\u00edmat rytmus hudby a zdokonaluj\u00ed se v pohybov\u00fdch dovednostech, na chytlavou melodii se u\u010d\u00ed jednoduch\u00e9 tane\u010dn\u00ed choreografie.         <\/div>\r\n    <\/div>\t\t<\/div>\n\t\t\t\t<\/div>\n\t\t\t\t<div class=\"elementor-element elementor-element-600eab7 elementor-widget elementor-widget-spacer\" data-id=\"600eab7\" data-element_type=\"widget\" data-widget_type=\"spacer.default\">\n\t\t\t\t<div class=\"elementor-widget-container\">\n\t\t\t\t\t<div class=\"elementor-spacer\">\n\t\t\t<div class=\"elementor-spacer-inner\"><\/div>\n\t\t<\/div>\n\t\t\t\t<\/div>\n\t\t\t\t<\/div>\n\t\t\t\t<div class=\"elementor-element elementor-element-9561bcd elementor-widget elementor-widget-cms_heading\" data-id=\"9561bcd\" data-element_type=\"widget\" data-widget_type=\"cms_heading.default\">\n\t\t\t\t<div class=\"elementor-widget-container\">\n\t\t\t<div class=\"cms-heading-wrapper cms-heading-layout1 \">\r\n    \r\n            <h3 class=\"custom-heading\">\r\n            <span                 >\r\n                D\u011btsk\u00e1 j\u00f3ga <\/span>\r\n        <\/h3>\r\n        \r\n            <div class=\"custom-heading-description\">\r\n             s pan\u00ed u\u010ditelkou Petrou vyu\u017e\u00edv\u00e1 d\u011btsk\u00e9 hravosti, p\u0159irozenosti a radosti z pohybu. Formou p\u00edsni\u010dek a b\u00e1sni\u010dek seznamuje d\u011bti se z\u00e1kladn\u00edmi \u00e1sanami, u\u010d\u00ed je koordinaci, rovnov\u00e1ze a trp\u011blivosti v prov\u00e1d\u011bn\u00ed pozic. D\u011bti se seznamuj\u00ed s relaxa\u010dn\u00edmi cvi\u010den\u00edmi, u\u010d\u00ed se c\u00edlen\u011b zklidnit a ovl\u00e1dat sv\u016fj dech a posiluj\u00ed svou sebed\u016fv\u011bru skrz radost z t\u00fdmov\u00e9ho pohybu.        <\/div>\r\n    <\/div>\t\t<\/div>\n\t\t\t\t<\/div>\n\t\t\t\t<div class=\"elementor-element elementor-element-7827fc2 elementor-widget elementor-widget-spacer\" data-id=\"7827fc2\" data-element_type=\"widget\" data-widget_type=\"spacer.default\">\n\t\t\t\t<div class=\"elementor-widget-container\">\n\t\t\t\t\t<div class=\"elementor-spacer\">\n\t\t\t<div class=\"elementor-spacer-inner\"><\/div>\n\t\t<\/div>\n\t\t\t\t<\/div>\n\t\t\t\t<\/div>\n\t\t\t\t<div class=\"elementor-element elementor-element-a4277fc elementor-widget elementor-widget-cms_heading\" data-id=\"a4277fc\" data-element_type=\"widget\" data-widget_type=\"cms_heading.default\">\n\t\t\t\t<div class=\"elementor-widget-container\">\n\t\t\t<div class=\"cms-heading-wrapper cms-heading-layout1 \">\r\n    \r\n            <h3 class=\"custom-heading\">\r\n            <span                 >\r\n                Keramika<\/span>\r\n        <\/h3>\r\n        \r\n            <div class=\"custom-heading-description\">\r\n            s pan\u00ed u\u010ditelkou Luckou a kucha\u0159kou Martinou probouz\u00ed v d\u011btech kouzlo estetick\u00e9ho c\u00edt\u011bn\u00ed a radost z vlastn\u00edho tvo\u0159en\u00ed. D\u011bti zde uplatn\u00ed svou p\u0159edstavivost, fantazii a smysl pro detail. P\u0159i pr\u00e1ci s keramickou hl\u00ednou se u d\u011bt\u00ed rozv\u00edj\u00ed jemn\u00e1 motorika, manu\u00e1ln\u00ed zru\u010dnost i my\u0161len\u00ed. D\u011bti se seznamuj\u00ed s model\u00e1\u0159sk\u00fdmi technikami a skrz vlastn\u00ed kreativitu si vytv\u00e1\u0159\u00ed vlastn\u00ed v\u00fdrobky.          <\/div>\r\n    <\/div>\t\t<\/div>\n\t\t\t\t<\/div>\n\t\t\t\t<div class=\"elementor-element elementor-element-718321d elementor-widget elementor-widget-spacer\" data-id=\"718321d\" data-element_type=\"widget\" data-widget_type=\"spacer.default\">\n\t\t\t\t<div class=\"elementor-widget-container\">\n\t\t\t\t\t<div class=\"elementor-spacer\">\n\t\t\t<div class=\"elementor-spacer-inner\"><\/div>\n\t\t<\/div>\n\t\t\t\t<\/div>\n\t\t\t\t<\/div>\n\t\t\t\t<div class=\"elementor-element elementor-element-109b096 elementor-widget elementor-widget-spacer\" data-id=\"109b096\" data-element_type=\"widget\" data-widget_type=\"spacer.default\">\n\t\t\t\t<div class=\"elementor-widget-container\">\n\t\t\t\t\t<div class=\"elementor-spacer\">\n\t\t\t<div class=\"elementor-spacer-inner\"><\/div>\n\t\t<\/div>\n\t\t\t\t<\/div>\n\t\t\t\t<\/div>\n\t\t\t\t<div class=\"elementor-element elementor-element-48fde47 elementor-widget elementor-widget-image\" data-id=\"48fde47\" data-element_type=\"widget\" data-widget_type=\"image.default\">\n\t\t\t\t<div class=\"elementor-widget-container\">\n\t\t\t<style>\/*! elementor - v3.13.3 - 28-05-2023 *\/\n.elementor-widget-image{text-align:center}.elementor-widget-image a{display:inline-block}.elementor-widget-image a img[src$=\".svg\"]{width:48px}.elementor-widget-image img{vertical-align:middle;display:inline-block}<\/style>\t\t\t\t\t\t\t\t\t\t\t\t<img decoding=\"async\" width=\"440\" height=\"246\" src=\"https:\/\/msjilove.cz\/wp-content\/uploads\/2022\/03\/children_pichand.png\" class=\"attachment-large size-large wp-image-6399\" alt=\"\" srcset=\"https:\/\/msjilove.cz\/wp-content\/uploads\/2022\/03\/children_pichand.png 440w, https:\/\/msjilove.cz\/wp-content\/uploads\/2022\/03\/children_pichand-300x168.png 300w\" sizes=\"(max-width: 440px) 100vw, 440px\" \/>\t\t\t\t\t\t\t\t\t\t\t\t\t\t\t<\/div>\n\t\t\t\t<\/div>\n\t\t\t\t<div class=\"elementor-element elementor-element-eefa66c elementor-widget elementor-widget-spacer\" data-id=\"eefa66c\" data-element_type=\"widget\" data-widget_type=\"spacer.default\">\n\t\t\t\t<div class=\"elementor-widget-container\">\n\t\t\t\t\t<div class=\"elementor-spacer\">\n\t\t\t<div class=\"elementor-spacer-inner\"><\/div>\n\t\t<\/div>\n\t\t\t\t<\/div>\n\t\t\t\t<\/div>\n\t\t\t\t<div class=\"elementor-element elementor-element-5f3ffc6 elementor-widget elementor-widget-cms_heading\" data-id=\"5f3ffc6\" data-element_type=\"widget\" data-widget_type=\"cms_heading.default\">\n\t\t\t\t<div class=\"elementor-widget-container\">\n\t\t\t<div class=\"cms-heading-wrapper cms-heading-layout1 \">\r\n    \r\n            <h3 class=\"custom-heading\">\r\n            <span                 >\r\n                Hudebn\u011b, pohybov\u011b dramatick\u00fd krou\u017eek<\/span>\r\n        <\/h3>\r\n        \r\n            <div class=\"custom-heading-description\">\r\n            V tomto kurzu se d\u011bti mohou t\u011b\u0161it na propojen\u00ed hudby, zp\u011bvu, rytmu i pohybu s jednoduch\u00fdmi divadeln\u00edmi prvky a metodami dramatick\u00e9 v\u00fdchovy. D\u011bti si vyzkou\u0161\u00ed strukturovanou pr\u00e1ci dle liter\u00e1rn\u00ed p\u0159edlohy \u2013 zaj\u00edmav\u00e9ho p\u0159\u00edb\u011bhu, ale i improvizaci na spole\u010dn\u011b vybran\u00e9 t\u00e9ma.\n Ka\u017ed\u00e9 d\u00edt\u011b je nastaveno trochu jinak, n\u011bkomu je p\u0159\u00edjemn\u011bj\u0161\u00ed vyj\u00e1d\u0159it v\u0161e pohybem, jin\u00e9mu hudbou, dal\u0161\u00ed to rad\u011bji rovnou vyslov\u00ed a n\u011bkdo pou\u017eije rad\u011bji z\u00e1stupnou rekvizitu. To se tak\u00e9 m\u011bn\u00ed lekci od lekce. Je pro m\u011b d\u016fle\u017eit\u00e9, aby se d\u011bti c\u00edtily bezpe\u010dn\u011b a p\u0159\u00edjemn\u011b a aby si vyzkou\u0161ely i n\u011bco nov\u00e9ho a hravou formou se pustily do n\u011b\u010deho, na co by si t\u0159eba b\u011b\u017en\u011b netroufly. Z\u00e1kladem je stmelen\u00ed skupiny a vz\u00e1jemn\u00e1 podpora a ur\u010dit\u011b uvoln\u011bn\u00ed a z\u00e1bava.\n        <\/div>\r\n    <\/div>\t\t<\/div>\n\t\t\t\t<\/div>\n\t\t\t\t<div class=\"elementor-element elementor-element-c06f5eb elementor-widget elementor-widget-image\" data-id=\"c06f5eb\" data-element_type=\"widget\" data-widget_type=\"image.default\">\n\t\t\t\t<div class=\"elementor-widget-container\">\n\t\t\t\t\t\t\t\t\t\t\t\t\t\t\t<img decoding=\"async\" width=\"379\" height=\"278\" src=\"https:\/\/msjilove.cz\/wp-content\/uploads\/2022\/09\/maobr1.jpg\" class=\"attachment-large size-large wp-image-10219\" alt=\"\" srcset=\"https:\/\/msjilove.cz\/wp-content\/uploads\/2022\/09\/maobr1.jpg 379w, https:\/\/msjilove.cz\/wp-content\/uploads\/2022\/09\/maobr1-300x220.jpg 300w\" sizes=\"(max-width: 379px) 100vw, 379px\" \/>\t\t\t\t\t\t\t\t\t\t\t\t\t\t\t<\/div>\n\t\t\t\t<\/div>\n\t\t\t\t<div class=\"elementor-element elementor-element-bbf5096 elementor-widget elementor-widget-spacer\" data-id=\"bbf5096\" data-element_type=\"widget\" data-widget_type=\"spacer.default\">\n\t\t\t\t<div class=\"elementor-widget-container\">\n\t\t\t\t\t<div class=\"elementor-spacer\">\n\t\t\t<div class=\"elementor-spacer-inner\"><\/div>\n\t\t<\/div>\n\t\t\t\t<\/div>\n\t\t\t\t<\/div>\n\t\t            <\/div>\n        <\/div>\n                            <\/div>\n        <\/section>\n        \t\t\t\t\t<\/div>\n\t\t","protected":false},"excerpt":{"rendered":"<p>Mimo\u0161koln\u00ed aktivity Na\u0161e \u0161kolka d\u011btem nab\u00edz\u00ed rozmanit\u00fd v\u00fdb\u011br mimo\u0161koln\u00edch aktivit v odpoledn\u00edm \u010dase: \u0160ikulkov\u00e9 aneb jak se to d\u011bl\u00e1 Rukod\u011bln\u00fd krou\u017eek, ve kter\u00e9m se d\u011bti p\u0159irozenou a hravou formou nau\u010d\u00ed [&hellip;]<\/p>\n","protected":false},"author":1,"featured_media":0,"parent":0,"menu_order":0,"comment_status":"closed","ping_status":"closed","template":"","meta":{"footnotes":""},"class_list":["post-6397","page","type-page","status-publish","hentry"],"_links":{"self":[{"href":"https:\/\/msjilove.cz\/index.php?rest_route=\/wp\/v2\/pages\/6397","targetHints":{"allow":["GET"]}}],"collection":[{"href":"https:\/\/msjilove.cz\/index.php?rest_route=\/wp\/v2\/pages"}],"about":[{"href":"https:\/\/msjilove.cz\/index.php?rest_route=\/wp\/v2\/types\/page"}],"author":[{"embeddable":true,"href":"https:\/\/msjilove.cz\/index.php?rest_route=\/wp\/v2\/users\/1"}],"replies":[{"embeddable":true,"href":"https:\/\/msjilove.cz\/index.php?rest_route=%2Fwp%2Fv2%2Fcomments&post=6397"}],"version-history":[{"count":22,"href":"https:\/\/msjilove.cz\/index.php?rest_route=\/wp\/v2\/pages\/6397\/revisions"}],"predecessor-version":[{"id":32989,"href":"https:\/\/msjilove.cz\/index.php?rest_route=\/wp\/v2\/pages\/6397\/revisions\/32989"}],"wp:attachment":[{"href":"https:\/\/msjilove.cz\/index.php?rest_route=%2Fwp%2Fv2%2Fmedia&parent=6397"}],"curies":[{"name":"wp","href":"https:\/\/api.w.org\/{rel}","templated":true}]}}