{"id":6485,"date":"2022-03-28T17:21:12","date_gmt":"2022-03-28T15:21:12","guid":{"rendered":"https:\/\/www.msjilove.cz\/?page_id=6485"},"modified":"2026-01-19T09:36:57","modified_gmt":"2026-01-19T08:36:57","slug":"den-otevrenych-dveri-2026","status":"publish","type":"page","link":"https:\/\/msjilove.cz\/?page_id=6485","title":{"rendered":"Den otev\u0159en\u00fdch dve\u0159\u00ed 2026"},"content":{"rendered":"\t\t<div data-elementor-type=\"wp-page\" data-elementor-id=\"6485\" class=\"elementor elementor-6485\">\n\t\t\t\t\t\t\t        <section class=\"elementor-section elementor-top-section elementor-element elementor-element-6b9f322 elementor-section-content-middle elementor-section-boxed elementor-section-height-default elementor-section-height-default\" data-id=\"6b9f322\" data-element_type=\"section\">\n            \n                        <div class=\"elementor-container elementor-column-gap-default \">\n                    <div class=\"elementor-column elementor-col-50 elementor-top-column elementor-element elementor-element-a95c111\" data-id=\"a95c111\" data-element_type=\"column\">\n            <div class=\"elementor-widget-wrap elementor-element-populated\">\n                        \t\t<div class=\"elementor-element elementor-element-69cff0c elementor-widget elementor-widget-cms_heading\" data-id=\"69cff0c\" data-element_type=\"widget\" data-widget_type=\"cms_heading.default\">\n\t\t\t\t<div class=\"elementor-widget-container\">\n\t\t\t<div class=\"cms-heading-wrapper cms-heading-layout1 \">\r\n    \r\n            <h3 class=\"custom-heading\">\r\n            <a href=\"https:\/\/www.msjilove.cz\/wp-content\/uploads\/2025\/01\/ms_dod_2025-724x1024.jpg\" target=\"_blank\"                >\r\n                Den otev\u0159en\u00fdch dve\u0159\u00ed 2026<\/a>\r\n        <\/h3>\r\n        \r\n            <div class=\"custom-heading-description\">\r\n            V\u00e1\u017een\u00ed rodi\u010de a mil\u00e9 d\u011bti,\nMate\u0159sk\u00e1 \u0161kola J\u00edlov\u00e9 u Prahy V\u00e1s zve\nna DEN OTEV\u0158EN\u00ddCH DVE\u0158\u00cd\ndo M\u0160 Pod \u0160kolkou a M\u0160 Tyr\u0161ova\ndne 4. 3. 2026 v 10h a v 15h        <\/div>\r\n    <\/div>\t\t<\/div>\n\t\t\t\t<\/div>\n\t\t\t\t<div class=\"elementor-element elementor-element-6eeeb09 elementor-widget elementor-widget-spacer\" data-id=\"6eeeb09\" data-element_type=\"widget\" data-widget_type=\"spacer.default\">\n\t\t\t\t<div class=\"elementor-widget-container\">\n\t\t\t<style>\/*! elementor - v3.13.3 - 28-05-2023 *\/\n.elementor-column .elementor-spacer-inner{height:var(--spacer-size)}.e-con{--container-widget-width:100%}.e-con-inner>.elementor-widget-spacer,.e-con>.elementor-widget-spacer{width:var(--container-widget-width,var(--spacer-size));--align-self:var(--container-widget-align-self,initial);--flex-shrink:0}.e-con-inner>.elementor-widget-spacer>.elementor-widget-container,.e-con-inner>.elementor-widget-spacer>.elementor-widget-container>.elementor-spacer,.e-con>.elementor-widget-spacer>.elementor-widget-container,.e-con>.elementor-widget-spacer>.elementor-widget-container>.elementor-spacer{height:100%}.e-con-inner>.elementor-widget-spacer>.elementor-widget-container>.elementor-spacer>.elementor-spacer-inner,.e-con>.elementor-widget-spacer>.elementor-widget-container>.elementor-spacer>.elementor-spacer-inner{height:var(--container-widget-height,var(--spacer-size))}<\/style>\t\t<div class=\"elementor-spacer\">\n\t\t\t<div class=\"elementor-spacer-inner\"><\/div>\n\t\t<\/div>\n\t\t\t\t<\/div>\n\t\t\t\t<\/div>\n\t\t            <\/div>\n        <\/div>\n                <div class=\"elementor-column elementor-col-50 elementor-top-column elementor-element elementor-element-d186322\" data-id=\"d186322\" data-element_type=\"column\">\n            <div class=\"elementor-widget-wrap elementor-element-populated\">\n                        \t\t<div class=\"elementor-element elementor-element-10f0ecd elementor-widget elementor-widget-cms_images_gallery\" data-id=\"10f0ecd\" data-element_type=\"widget\" data-widget_type=\"cms_images_gallery.default\">\n\t\t\t\t<div class=\"elementor-widget-container\">\n\t\t\t    <div id=\"cms_images_gallery-10f0ecd\" class=\"cms-classes-gallery cms-slick-slider \">\r\n        <div class=\"classes-inner\">\r\n            <div class=\"classes-carousel-inner\">\r\n                <div class=\"cms-slick-primary\">\r\n                    <div id=\"append-arrows-cms_images_gallery-10f0ecd\" class=\"append-arrows-custom\"><\/div>\r\n                    <div class=\"cms-slick-carousel\" data-arrows=\"true\" data-dots=\"\" data-pauseOnHover=\"\" data-autoplay=\"true\" data-autoplaySpeed=\"5000\" data-infinite=\"0\" data-speed=\"500\" data-slidesToShow=\"true\" data-slidesToShowTablet=\"true\" data-slidesToShowMobile=\"true\" data-slidesToScroll=\"true\" data-slidesToScrollTablet=\"true\" data-slidesToScrollMobile=\"true\" data-appendArrows=\"#append-arrows-cms_images_gallery-10f0ecd\">\r\n                                                    <div class=\"slick-slide\">\r\n                                                                    <div class=\"classes-image\">\r\n                                        <img decoding=\"async\" width=\"500\" height=\"234\" src=\"https:\/\/msjilove.cz\/wp-content\/uploads\/2020\/08\/programs-bg-title.jpg\" class=\"attachment-author-avatar\" alt=\"\" \/>                                    <\/div>\r\n                                                            <\/div>\r\n                                            <\/div>\r\n                <\/div>\r\n                            <\/div>\r\n        <\/div>\r\n    <\/div>\r\n\t\t<\/div>\n\t\t\t\t<\/div>\n\t\t            <\/div>\n        <\/div>\n                            <\/div>\n        <\/section>\n                <section class=\"elementor-section elementor-top-section elementor-element elementor-element-d4b15e5 elementor-section-boxed elementor-section-height-default elementor-section-height-default\" data-id=\"d4b15e5\" data-element_type=\"section\">\n            \n                        <div class=\"elementor-container elementor-column-gap-default \">\n                    <div class=\"elementor-column elementor-col-100 elementor-top-column elementor-element elementor-element-032707a\" data-id=\"032707a\" data-element_type=\"column\">\n            <div class=\"elementor-widget-wrap elementor-element-populated\">\n                        \t\t<div class=\"elementor-element elementor-element-37d991d elementor-widget elementor-widget-image\" data-id=\"37d991d\" data-element_type=\"widget\" data-widget_type=\"image.default\">\n\t\t\t\t<div class=\"elementor-widget-container\">\n\t\t\t<style>\/*! elementor - v3.13.3 - 28-05-2023 *\/\n.elementor-widget-image{text-align:center}.elementor-widget-image a{display:inline-block}.elementor-widget-image a img[src$=\".svg\"]{width:48px}.elementor-widget-image img{vertical-align:middle;display:inline-block}<\/style>\t\t\t\t\t\t\t\t\t\t\t\t<img decoding=\"async\" width=\"640\" height=\"905\" src=\"https:\/\/msjilove.cz\/wp-content\/uploads\/2026\/01\/den_otevrenych_dveri_2026-724x1024.jpg\" class=\"attachment-large size-large wp-image-37439\" alt=\"\" srcset=\"https:\/\/msjilove.cz\/wp-content\/uploads\/2026\/01\/den_otevrenych_dveri_2026-724x1024.jpg 724w, https:\/\/msjilove.cz\/wp-content\/uploads\/2026\/01\/den_otevrenych_dveri_2026-212x300.jpg 212w, https:\/\/msjilove.cz\/wp-content\/uploads\/2026\/01\/den_otevrenych_dveri_2026-768x1086.jpg 768w, https:\/\/msjilove.cz\/wp-content\/uploads\/2026\/01\/den_otevrenych_dveri_2026.jpg 902w\" sizes=\"(max-width: 640px) 100vw, 640px\" \/>\t\t\t\t\t\t\t\t\t\t\t\t\t\t\t<\/div>\n\t\t\t\t<\/div>\n\t\t            <\/div>\n        <\/div>\n                            <\/div>\n        <\/section>\n        \t\t\t\t\t<\/div>\n\t\t","protected":false},"excerpt":{"rendered":"<p>Den otev\u0159en\u00fdch dve\u0159\u00ed 2026 V\u00e1\u017een\u00ed rodi\u010de a mil\u00e9 d\u011bti, Mate\u0159sk\u00e1 \u0161kola J\u00edlov\u00e9 u Prahy V\u00e1s zve na DEN OTEV\u0158EN\u00ddCH DVE\u0158\u00cd do M\u0160 Pod \u0160kolkou a M\u0160 Tyr\u0161ova dne 4. 3. [&hellip;]<\/p>\n","protected":false},"author":1,"featured_media":0,"parent":0,"menu_order":0,"comment_status":"closed","ping_status":"closed","template":"","meta":{"footnotes":""},"class_list":["post-6485","page","type-page","status-publish","hentry"],"_links":{"self":[{"href":"https:\/\/msjilove.cz\/index.php?rest_route=\/wp\/v2\/pages\/6485","targetHints":{"allow":["GET"]}}],"collection":[{"href":"https:\/\/msjilove.cz\/index.php?rest_route=\/wp\/v2\/pages"}],"about":[{"href":"https:\/\/msjilove.cz\/index.php?rest_route=\/wp\/v2\/types\/page"}],"author":[{"embeddable":true,"href":"https:\/\/msjilove.cz\/index.php?rest_route=\/wp\/v2\/users\/1"}],"replies":[{"embeddable":true,"href":"https:\/\/msjilove.cz\/index.php?rest_route=%2Fwp%2Fv2%2Fcomments&post=6485"}],"version-history":[{"count":38,"href":"https:\/\/msjilove.cz\/index.php?rest_route=\/wp\/v2\/pages\/6485\/revisions"}],"predecessor-version":[{"id":37445,"href":"https:\/\/msjilove.cz\/index.php?rest_route=\/wp\/v2\/pages\/6485\/revisions\/37445"}],"wp:attachment":[{"href":"https:\/\/msjilove.cz\/index.php?rest_route=%2Fwp%2Fv2%2Fmedia&parent=6485"}],"curies":[{"name":"wp","href":"https:\/\/api.w.org\/{rel}","templated":true}]}}