{"id":8698,"date":"2022-05-30T12:09:48","date_gmt":"2022-05-30T10:09:48","guid":{"rendered":"https:\/\/www.msjilove.cz\/?page_id=8698"},"modified":"2026-04-14T14:40:11","modified_gmt":"2026-04-14T12:40:11","slug":"vysledky-prijimaciho-rizeni-2026","status":"publish","type":"page","link":"https:\/\/msjilove.cz\/?page_id=8698","title":{"rendered":"V\u00fdsledky p\u0159ij\u00edmac\u00edho \u0159\u00edzen\u00ed 2026"},"content":{"rendered":"\t\t<div data-elementor-type=\"wp-page\" data-elementor-id=\"8698\" class=\"elementor elementor-8698\">\n\t\t\t\t\t\t\t        <section class=\"elementor-section elementor-top-section elementor-element elementor-element-01d1311 elementor-section-boxed elementor-section-height-default elementor-section-height-default\" data-id=\"01d1311\" data-element_type=\"section\">\n            \n                        <div class=\"elementor-container elementor-column-gap-default \">\n                    <div class=\"elementor-column elementor-col-100 elementor-top-column elementor-element elementor-element-f67195e\" data-id=\"f67195e\" data-element_type=\"column\">\n            <div class=\"elementor-widget-wrap elementor-element-populated\">\n                        \t\t<div class=\"elementor-element elementor-element-8fab2d3 elementor-widget elementor-widget-spacer\" data-id=\"8fab2d3\" data-element_type=\"widget\" data-widget_type=\"spacer.default\">\n\t\t\t\t<div class=\"elementor-widget-container\">\n\t\t\t<style>\/*! elementor - v3.13.3 - 28-05-2023 *\/\n.elementor-column .elementor-spacer-inner{height:var(--spacer-size)}.e-con{--container-widget-width:100%}.e-con-inner>.elementor-widget-spacer,.e-con>.elementor-widget-spacer{width:var(--container-widget-width,var(--spacer-size));--align-self:var(--container-widget-align-self,initial);--flex-shrink:0}.e-con-inner>.elementor-widget-spacer>.elementor-widget-container,.e-con-inner>.elementor-widget-spacer>.elementor-widget-container>.elementor-spacer,.e-con>.elementor-widget-spacer>.elementor-widget-container,.e-con>.elementor-widget-spacer>.elementor-widget-container>.elementor-spacer{height:100%}.e-con-inner>.elementor-widget-spacer>.elementor-widget-container>.elementor-spacer>.elementor-spacer-inner,.e-con>.elementor-widget-spacer>.elementor-widget-container>.elementor-spacer>.elementor-spacer-inner{height:var(--container-widget-height,var(--spacer-size))}<\/style>\t\t<div class=\"elementor-spacer\">\n\t\t\t<div class=\"elementor-spacer-inner\"><\/div>\n\t\t<\/div>\n\t\t\t\t<\/div>\n\t\t\t\t<\/div>\n\t\t\t\t<div class=\"elementor-element elementor-element-9274dbb elementor-widget elementor-widget-heading\" data-id=\"9274dbb\" data-element_type=\"widget\" data-widget_type=\"heading.default\">\n\t\t\t\t<div class=\"elementor-widget-container\">\n\t\t\t<style>\/*! elementor - v3.13.3 - 28-05-2023 *\/\n.elementor-heading-title{padding:0;margin:0;line-height:1}.elementor-widget-heading .elementor-heading-title[class*=elementor-size-]>a{color:inherit;font-size:inherit;line-height:inherit}.elementor-widget-heading .elementor-heading-title.elementor-size-small{font-size:15px}.elementor-widget-heading .elementor-heading-title.elementor-size-medium{font-size:19px}.elementor-widget-heading .elementor-heading-title.elementor-size-large{font-size:29px}.elementor-widget-heading .elementor-heading-title.elementor-size-xl{font-size:39px}.elementor-widget-heading .elementor-heading-title.elementor-size-xxl{font-size:59px}<\/style><h2 class=\"elementor-heading-title elementor-size-default\">V\u00fdsledky p\u0159ij\u00edmac\u00edho \u0159\u00edzen\u00ed na \u0161koln\u00ed rok 2026\/27<\/h2>\t\t<\/div>\n\t\t\t\t<\/div>\n\t\t            <\/div>\n        <\/div>\n                            <\/div>\n        <\/section>\n                <section class=\"elementor-section elementor-top-section elementor-element elementor-element-996b93d elementor-section-boxed elementor-section-height-default elementor-section-height-default\" data-id=\"996b93d\" data-element_type=\"section\">\n            \n                        <div class=\"elementor-container elementor-column-gap-default \">\n                    <div class=\"elementor-column elementor-col-100 elementor-top-column elementor-element elementor-element-4588ea6\" data-id=\"4588ea6\" data-element_type=\"column\">\n            <div class=\"elementor-widget-wrap elementor-element-populated\">\n                        \t\t<div class=\"elementor-element elementor-element-7b4ae4a elementor-widget elementor-widget-text-editor\" data-id=\"7b4ae4a\" data-element_type=\"widget\" data-widget_type=\"text-editor.default\">\n\t\t\t\t<div class=\"elementor-widget-container\">\n\t\t\t<style>\/*! elementor - v3.13.3 - 28-05-2023 *\/\n.elementor-widget-text-editor.elementor-drop-cap-view-stacked .elementor-drop-cap{background-color:#69727d;color:#fff}.elementor-widget-text-editor.elementor-drop-cap-view-framed .elementor-drop-cap{color:#69727d;border:3px solid;background-color:transparent}.elementor-widget-text-editor:not(.elementor-drop-cap-view-default) .elementor-drop-cap{margin-top:8px}.elementor-widget-text-editor:not(.elementor-drop-cap-view-default) .elementor-drop-cap-letter{width:1em;height:1em}.elementor-widget-text-editor .elementor-drop-cap{float:left;text-align:center;line-height:1;font-size:50px}.elementor-widget-text-editor .elementor-drop-cap-letter{display:inline-block}<\/style>\t\t\t\t\t\t\t\t\t\t<\/div>\n\t\t\t\t<\/div>\n\t\t\t\t<div class=\"elementor-element elementor-element-259bab1 elementor-widget elementor-widget-spacer\" data-id=\"259bab1\" data-element_type=\"widget\" data-widget_type=\"spacer.default\">\n\t\t\t\t<div class=\"elementor-widget-container\">\n\t\t\t\t\t<div class=\"elementor-spacer\">\n\t\t\t<div class=\"elementor-spacer-inner\"><\/div>\n\t\t<\/div>\n\t\t\t\t<\/div>\n\t\t\t\t<\/div>\n\t\t\t\t<div class=\"elementor-element elementor-element-71f47ad elementor-widget elementor-widget-cms_text_editor\" data-id=\"71f47ad\" data-element_type=\"widget\" data-widget_type=\"cms_text_editor.default\">\n\t\t\t\t<div class=\"elementor-widget-container\">\n\t\t\t    <div class=\"elementor-text-editor elementor-clearfix \"><\/div>\t\t<\/div>\n\t\t\t\t<\/div>\n\t\t            <\/div>\n        <\/div>\n                            <\/div>\n        <\/section>\n                <section class=\"elementor-section elementor-top-section elementor-element elementor-element-31e9602 elementor-section-boxed elementor-section-height-default elementor-section-height-default\" data-id=\"31e9602\" data-element_type=\"section\">\n            \n                        <div class=\"elementor-container elementor-column-gap-default \">\n                    <div class=\"elementor-column elementor-col-100 elementor-top-column elementor-element elementor-element-2cf2881\" data-id=\"2cf2881\" data-element_type=\"column\">\n            <div class=\"elementor-widget-wrap elementor-element-populated\">\n                                <section class=\"elementor-section elementor-inner-section elementor-element elementor-element-7d4c739 elementor-section-boxed elementor-section-height-default elementor-section-height-default\" data-id=\"7d4c739\" data-element_type=\"section\">\n            \n                        <div class=\"elementor-container elementor-column-gap-default \">\n                    <div class=\"elementor-column elementor-col-50 elementor-inner-column elementor-element elementor-element-0e6b29d\" data-id=\"0e6b29d\" data-element_type=\"column\">\n            <div class=\"elementor-widget-wrap elementor-element-populated\">\n                        \t\t<div class=\"elementor-element elementor-element-b4be294 elementor-widget elementor-widget-cms_image_single\" data-id=\"b4be294\" data-element_type=\"widget\" data-widget_type=\"cms_image_single.default\">\n\t\t\t\t<div class=\"elementor-widget-container\">\n\t\t\t<div class=\"cms-image-single animation-none \">\r\n            <div class=\"cms-img-box\">\r\n                            <img decoding=\"async\" width=\"1654\" height=\"2340\" src=\"https:\/\/msjilove.cz\/wp-content\/uploads\/2026\/04\/zapis_2026_Stranka_1.jpg\" class=\"attachment-full size-full wp-image-37670\" alt=\"\" srcset=\"https:\/\/msjilove.cz\/wp-content\/uploads\/2026\/04\/zapis_2026_Stranka_1.jpg 1654w, https:\/\/msjilove.cz\/wp-content\/uploads\/2026\/04\/zapis_2026_Stranka_1-212x300.jpg 212w, https:\/\/msjilove.cz\/wp-content\/uploads\/2026\/04\/zapis_2026_Stranka_1-724x1024.jpg 724w, https:\/\/msjilove.cz\/wp-content\/uploads\/2026\/04\/zapis_2026_Stranka_1-768x1087.jpg 768w, https:\/\/msjilove.cz\/wp-content\/uploads\/2026\/04\/zapis_2026_Stranka_1-1086x1536.jpg 1086w, https:\/\/msjilove.cz\/wp-content\/uploads\/2026\/04\/zapis_2026_Stranka_1-1448x2048.jpg 1448w, https:\/\/msjilove.cz\/wp-content\/uploads\/2026\/04\/zapis_2026_Stranka_1-1320x1867.jpg 1320w\" sizes=\"(max-width: 1654px) 100vw, 1654px\" \/>                    <\/div>\r\n    <\/div>\t\t<\/div>\n\t\t\t\t<\/div>\n\t\t            <\/div>\n        <\/div>\n                <div class=\"elementor-column elementor-col-50 elementor-inner-column elementor-element elementor-element-3627873\" data-id=\"3627873\" data-element_type=\"column\">\n            <div class=\"elementor-widget-wrap elementor-element-populated\">\n                        \t\t<div class=\"elementor-element elementor-element-a82dd30 elementor-widget elementor-widget-cms_image_single\" data-id=\"a82dd30\" data-element_type=\"widget\" data-widget_type=\"cms_image_single.default\">\n\t\t\t\t<div class=\"elementor-widget-container\">\n\t\t\t<div class=\"cms-image-single animation-none \">\r\n            <div class=\"cms-img-box\">\r\n                            <img decoding=\"async\" width=\"1654\" height=\"2340\" src=\"https:\/\/msjilove.cz\/wp-content\/uploads\/2026\/04\/zapis_2026_Stranka_2.jpg\" class=\"attachment-full size-full wp-image-37671\" alt=\"\" srcset=\"https:\/\/msjilove.cz\/wp-content\/uploads\/2026\/04\/zapis_2026_Stranka_2.jpg 1654w, https:\/\/msjilove.cz\/wp-content\/uploads\/2026\/04\/zapis_2026_Stranka_2-212x300.jpg 212w, https:\/\/msjilove.cz\/wp-content\/uploads\/2026\/04\/zapis_2026_Stranka_2-724x1024.jpg 724w, https:\/\/msjilove.cz\/wp-content\/uploads\/2026\/04\/zapis_2026_Stranka_2-768x1087.jpg 768w, https:\/\/msjilove.cz\/wp-content\/uploads\/2026\/04\/zapis_2026_Stranka_2-1086x1536.jpg 1086w, https:\/\/msjilove.cz\/wp-content\/uploads\/2026\/04\/zapis_2026_Stranka_2-1448x2048.jpg 1448w, https:\/\/msjilove.cz\/wp-content\/uploads\/2026\/04\/zapis_2026_Stranka_2-1320x1867.jpg 1320w\" sizes=\"(max-width: 1654px) 100vw, 1654px\" \/>                    <\/div>\r\n    <\/div>\t\t<\/div>\n\t\t\t\t<\/div>\n\t\t            <\/div>\n        <\/div>\n                            <\/div>\n        <\/section>\n                    <\/div>\n        <\/div>\n                            <\/div>\n        <\/section>\n                <section class=\"elementor-section elementor-top-section elementor-element elementor-element-0d16822 elementor-section-boxed elementor-section-height-default elementor-section-height-default\" data-id=\"0d16822\" data-element_type=\"section\">\n            \n                        <div class=\"elementor-container elementor-column-gap-default \">\n                    <div class=\"elementor-column elementor-col-100 elementor-top-column elementor-element elementor-element-8d5a7ec\" data-id=\"8d5a7ec\" data-element_type=\"column\">\n            <div class=\"elementor-widget-wrap elementor-element-populated\">\n                                <section class=\"elementor-section elementor-inner-section elementor-element elementor-element-be6f16b elementor-section-content-middle elementor-section-boxed elementor-section-height-default elementor-section-height-default\" data-id=\"be6f16b\" data-element_type=\"section\">\n            \n                        <div class=\"elementor-container elementor-column-gap-default \">\n                    <div class=\"elementor-column elementor-col-100 elementor-inner-column elementor-element elementor-element-0290c21\" data-id=\"0290c21\" data-element_type=\"column\">\n            <div class=\"elementor-widget-wrap elementor-element-populated\">\n                        \t\t<div class=\"elementor-element elementor-element-824939e elementor-widget__width-initial elementor-widget elementor-widget-cms_image_single\" data-id=\"824939e\" data-element_type=\"widget\" data-widget_type=\"cms_image_single.default\">\n\t\t\t\t<div class=\"elementor-widget-container\">\n\t\t\t<div class=\"cms-image-single animation-none \">\r\n            <div class=\"cms-img-box\">\r\n                            <img decoding=\"async\" width=\"1654\" height=\"2340\" src=\"https:\/\/msjilove.cz\/wp-content\/uploads\/2026\/04\/zapis_2026_Stranka_3.jpg\" class=\"attachment-full size-full wp-image-37672\" alt=\"\" srcset=\"https:\/\/msjilove.cz\/wp-content\/uploads\/2026\/04\/zapis_2026_Stranka_3.jpg 1654w, https:\/\/msjilove.cz\/wp-content\/uploads\/2026\/04\/zapis_2026_Stranka_3-212x300.jpg 212w, https:\/\/msjilove.cz\/wp-content\/uploads\/2026\/04\/zapis_2026_Stranka_3-724x1024.jpg 724w, https:\/\/msjilove.cz\/wp-content\/uploads\/2026\/04\/zapis_2026_Stranka_3-768x1087.jpg 768w, https:\/\/msjilove.cz\/wp-content\/uploads\/2026\/04\/zapis_2026_Stranka_3-1086x1536.jpg 1086w, https:\/\/msjilove.cz\/wp-content\/uploads\/2026\/04\/zapis_2026_Stranka_3-1448x2048.jpg 1448w, https:\/\/msjilove.cz\/wp-content\/uploads\/2026\/04\/zapis_2026_Stranka_3-1320x1867.jpg 1320w\" sizes=\"(max-width: 1654px) 100vw, 1654px\" \/>                    <\/div>\r\n    <\/div>\t\t<\/div>\n\t\t\t\t<\/div>\n\t\t            <\/div>\n        <\/div>\n                            <\/div>\n        <\/section>\n                    <\/div>\n        <\/div>\n                            <\/div>\n        <\/section>\n        \t\t\t\t\t<\/div>\n\t\t","protected":false},"excerpt":{"rendered":"<p>V\u00fdsledky p\u0159ij\u00edmac\u00edho \u0159\u00edzen\u00ed na \u0161koln\u00ed rok 2026\/27<\/p>\n","protected":false},"author":1,"featured_media":0,"parent":0,"menu_order":0,"comment_status":"closed","ping_status":"closed","template":"","meta":{"footnotes":""},"class_list":["post-8698","page","type-page","status-publish","hentry"],"_links":{"self":[{"href":"https:\/\/msjilove.cz\/index.php?rest_route=\/wp\/v2\/pages\/8698","targetHints":{"allow":["GET"]}}],"collection":[{"href":"https:\/\/msjilove.cz\/index.php?rest_route=\/wp\/v2\/pages"}],"about":[{"href":"https:\/\/msjilove.cz\/index.php?rest_route=\/wp\/v2\/types\/page"}],"author":[{"embeddable":true,"href":"https:\/\/msjilove.cz\/index.php?rest_route=\/wp\/v2\/users\/1"}],"replies":[{"embeddable":true,"href":"https:\/\/msjilove.cz\/index.php?rest_route=%2Fwp%2Fv2%2Fcomments&post=8698"}],"version-history":[{"count":74,"href":"https:\/\/msjilove.cz\/index.php?rest_route=\/wp\/v2\/pages\/8698\/revisions"}],"predecessor-version":[{"id":37678,"href":"https:\/\/msjilove.cz\/index.php?rest_route=\/wp\/v2\/pages\/8698\/revisions\/37678"}],"wp:attachment":[{"href":"https:\/\/msjilove.cz\/index.php?rest_route=%2Fwp%2Fv2%2Fmedia&parent=8698"}],"curies":[{"name":"wp","href":"https:\/\/api.w.org\/{rel}","templated":true}]}}